{"id":18514,"date":"2025-01-16T19:55:02","date_gmt":"2025-01-16T17:55:02","guid":{"rendered":"https:\/\/sportsclubtour.com\/?page_id=18514"},"modified":"2026-04-14T19:04:48","modified_gmt":"2026-04-14T17:04:48","slug":"data-privacy-rights-request","status":"publish","type":"page","link":"https:\/\/sportsclubtour.com\/da\/data-privacy-rights-request\/","title":{"rendered":"GDPR Anmodninger om databeskyttelse og rettigheder"},"content":{"rendered":"<div data-elementor-type=\"wp-page\" data-elementor-id=\"18514\" class=\"elementor elementor-18514\" data-elementor-post-type=\"page\">\n\t\t\t\t\t\t<section class=\"elementor-section elementor-top-section elementor-element elementor-element-f303061 elementor-section-stretched elementor-section-boxed elementor-section-height-default elementor-section-height-default\" data-id=\"f303061\" data-element_type=\"section\" data-e-type=\"section\" data-settings=\"{&quot;stretch_section&quot;:&quot;section-stretched&quot;}\">\n\t\t\t\t\t\t<div class=\"elementor-container elementor-column-gap-default\">\n\t\t\t\t\t<div class=\"elementor-column elementor-col-100 elementor-top-column elementor-element elementor-element-5082b2e\" data-id=\"5082b2e\" data-element_type=\"column\" data-e-type=\"column\">\n\t\t\t<div class=\"elementor-widget-wrap elementor-element-populated\">\n\t\t\t\t\t\t<div class=\"elementor-element elementor-element-6ad22c5 elementor-widget elementor-widget-heading\" data-id=\"6ad22c5\" data-element_type=\"widget\" data-e-type=\"widget\" data-widget_type=\"heading.default\">\n\t\t\t\t<div class=\"elementor-widget-container\">\n\t\t\t\t\t<h2 class=\"elementor-heading-title elementor-size-default\">GDPR Anmodninger om databeskyttelse og rettigheder<\/h2>\t\t\t\t<\/div>\n\t\t\t\t<\/div>\n\t\t\t\t<div class=\"elementor-element elementor-element-e088c60 elementor-widget__width-initial elementor-widget elementor-widget-text-editor\" data-id=\"e088c60\" data-element_type=\"widget\" data-e-type=\"widget\" data-widget_type=\"text-editor.default\">\n\t\t\t\t<div class=\"elementor-widget-container\">\n\t\t\t\t\t\t\t\t\t<p>Hos SportsClubTour tager vi dit privatliv og databeskyttelse alvorligt. Under <strong>Generel databeskyttelsesforordning (GDPR)<\/strong>, har du ret til at anmode om sletning af dine personlige data, som vi har indsamlet eller behandlet.<\/p>\n<p>Hvis du \u00f8nsker at ud\u00f8ve denne ret, bedes du bruge nedenst\u00e5ende formular til at indsende din anmodning.<\/p>\n<h3><strong>Hvilke data er ber\u00f8rt?<\/strong><\/h3>\n<p>De personlige data, vi m\u00e5tte have, omfatter, men er ikke begr\u00e6nset til:<\/p>\n<ul>\n<li>Navn<\/li>\n<li>E-mailadresse<\/li>\n<li>Telefonnummer<\/li>\n<li>Booking detaljer<\/li>\n<li>Eventuelle andre oplysninger, du har givet under din interaktion med os<\/li>\n<\/ul>\n<h3><strong>Hvordan fungerer processen?<\/strong><\/h3>\n<p>N\u00e5r du har indsendt din anmodning, vil vi:<\/p>\n<ol>\n<li><strong>Bekr\u00e6ft din identitet<\/strong> for at sikre, at anmodningen er legitim.<\/li>\n<li><strong>Behandl din anmodning<\/strong> i overensstemmelse med GDPR-kravene<\/li>\n<li><strong>Svare<\/strong> inden for de lovpligtige tidsrammer<\/li>\n<\/ol>\n<p>Bem\u00e6rk venligst, at visse data kan blive opbevaret, hvor det er p\u00e5kr\u00e6vet af juridiske forpligtelser (f.eks. skatte- eller regnskabsregler).<\/p>\n<p>Dine GDPR-rettigheder:<\/p>\n<p><span style=\"letter-spacing: 0px;\">\u2013 Adgang til dine personlige data&nbsp;&nbsp;<br><\/span><span style=\"letter-spacing: 0px;\">\u2013 Rette ukorrekte data&nbsp;&nbsp;<br><\/span><span style=\"letter-spacing: 0px;\">\u2013 Anmod om sletning af dine data&nbsp;&nbsp;<br><\/span><span style=\"letter-spacing: 0px;\">\u2013 Begr\u00e6ns behandling&nbsp;&nbsp;<br><\/span><span style=\"letter-spacing: 0px;\">\u2013 Indsigelse mod behandling&nbsp;&nbsp;<br><\/span><span style=\"letter-spacing: 0px;\">\u2013 Anmodning om dataportabilitet&nbsp;&nbsp;<\/span><\/p>\n<p>Du kan ogs\u00e5 kontakte os direkte p\u00e5:<br><strong>info@sportsclubtour.com<\/strong><\/p>\n<p>For mere detaljerede oplysninger henvises til vores&nbsp;<a href=\"https:\/\/sportsclubtour.com\/da\/privatlivspolitik\/\">Privatlivspolitik<\/a> og <a href=\"https:\/\/sportsclubtour.com\/da\/kobs-og-kontraktforhold\/\">K\u00f8bs- og kontraktbetingelser<\/a>.<\/p>\n<p>Vi er forpligtet til at beskytte dine personoplysninger og sikre fuld overholdelse af g\u00e6ldende databeskyttelseslove.<\/p>\t\t\t\t\t\t\t\t<\/div>\n\t\t\t\t<\/div>\n\t\t\t\t\t<\/div>\n\t\t<\/div>\n\t\t\t\t\t<\/div>\n\t\t<\/section>\n\t\t\t\t<section class=\"elementor-section elementor-top-section elementor-element elementor-element-42acdc0 elementor-section-stretched elementor-section-boxed elementor-section-height-default elementor-section-height-default\" data-id=\"42acdc0\" data-element_type=\"section\" data-e-type=\"section\" data-settings=\"{&quot;stretch_section&quot;:&quot;section-stretched&quot;,&quot;background_background&quot;:&quot;classic&quot;}\">\n\t\t\t\t\t\t<div class=\"elementor-container elementor-column-gap-default\">\n\t\t\t\t\t<div class=\"elementor-column elementor-col-100 elementor-top-column elementor-element elementor-element-02344fb\" data-id=\"02344fb\" data-element_type=\"column\" data-e-type=\"column\">\n\t\t\t<div class=\"elementor-widget-wrap elementor-element-populated\">\n\t\t\t\t\t\t<div class=\"elementor-element elementor-element-92f9ad3 elementor-widget elementor-widget-jet-engine-booking-form\" data-id=\"92f9ad3\" data-element_type=\"widget\" data-e-type=\"widget\" data-widget_type=\"jet-engine-booking-form.default\">\n\t\t\t\t<div class=\"elementor-widget-container\">\n\t\t\t\t\t<form  class=\"jet-form layout-column submit-type-ajax\" action=\"\/da\/wp-json\/wp\/v2\/pages\/18514?jet_engine_action=book&#038;nocache=1776570853\" method=\"POST\" data-form-id=\"18500\" data-trp-original-action=\"\/da\/wp-json\/wp\/v2\/pages\/18514?jet_engine_action=book&#038;nocache=1776570853\"><input class=\"jet-form__field hidden-field\" type=\"hidden\" name=\"_jet_engine_booking_form_id\" value=\"18500\" data-field-name=\"_jet_engine_booking_form_id\"><input class=\"jet-form__field hidden-field\" type=\"hidden\" name=\"_jet_engine_refer\" value=\"https:\/\/sportsclubtour.com\/da\/wp-json\/wp\/v2\/pages\/18514\" data-field-name=\"_jet_engine_refer\"><div  class=\"jet-form-row jet-form-row--hidden\"><div class=\"jet-form-col jet-form-col-12  field-type-hidden  jet-form-field-container\" data-field=\"post_id\" data-conditional=\"false\"><input class=\"jet-form__field hidden-field\" type=\"hidden\" name=\"post_id\" value=\"18514\" data-field-name=\"post_id\"><\/div><\/div><div  class=\"jet-form-row jet-form-row--first-visible\"><div class=\"jet-form-col jet-form-col-12  field-type-checkboxes  jet-form-field-container\" data-field=\"datacheckbox\" data-conditional=\"false\"><div class=\"jet-form__label\">\n\t<span class=\"jet-form__label-text\" >V\u00e6lg venligst den handling, du \u00f8nsker at foretage vedr\u00f8rende dine personlige data:<span class=\"jet-form__required\">*<\/span><\/span>\n\t<\/div><div class=\"jet-form__fields-group checkradio-wrap\">\t\t<div class=\"jet-form__field-wrap checkboxes-wrap checkradio-wrap\">\n\t\t\t\t\t\t<label class=\"jet-form__field-label\">\n\t\t\t\t<input\n\t\t\t\t\ttype=\"checkbox\"\n\t\t\t\t\tname=\"datacheckbox[]\"\n\t\t\t\t\tclass=\"jet-form__field checkboxes-field checkradio-field checkboxes-group-required\"\n\t\t\t\t\tvalue=\"Access to your data: I would like to request a copy of my personal data.\"\n\t\t\t\t\tdata-field-name=\"datacheckbox\"\n\t\t\t\t\t\t\t\t\t\trequired=\"required\"\t\t\t\t\t\t\t\t\t>\n\t\t\t\tAdgang til dine data: Jeg vil gerne anmode om en kopi af mine personlige data.\t\t\t<\/label>\n\t\t<\/div>\n\t\t\t\t<div class=\"jet-form__field-wrap checkboxes-wrap checkradio-wrap\">\n\t\t\t\t\t\t<label class=\"jet-form__field-label\">\n\t\t\t\t<input\n\t\t\t\t\ttype=\"checkbox\"\n\t\t\t\t\tname=\"datacheckbox[]\"\n\t\t\t\t\tclass=\"jet-form__field checkboxes-field checkradio-field checkboxes-group-required\"\n\t\t\t\t\tvalue=\" Rectification: I would like to request that my personal data be corrected if it is inaccurate or incomplete.\"\n\t\t\t\t\tdata-field-name=\"datacheckbox\"\n\t\t\t\t\t\t\t\t\t\trequired=\"required\"\t\t\t\t\t\t\t\t\t>\n\t\t\t\t Rettelse: Jeg vil gerne anmode om, at mine personoplysninger bliver rettet, hvis de er un\u00f8jagtige eller ufuldst\u00e6ndige.\t\t\t<\/label>\n\t\t<\/div>\n\t\t\t\t<div class=\"jet-form__field-wrap checkboxes-wrap checkradio-wrap\">\n\t\t\t\t\t\t<label class=\"jet-form__field-label\">\n\t\t\t\t<input\n\t\t\t\t\ttype=\"checkbox\"\n\t\t\t\t\tname=\"datacheckbox[]\"\n\t\t\t\t\tclass=\"jet-form__field checkboxes-field checkradio-field checkboxes-group-required\"\n\t\t\t\t\tvalue=\"Deletion: I would like to request the deletion of my personal data from your records\"\n\t\t\t\t\tdata-field-name=\"datacheckbox\"\n\t\t\t\t\t\t\t\t\t\trequired=\"required\"\t\t\t\t\t\t\t\t\t>\n\t\t\t\tSletning: Jeg vil gerne anmode om sletning af mine personlige data fra dine registre\t\t\t<\/label>\n\t\t<\/div>\n\t\t\t\t<div class=\"jet-form__field-wrap checkboxes-wrap checkradio-wrap\">\n\t\t\t\t\t\t<label class=\"jet-form__field-label\">\n\t\t\t\t<input\n\t\t\t\t\ttype=\"checkbox\"\n\t\t\t\t\tname=\"datacheckbox[]\"\n\t\t\t\t\tclass=\"jet-form__field checkboxes-field checkradio-field checkboxes-group-required\"\n\t\t\t\t\tvalue=\"Restriction of processing: I would like to request the restriction of processing my personal data.\"\n\t\t\t\t\tdata-field-name=\"datacheckbox\"\n\t\t\t\t\t\t\t\t\t\trequired=\"required\"\t\t\t\t\t\t\t\t\t>\n\t\t\t\tBegr\u00e6nsning af behandling: Jeg vil gerne anmode om begr\u00e6nsning af behandlingen af mine personoplysninger.\t\t\t<\/label>\n\t\t<\/div>\n\t\t\t\t<div class=\"jet-form__field-wrap checkboxes-wrap checkradio-wrap\">\n\t\t\t\t\t\t<label class=\"jet-form__field-label\">\n\t\t\t\t<input\n\t\t\t\t\ttype=\"checkbox\"\n\t\t\t\t\tname=\"datacheckbox[]\"\n\t\t\t\t\tclass=\"jet-form__field checkboxes-field checkradio-field checkboxes-group-required\"\n\t\t\t\t\tvalue=\"Portability: I would like to request that my personal data be provided in a machine-readable format for transfer to another service provider.\"\n\t\t\t\t\tdata-field-name=\"datacheckbox\"\n\t\t\t\t\t\t\t\t\t\trequired=\"required\"\t\t\t\t\t\t\t\t\t>\n\t\t\t\tPortabilitet: Jeg vil gerne anmode om, at mine personlige data leveres i et maskinl\u00e6sbart format til overf\u00f8rsel til en anden tjenesteudbyder.\t\t\t<\/label>\n\t\t<\/div>\n\t\t<\/div><\/div><\/div><div  class=\"jet-form-row\"><div class=\"jet-form-col jet-form-col-6  field-type-text  jet-form-field-container\" data-field=\"name\" data-conditional=\"false\"><input class=\"jet-form__field text-field\" placeholder=\"Navn\" required=\"required\" name=\"name\" id=\"name\" type=\"text\" data-field-name=\"name\"><\/div><div class=\"jet-form-col jet-form-col-6  field-type-text  jet-form-field-container\" data-field=\"lastname\" data-conditional=\"false\"><input class=\"jet-form__field text-field\" placeholder=\"Efternavn\" required=\"required\" name=\"lastname\" id=\"lastname\" type=\"text\" data-field-name=\"lastname\"><\/div><\/div><div  class=\"jet-form-row\"><div class=\"jet-form-col jet-form-col-12  field-type-text  jet-form-field-container\" data-field=\"email\" data-conditional=\"false\"><input class=\"jet-form__field text-field\" placeholder=\"E-mail\" required=\"required\" name=\"email\" id=\"email\" type=\"email\" data-field-name=\"email\"><\/div><\/div><div  class=\"jet-form-row\"><div class=\"jet-form-col jet-form-col-12  field-type-textarea  jet-form-field-container\" data-field=\"clienttext\" data-conditional=\"false\"><textarea class=\"jet-form__field textarea-field\" placeholder=\"Klienttekst\" name=\"clienttext\" data-field-name=\"clienttext\" id=\"clienttext\">You can write an additional comment here<\/textarea><\/div><\/div><div  class=\"jet-form-row jet-form-row--submit\"><div class=\"jet-form-col jet-form-col-12  field-type-submit  jet-form-field-container\" data-field=\"Submit\" data-conditional=\"false\"><div class=\"jet-form__submit-wrap\">\n\t\t<button class=\"jet-form__submit submit-type-ajax\" type=\"button\">Indsend<\/button>\n<\/div><\/div><\/div><input class=\"jet-form__field hidden-field\" type=\"hidden\" name=\"_jet_engine_nonce\" value=\"11343ec221\" data-field-name=\"_jet_engine_nonce\"><input type=\"hidden\" name=\"trp-form-language\" value=\"da\"\/><\/form><div class=\"jet-form-messages-wrap\" data-form-id=\"18500\"><\/div>\t\t\t\t<\/div>\n\t\t\t\t<\/div>\n\t\t\t\t\t<\/div>\n\t\t<\/div>\n\t\t\t\t\t<\/div>\n\t\t<\/section>\n\t\t\t\t<\/div>","protected":false},"excerpt":{"rendered":"<p>At SportsClubTour, we take your privacy and data protection seriously. Under the General Data Protection Regulation (GDPR), you have the right to request the deletion of your personal data that we have collected or processed. If you wish to exercise this right, please use the form below to submit your request. What Data is Affected? [&hellip;]<\/p>\n","protected":false},"author":1,"featured_media":0,"parent":0,"menu_order":0,"comment_status":"closed","ping_status":"closed","template":"","meta":{"footnotes":""},"class_list":["post-18514","page","type-page","status-publish","hentry"],"_links":{"self":[{"href":"https:\/\/sportsclubtour.com\/da\/wp-json\/wp\/v2\/pages\/18514","targetHints":{"allow":["GET"]}}],"collection":[{"href":"https:\/\/sportsclubtour.com\/da\/wp-json\/wp\/v2\/pages"}],"about":[{"href":"https:\/\/sportsclubtour.com\/da\/wp-json\/wp\/v2\/types\/page"}],"author":[{"embeddable":true,"href":"https:\/\/sportsclubtour.com\/da\/wp-json\/wp\/v2\/users\/1"}],"replies":[{"embeddable":true,"href":"https:\/\/sportsclubtour.com\/da\/wp-json\/wp\/v2\/comments?post=18514"}],"version-history":[{"count":17,"href":"https:\/\/sportsclubtour.com\/da\/wp-json\/wp\/v2\/pages\/18514\/revisions"}],"predecessor-version":[{"id":20003,"href":"https:\/\/sportsclubtour.com\/da\/wp-json\/wp\/v2\/pages\/18514\/revisions\/20003"}],"wp:attachment":[{"href":"https:\/\/sportsclubtour.com\/da\/wp-json\/wp\/v2\/media?parent=18514"}],"curies":[{"name":"wp","href":"https:\/\/api.w.org\/{rel}","templated":true}]}}