{"id":3607,"date":"2021-02-02T11:26:46","date_gmt":"2021-02-02T10:26:46","guid":{"rendered":"http:\/\/sportsclubtour.com\/?page_id=3607"},"modified":"2025-08-06T21:09:18","modified_gmt":"2025-08-06T19:09:18","slug":"afbestillings-og-reduktionspolitik","status":"publish","type":"page","link":"https:\/\/sportsclubtour.com\/da\/afbestillings-og-reduktionspolitik\/","title":{"rendered":"Afbestillings- og reduktionspolitik"},"content":{"rendered":"<div data-elementor-type=\"wp-page\" data-elementor-id=\"3607\" class=\"elementor elementor-3607\" data-elementor-post-type=\"page\">\n\t\t\t\t\t\t<section class=\"elementor-section elementor-top-section elementor-element elementor-element-dba096f elementor-section-boxed elementor-section-height-default elementor-section-height-default\" data-id=\"dba096f\" data-element_type=\"section\" data-e-type=\"section\">\n\t\t\t\t\t\t<div class=\"elementor-container elementor-column-gap-default\">\n\t\t\t\t\t<div class=\"elementor-column elementor-col-100 elementor-top-column elementor-element elementor-element-1537ab2\" data-id=\"1537ab2\" data-element_type=\"column\" data-e-type=\"column\">\n\t\t\t<div class=\"elementor-widget-wrap elementor-element-populated\">\n\t\t\t\t\t\t<div class=\"elementor-element elementor-element-0ead505 elementor-widget elementor-widget-heading\" data-id=\"0ead505\" data-element_type=\"widget\" data-e-type=\"widget\" data-widget_type=\"heading.default\">\n\t\t\t\t<div class=\"elementor-widget-container\">\n\t\t\t\t\t<h1 class=\"elementor-heading-title elementor-size-default\">Afbestillings- og reduktionspolitik<\/h1>\t\t\t\t<\/div>\n\t\t\t\t<\/div>\n\t\t\t\t<div class=\"elementor-element elementor-element-1b0ba38 elementor-hidden-desktop elementor-hidden-tablet elementor-hidden-phone elementor-widget elementor-widget-heading\" data-id=\"1b0ba38\" data-element_type=\"widget\" data-e-type=\"widget\" data-widget_type=\"heading.default\">\n\t\t\t\t<div class=\"elementor-widget-container\">\n\t\t\t\t\t<h2 class=\"elementor-heading-title elementor-size-default\">s\u00e6rlige foranstaltninger COVID-19 afbestillings- og reduktionspolitik<\/h2>\t\t\t\t<\/div>\n\t\t\t\t<\/div>\n\t\t\t\t<div class=\"elementor-element elementor-element-f8c2c91 elementor-hidden-desktop elementor-hidden-tablet elementor-hidden-phone elementor-widget elementor-widget-text-editor\" data-id=\"f8c2c91\" data-element_type=\"widget\" data-e-type=\"widget\" data-widget_type=\"text-editor.default\">\n\t\t\t\t<div class=\"elementor-widget-container\">\n\t\t\t\t\t\t\t\t\t<div class=\"elementor-element elementor-element-2a5f8ce elementor-widget elementor-widget-text-editor\" data-id=\"2a5f8ce\" data-element_type=\"widget\" data-widget_type=\"text-editor.default\"><div class=\"elementor-widget-container\"><div class=\"elementor-text-editor elementor-clearfix\"><p>21\/05\/2019<\/p><\/div><\/div><\/div><div class=\"elementor-element elementor-element-24476f6 elementor-widget elementor-widget-text-editor\" data-id=\"24476f6\" data-element_type=\"widget\" data-widget_type=\"text-editor.default\"><div class=\"elementor-widget-container\"><div class=\"elementor-text-editor elementor-clearfix\"><p>Den 11. marts erkl\u00e6rede Verdenssundhedsorganisationen (OMS) udbruddet af coronavirus for en global pandemi. Siden da har det udviklet sig hurtigt, og regeringer rundt om i verden har flittigt taget skridt til at bremse spredningen.<br \/>Mens alarmtilstanden for COVID-19 er aktiv i Spanien, tilbyder vi vores kunder en afbestillings- og reduktionspolitik i henhold til de nye behov, som vil v\u00e6re:<\/p><p>1. Betalingspolitikken og reservationer vil ikke blive p\u00e5virket i SportsClubTours nye tiltag af COVID-19.<br \/>2. Afbestillings- og reduktionspolitik:<br \/>Annulleringen og reduktionerne vil v\u00e6re fuldst\u00e6ndig fri for sanktioner beskrevet nedenfor op til 7 dage fra starten af de aftalte tjenester og aktiviteter.<br \/>3. De aftalte tjenester, som SportsClubTour ikke kan levere p\u00e5 grund af gener i forbindelse med COVID-19, vil returnere den fulde v\u00e6rdi af de tjenester, der ikke leveres.<\/p><p>4. De udgifter, som kunden p\u00e5drager sig, s\u00e5som bestilling af sportsudstyr, uanset om det er personligt eller ej p\u00e5 grund af de aftalte tjenester, vil blive p\u00e5l\u00f8bet i till\u00e6g til de procentsatser, der er beskrevet ovenfor.<\/p><p>Vi forst\u00e5r de forskellige \u00e5rsager, som enhver deltager kan g\u00e5 igennem i denne sv\u00e6re tid med COVID-19, og vi tilbyder en service i overensstemmelse med s\u00e5danne behov, der garanterer en kvalitetsservice og er \u00e5bne over for uventede \u00e6ndringer, som vi alle er udsat for.<\/p><\/div><\/div><\/div>\t\t\t\t\t\t\t\t<\/div>\n\t\t\t\t<\/div>\n\t\t\t\t<div class=\"elementor-element elementor-element-bac76f2 elementor-widget elementor-widget-heading\" data-id=\"bac76f2\" data-element_type=\"widget\" data-e-type=\"widget\" data-widget_type=\"heading.default\">\n\t\t\t\t<div class=\"elementor-widget-container\">\n\t\t\t\t\t<h2 class=\"elementor-heading-title elementor-size-default\">1. aflysninger<\/h2>\t\t\t\t<\/div>\n\t\t\t\t<\/div>\n\t\t\t\t<div class=\"elementor-element elementor-element-b52dce9 elementor-widget elementor-widget-text-editor\" data-id=\"b52dce9\" data-element_type=\"widget\" data-e-type=\"widget\" data-widget_type=\"text-editor.default\">\n\t\t\t\t<div class=\"elementor-widget-container\">\n\t\t\t\t\t\t\t\t\t<div class=\"elementor-element elementor-element-2a5f8ce elementor-widget elementor-widget-text-editor\" data-id=\"2a5f8ce\" data-element_type=\"widget\" data-widget_type=\"text-editor.default\">\n<div class=\"elementor-widget-container\">\n<div class=\"elementor-text-editor elementor-clearfix\">\n<p>\u2013 Hvis aflysningen sker inden 90 dage f\u00f8r leveringen af ydelsen, p\u00e5l\u00e6gges der intet strafgebyr.<br>\u2013 Mellem 90 og 60 dage f\u00f8r ankomst vil der v\u00e6re et gebyr p\u00e5 25% af de samlede aflyste tjenester.<br>\u2013 Mellem 60 og 30 dage f\u00f8r ankomst vil der v\u00e6re et gebyr p\u00e5 50% af de samlede aflyste tjenester.<br>\u2013 Mellem 30 og 0 dage vil der v\u00e6re et gebyr p\u00e5 100 % af de samlede annullerede tjenester.<\/p>\n<p>Alle udgifter for\u00e5rsaget af kundens annullering af ydelsen, som ikke er muligt at f\u00e5 refunderet, afholdes af kunden, som afholder omkostningerne 100%, uanset det forl\u00f8bne tidsinterval.<\/p>\n<\/div>\n<\/div>\n<\/div>\t\t\t\t\t\t\t\t<\/div>\n\t\t\t\t<\/div>\n\t\t\t\t<div class=\"elementor-element elementor-element-256c14f elementor-widget elementor-widget-heading\" data-id=\"256c14f\" data-element_type=\"widget\" data-e-type=\"widget\" data-widget_type=\"heading.default\">\n\t\t\t\t<div class=\"elementor-widget-container\">\n\t\t\t\t\t<h2 class=\"elementor-heading-title elementor-size-default\">2. Reduktioner<\/h2>\t\t\t\t<\/div>\n\t\t\t\t<\/div>\n\t\t\t\t<div class=\"elementor-element elementor-element-c8b8c35 elementor-widget elementor-widget-text-editor\" data-id=\"c8b8c35\" data-element_type=\"widget\" data-e-type=\"widget\" data-widget_type=\"text-editor.default\">\n\t\t\t\t<div class=\"elementor-widget-container\">\n\t\t\t\t\t\t\t\t\t<div class=\"elementor-element elementor-element-2a5f8ce elementor-widget elementor-widget-text-editor\" data-id=\"2a5f8ce\" data-element_type=\"widget\" data-widget_type=\"text-editor.default\"><div class=\"elementor-widget-container\"><div class=\"elementor-text-editor elementor-clearfix\"><div class=\"elementor-element elementor-element-2bd9cf5 elementor-widget elementor-widget-text-editor\" data-id=\"2bd9cf5\" data-element_type=\"widget\" data-widget_type=\"text-editor.default\"><div class=\"elementor-widget-container\"><div class=\"elementor-text-editor elementor-clearfix\"><p>\u2013 Hvis kunden anmoder om reduktion af tjenester 90 og 60 dage f\u00f8r ankomst, reduktion op til 20% af de samlede tjenester og reservationer uden straf. Enhver h\u00f8jere procentdel vil blive betragtet som &quot;Annullering&quot; og vil blive opkr\u00e6vet i overensstemmelse hermed efter den angivne tabel.<br \/>\u2013 Mellem 60 og 30 dage f\u00f8r leveringen af de aftalte tjenester, reduktion op til 10% af de samlede tjenester og reservationer uden straf. Enhver h\u00f8jere procentdel vil blive betragtet som &quot;Annullering&quot; og vil blive opkr\u00e6vet i overensstemmelse hermed.<br \/>\u2013 Mellem 30 og 0 dage f\u00f8r leveringen af de aftalte tjenester og reservationer, vil enhver annullering blive betragtet som annullering og vil blive opkr\u00e6vet i sin helhed inklusive alle reserverede tjenester.<\/p><\/div><\/div><\/div><div class=\"elementor-element elementor-element-5743cdc elementor-widget elementor-widget-text-editor\" data-id=\"5743cdc\" data-element_type=\"widget\" data-widget_type=\"text-editor.default\"><div class=\"elementor-widget-container\"><div class=\"elementor-text-editor elementor-clearfix\"><p>* Alle tjenester, der er indg\u00e5et kontrakt med SportsClubTour.com, vil v\u00e6re i overensstemmelse med denne politik for annulleringer og reduktioner, denne politik vil kun blive udelukket med de aftaler, der tidligere er indg\u00e5et skriftligt mellem begge parter.<\/p><\/div><\/div><\/div><\/div><\/div><\/div>\t\t\t\t\t\t\t\t<\/div>\n\t\t\t\t<\/div>\n\t\t\t\t\t<\/div>\n\t\t<\/div>\n\t\t\t\t\t<\/div>\n\t\t<\/section>\n\t\t\t\t<\/div>","protected":false},"excerpt":{"rendered":"<p>special measures COVID-19 cancellation and reduction policy 21\/05\/2019 On March 11, the World Health Organization (OMS) declared the outbreak of the coronavirus a global pandemic. Since then, it has evolved rapidly and governments around the world have diligently taken steps to curb its spread.While the state of alarm for COVID-19 is active in Spain, we [&hellip;]<\/p>\n","protected":false},"author":1,"featured_media":0,"parent":0,"menu_order":0,"comment_status":"closed","ping_status":"closed","template":"elementor_header_footer","meta":{"footnotes":""},"class_list":["post-3607","page","type-page","status-publish","hentry"],"_links":{"self":[{"href":"https:\/\/sportsclubtour.com\/da\/wp-json\/wp\/v2\/pages\/3607","targetHints":{"allow":["GET"]}}],"collection":[{"href":"https:\/\/sportsclubtour.com\/da\/wp-json\/wp\/v2\/pages"}],"about":[{"href":"https:\/\/sportsclubtour.com\/da\/wp-json\/wp\/v2\/types\/page"}],"author":[{"embeddable":true,"href":"https:\/\/sportsclubtour.com\/da\/wp-json\/wp\/v2\/users\/1"}],"replies":[{"embeddable":true,"href":"https:\/\/sportsclubtour.com\/da\/wp-json\/wp\/v2\/comments?post=3607"}],"version-history":[{"count":17,"href":"https:\/\/sportsclubtour.com\/da\/wp-json\/wp\/v2\/pages\/3607\/revisions"}],"predecessor-version":[{"id":19120,"href":"https:\/\/sportsclubtour.com\/da\/wp-json\/wp\/v2\/pages\/3607\/revisions\/19120"}],"wp:attachment":[{"href":"https:\/\/sportsclubtour.com\/da\/wp-json\/wp\/v2\/media?parent=3607"}],"curies":[{"name":"wp","href":"https:\/\/api.w.org\/{rel}","templated":true}]}}