{"id":3616,"date":"2021-02-02T11:34:48","date_gmt":"2021-02-02T10:34:48","guid":{"rendered":"http:\/\/sportsclubtour.com\/?page_id=3616"},"modified":"2025-09-09T15:45:19","modified_gmt":"2025-09-09T13:45:19","slug":"cookies-politik","status":"publish","type":"page","link":"https:\/\/sportsclubtour.com\/da\/cookies-politik\/","title":{"rendered":"Cookies politik"},"content":{"rendered":"<div data-elementor-type=\"wp-page\" data-elementor-id=\"3616\" class=\"elementor elementor-3616\" data-elementor-post-type=\"page\">\n\t\t\t\t\t\t<section class=\"elementor-section elementor-top-section elementor-element elementor-element-f9eed9f elementor-section-boxed elementor-section-height-default elementor-section-height-default\" data-id=\"f9eed9f\" data-element_type=\"section\" data-e-type=\"section\">\n\t\t\t\t\t\t<div class=\"elementor-container elementor-column-gap-default\">\n\t\t\t\t\t<div class=\"elementor-column elementor-col-100 elementor-top-column elementor-element elementor-element-8bfc7a9\" data-id=\"8bfc7a9\" data-element_type=\"column\" data-e-type=\"column\">\n\t\t\t<div class=\"elementor-widget-wrap elementor-element-populated\">\n\t\t\t\t\t\t<div class=\"elementor-element elementor-element-40d1c98 elementor-widget elementor-widget-heading\" data-id=\"40d1c98\" data-element_type=\"widget\" data-e-type=\"widget\" data-widget_type=\"heading.default\">\n\t\t\t\t<div class=\"elementor-widget-container\">\n\t\t\t\t\t<h2 class=\"elementor-heading-title elementor-size-default\">Cookies politik<\/h2>\t\t\t\t<\/div>\n\t\t\t\t<\/div>\n\t\t\t\t<div class=\"elementor-element elementor-element-cf4b1fb elementor-widget elementor-widget-text-editor\" data-id=\"cf4b1fb\" data-element_type=\"widget\" data-e-type=\"widget\" data-widget_type=\"text-editor.default\">\n\t\t\t\t<div class=\"elementor-widget-container\">\n\t\t\t\t\t\t\t\t\t<p>Cookie er en fil, der downloades til din computer, n\u00e5r du tilg\u00e5r bestemte websider. Cookies giver blandt andet et websted mulighed for at gemme og hente information om en brugers eller hans eller hendes computers browservaner og kan, afh\u00e6ngigt af de oplysninger, de indeholder, og hvordan de bruger deres udstyr, bruges til at genkende brugeren.<\/p><p>Brugerens browser husker kun cookies p\u00e5 harddisken under den aktuelle session, idet den optager en minimal hukommelsesplads og ikke skader computeren. Cookies indeholder ingen specifikke personlige oplysninger, og de fleste af dem slettes fra harddisken i slutningen af browsersessionen (s\u00e5kaldte session cookies).<\/p><p>De fleste browsere accepterer cookies som standard og, uanset cookies, tillader eller forhindrer midlertidige eller gemte cookies i sikkerhedsindstillingerne.<\/p><p>Uden dit udtrykkelige samtykke \u2013 ved hj\u00e6lp af aktiveringen af cookies i din browser \u2013 vil sportsclubtour.com ikke linke i cookies lagrede data med dine personlige data, der blev oplyst p\u00e5 tidspunktet for registrering eller k\u00f8b.<\/p><p>Hvilke typer cookies bruger denne hjemmeside?<\/p><p>Tekniske cookies: Disse er dem, der giver brugeren mulighed for at navigere gennem en webside, platform eller applikation og brugen af de forskellige muligheder eller tjenester, der findes i den, s\u00e5som kontrol af trafik og kommunikation af data, identificere sessionen, adgang begr\u00e6nset f\u00e5 adgang til dele, huske de elementer, der integrerer en ordre, udf\u00f8re processen med at k\u00f8be en ordre, lave ans\u00f8gningen om registrering eller deltagelse i en begivenhed, bruge sikkerhedsfunktioner under navigation, gemme indhold til spredning af videoer eller lyd eller dele indhold via sociale medier netv\u00e6rk.<\/p><p>Personaliseringscookies: Det er dem, der giver brugeren mulighed for at f\u00e5 adgang til tjenesten med nogle foruddefinerede generelle karakteristika baseret p\u00e5 en r\u00e6kke kriterier i brugerens terminal, s\u00e5som sproget, den type browser, som f\u00e5r adgang til tjenesten, de regionale indstillinger, hvorfra du tilg\u00e5r tjenesten mv.<\/p><p>Analyse-cookies: Disse er dem, der er godt behandlet af os eller af tredjeparter, som giver os mulighed for at kvantificere antallet af brugere og dermed udf\u00f8re den statistiske m\u00e5ling og analyse af den brug, som brugerne g\u00f8r af den tilbudte tjeneste. Til dette analyserer vi din navigation p\u00e5 vores hjemmeside for at forbedre udbuddet af produkter eller tjenester, som vi tilbyder.<\/p><p>Annonce-cookies: Disse er dem, der, godt behandlet af os eller af tredjeparter, giver os mulighed for p\u00e5 den mest effektive m\u00e5de at administrere tilbuddet om annonceplads p\u00e5 hjemmesiden, tilpasse indholdet af annoncen til indholdet af den \u00f8nskede tjeneste eller brug som du laver fra vores hjemmeside. Til dette kan vi analysere dine internet-browsing-vaner, og vi kan vise dig annoncering relateret til din browsing-profil.<\/p><p>Adf\u00e6rdsreklamecookies: Det er dem, der g\u00f8r det muligt p\u00e5 den mest effektive m\u00e5de at administrere de reklamepladser, som udgiveren har inkluderet i en webside, applikation eller platform, hvorfra han\/hun leverer den \u00f8nskede service. Disse cookies gemmer oplysninger om brugernes adf\u00e6rd opn\u00e5et gennem kontinuerlig observation af deres browsing-vaner, hvilket g\u00f8r det muligt at udvikle en specifik profil til at vise annoncering i funktion af samme.<\/p><p>Tredjepartscookies: Sportsclubtour.com&#039;s web kan bruge tredjepartstjenester, der p\u00e5 vegne af Google indsamler oplysninger til statistiske form\u00e5l, brugerens brug af webstedet og til levering af andre tjenester relateret til webstedets aktivitet og andre internettjenester.<\/p><p>Denne hjemmeside bruger is\u00e6r Google Analytics, en webanalysetjeneste leveret af Google, Inc. med hjemsted i USA med hovedkontor p\u00e5 1600 Amphitheatre Parkway, Mountain View, Californien 94043. Til levering af disse tjenester kan cookies, der indsamler oplysningerne, inklusive brugerens IP-adresse, som vil blive transmitteret, behandlet og gemt af Google i de vilk\u00e5r, der er angivet p\u00e5 nettet Google.com. Herunder eventuel overf\u00f8rsel af s\u00e5danne oplysninger til tredjeparter af juridiske \u00e5rsager, eller n\u00e5r n\u00e6vnte tredjeparter behandler oplysningerne til en Google-konto.<\/p><p>Brugeren accepterer udtrykkeligt, for brugen af dette websted, behandlingen af de oplysninger, der indsamles i formularen og til ovenn\u00e6vnte form\u00e5l. Du anerkender ogs\u00e5 muligheden for at n\u00e6gte at behandle s\u00e5danne data eller oplysninger ved at n\u00e6gte at bruge cookies ved at v\u00e6lge de passende indstillinger til dette form\u00e5l i din browser. Selvom denne mulighed for at blokere cookies i din browser muligvis ikke tillader fuld brug af alle funktionerne p\u00e5 webstedet.<\/p><p>Du kan tillade, blokere eller slette cookies installeret p\u00e5 din computer ved at konfigurere browserindstillingerne installeret p\u00e5 din computer:<\/p><p>Chrome<\/p><p>Explorer<\/p><p>Firefox<\/p><p>Safari<\/p><p>Hvis du har sp\u00f8rgsm\u00e5l til denne cookiepolitik, kan du kontakte sportsclubtour.com p\u00e5 info@sportsclubtour.com.<\/p>\t\t\t\t\t\t\t\t<\/div>\n\t\t\t\t<\/div>\n\t\t\t\t<div class=\"elementor-element elementor-element-fc700f2 elementor-widget elementor-widget-html\" data-id=\"fc700f2\" data-element_type=\"widget\" data-e-type=\"widget\" data-widget_type=\"html.default\">\n\t\t\t\t<div class=\"elementor-widget-container\">\n\t\t\t\t\t<div class= \"cky-audit-table-element\"><\/div>\t\t\t\t<\/div>\n\t\t\t\t<\/div>\n\t\t\t\t\t<\/div>\n\t\t<\/div>\n\t\t\t\t\t<\/div>\n\t\t<\/section>\n\t\t\t\t<\/div>","protected":false},"excerpt":{"rendered":"<p>Cookie is a file that is downloaded to your computer when you access certain web pages. Cookies allow a website, among other things, to store and retrieve information about the browsing habits of a user or his or her computer and, depending on the information they contain and how they use their equipment, can be [&hellip;]<\/p>\n","protected":false},"author":1,"featured_media":0,"parent":0,"menu_order":0,"comment_status":"closed","ping_status":"closed","template":"elementor_header_footer","meta":{"footnotes":""},"class_list":["post-3616","page","type-page","status-publish","hentry"],"_links":{"self":[{"href":"https:\/\/sportsclubtour.com\/da\/wp-json\/wp\/v2\/pages\/3616","targetHints":{"allow":["GET"]}}],"collection":[{"href":"https:\/\/sportsclubtour.com\/da\/wp-json\/wp\/v2\/pages"}],"about":[{"href":"https:\/\/sportsclubtour.com\/da\/wp-json\/wp\/v2\/types\/page"}],"author":[{"embeddable":true,"href":"https:\/\/sportsclubtour.com\/da\/wp-json\/wp\/v2\/users\/1"}],"replies":[{"embeddable":true,"href":"https:\/\/sportsclubtour.com\/da\/wp-json\/wp\/v2\/comments?post=3616"}],"version-history":[{"count":6,"href":"https:\/\/sportsclubtour.com\/da\/wp-json\/wp\/v2\/pages\/3616\/revisions"}],"predecessor-version":[{"id":19382,"href":"https:\/\/sportsclubtour.com\/da\/wp-json\/wp\/v2\/pages\/3616\/revisions\/19382"}],"wp:attachment":[{"href":"https:\/\/sportsclubtour.com\/da\/wp-json\/wp\/v2\/media?parent=3616"}],"curies":[{"name":"wp","href":"https:\/\/api.w.org\/{rel}","templated":true}]}}