{"id":18502,"date":"2025-01-15T23:15:16","date_gmt":"2025-01-15T21:15:16","guid":{"rendered":"https:\/\/sportsclubtour.com\/?page_id=18502"},"modified":"2025-01-15T23:18:54","modified_gmt":"2025-01-15T21:18:54","slug":"edit-client-info","status":"publish","type":"page","link":"https:\/\/sportsclubtour.com\/de\/edit-client-info\/","title":{"rendered":"Kundeninformationen bearbeiten"},"content":{"rendered":"<div data-elementor-type=\"wp-page\" data-elementor-id=\"18502\" class=\"elementor elementor-18502\" data-elementor-post-type=\"page\">\n\t\t\t\t\t\t<section class=\"elementor-section elementor-top-section elementor-element elementor-element-38bd660 elementor-section-boxed elementor-section-height-default elementor-section-height-default\" data-id=\"38bd660\" data-element_type=\"section\" data-e-type=\"section\">\n\t\t\t\t\t\t<div class=\"elementor-container elementor-column-gap-default\">\n\t\t\t\t\t<div class=\"elementor-column elementor-col-100 elementor-top-column elementor-element elementor-element-8110ebc\" data-id=\"8110ebc\" data-element_type=\"column\" data-e-type=\"column\">\n\t\t\t<div class=\"elementor-widget-wrap elementor-element-populated\">\n\t\t\t\t\t\t<div class=\"elementor-element elementor-element-7e0eed9 elementor-widget elementor-widget-jet-engine-booking-form\" data-id=\"7e0eed9\" data-element_type=\"widget\" data-e-type=\"widget\" data-widget_type=\"jet-engine-booking-form.default\">\n\t\t\t\t<div class=\"elementor-widget-container\">\n\t\t\t\t\t<form  class=\"jet-form layout-column submit-type-ajax\" action=\"\/de\/wp-json\/wp\/v2\/pages\/18502?jet_engine_action=book&#038;nocache=1776295855\" method=\"POST\" data-form-id=\"18500\" data-trp-original-action=\"\/de\/wp-json\/wp\/v2\/pages\/18502?jet_engine_action=book&#038;nocache=1776295855\"><input class=\"jet-form__field hidden-field\" type=\"hidden\" name=\"_jet_engine_booking_form_id\" value=\"18500\" data-field-name=\"_jet_engine_booking_form_id\"><input class=\"jet-form__field hidden-field\" type=\"hidden\" name=\"_jet_engine_refer\" value=\"https:\/\/sportsclubtour.com\/de\/wp-json\/wp\/v2\/pages\/18502\" data-field-name=\"_jet_engine_refer\"><div  class=\"jet-form-row jet-form-row--hidden\"><div class=\"jet-form-col jet-form-col-12  field-type-hidden  jet-form-field-container\" data-field=\"post_id\" data-conditional=\"false\"><input class=\"jet-form__field hidden-field\" type=\"hidden\" name=\"post_id\" value=\"18502\" data-field-name=\"post_id\"><\/div><\/div><div  class=\"jet-form-row jet-form-row--first-visible\"><div class=\"jet-form-col jet-form-col-12  field-type-checkboxes  jet-form-field-container\" data-field=\"datacheckbox\" data-conditional=\"false\"><div class=\"jet-form__label\">\n\t<span class=\"jet-form__label-text\" >Bitte w\u00e4hlen Sie aus, welche Ma\u00dfnahmen Sie bez\u00fcglich Ihrer personenbezogenen Daten ergreifen m\u00f6chten:<span class=\"jet-form__required\">*<\/span><\/span>\n\t<\/div><div class=\"jet-form__fields-group checkradio-wrap\">\t\t<div class=\"jet-form__field-wrap checkboxes-wrap checkradio-wrap\">\n\t\t\t\t\t\t<label class=\"jet-form__field-label\">\n\t\t\t\t<input\n\t\t\t\t\ttype=\"checkbox\"\n\t\t\t\t\tname=\"datacheckbox[]\"\n\t\t\t\t\tclass=\"jet-form__field checkboxes-field checkradio-field checkboxes-group-required\"\n\t\t\t\t\tvalue=\"Access to your data: I would like to request a copy of my personal data.\"\n\t\t\t\t\tdata-field-name=\"datacheckbox\"\n\t\t\t\t\t\t\t\t\t\trequired=\"required\"\t\t\t\t\t\t\t\t\t>\n\t\t\t\tZugriff auf Ihre Daten: Ich m\u00f6chte eine Kopie meiner pers\u00f6nlichen Daten anfordern.\t\t\t<\/label>\n\t\t<\/div>\n\t\t\t\t<div class=\"jet-form__field-wrap checkboxes-wrap checkradio-wrap\">\n\t\t\t\t\t\t<label class=\"jet-form__field-label\">\n\t\t\t\t<input\n\t\t\t\t\ttype=\"checkbox\"\n\t\t\t\t\tname=\"datacheckbox[]\"\n\t\t\t\t\tclass=\"jet-form__field checkboxes-field checkradio-field checkboxes-group-required\"\n\t\t\t\t\tvalue=\" Rectification: I would like to request that my personal data be corrected if it is inaccurate or incomplete.\"\n\t\t\t\t\tdata-field-name=\"datacheckbox\"\n\t\t\t\t\t\t\t\t\t\trequired=\"required\"\t\t\t\t\t\t\t\t\t>\n\t\t\t\t Berichtigung: Ich m\u00f6chte eine Berichtigung meiner personenbezogenen Daten verlangen, sofern diese unrichtig oder unvollst\u00e4ndig sind.\t\t\t<\/label>\n\t\t<\/div>\n\t\t\t\t<div class=\"jet-form__field-wrap checkboxes-wrap checkradio-wrap\">\n\t\t\t\t\t\t<label class=\"jet-form__field-label\">\n\t\t\t\t<input\n\t\t\t\t\ttype=\"checkbox\"\n\t\t\t\t\tname=\"datacheckbox[]\"\n\t\t\t\t\tclass=\"jet-form__field checkboxes-field checkradio-field checkboxes-group-required\"\n\t\t\t\t\tvalue=\"Deletion: I would like to request the deletion of my personal data from your records\"\n\t\t\t\t\tdata-field-name=\"datacheckbox\"\n\t\t\t\t\t\t\t\t\t\trequired=\"required\"\t\t\t\t\t\t\t\t\t>\n\t\t\t\tL\u00f6schung: Ich m\u00f6chte die L\u00f6schung meiner pers\u00f6nlichen Daten aus Ihren Aufzeichnungen beantragen\t\t\t<\/label>\n\t\t<\/div>\n\t\t\t\t<div class=\"jet-form__field-wrap checkboxes-wrap checkradio-wrap\">\n\t\t\t\t\t\t<label class=\"jet-form__field-label\">\n\t\t\t\t<input\n\t\t\t\t\ttype=\"checkbox\"\n\t\t\t\t\tname=\"datacheckbox[]\"\n\t\t\t\t\tclass=\"jet-form__field checkboxes-field checkradio-field checkboxes-group-required\"\n\t\t\t\t\tvalue=\"Restriction of processing: I would like to request the restriction of processing my personal data.\"\n\t\t\t\t\tdata-field-name=\"datacheckbox\"\n\t\t\t\t\t\t\t\t\t\trequired=\"required\"\t\t\t\t\t\t\t\t\t>\n\t\t\t\tEinschr\u00e4nkung der Verarbeitung: Ich m\u00f6chte die Einschr\u00e4nkung der Verarbeitung meiner personenbezogenen Daten verlangen.\t\t\t<\/label>\n\t\t<\/div>\n\t\t\t\t<div class=\"jet-form__field-wrap checkboxes-wrap checkradio-wrap\">\n\t\t\t\t\t\t<label class=\"jet-form__field-label\">\n\t\t\t\t<input\n\t\t\t\t\ttype=\"checkbox\"\n\t\t\t\t\tname=\"datacheckbox[]\"\n\t\t\t\t\tclass=\"jet-form__field checkboxes-field checkradio-field checkboxes-group-required\"\n\t\t\t\t\tvalue=\"Portability: I would like to request that my personal data be provided in a machine-readable format for transfer to another service provider.\"\n\t\t\t\t\tdata-field-name=\"datacheckbox\"\n\t\t\t\t\t\t\t\t\t\trequired=\"required\"\t\t\t\t\t\t\t\t\t>\n\t\t\t\tPortabilit\u00e4t: Ich m\u00f6chte die Bereitstellung meiner personenbezogenen Daten in einem maschinenlesbaren Format f\u00fcr die \u00dcbertragung an einen anderen Dienstanbieter beantragen.\t\t\t<\/label>\n\t\t<\/div>\n\t\t<\/div><\/div><\/div><div  class=\"jet-form-row\"><div class=\"jet-form-col jet-form-col-6  field-type-text  jet-form-field-container\" data-field=\"name\" data-conditional=\"false\"><input class=\"jet-form__field text-field\" placeholder=\"Name\" required=\"required\" name=\"name\" id=\"name\" type=\"text\" data-field-name=\"name\"><\/div><div class=\"jet-form-col jet-form-col-6  field-type-text  jet-form-field-container\" data-field=\"lastname\" data-conditional=\"false\"><input class=\"jet-form__field text-field\" placeholder=\"Nachname\" required=\"required\" name=\"lastname\" id=\"lastname\" type=\"text\" data-field-name=\"lastname\"><\/div><\/div><div  class=\"jet-form-row\"><div class=\"jet-form-col jet-form-col-12  field-type-text  jet-form-field-container\" data-field=\"email\" data-conditional=\"false\"><input class=\"jet-form__field text-field\" placeholder=\"E-Mail\" required=\"required\" name=\"email\" id=\"email\" type=\"email\" data-field-name=\"email\"><\/div><\/div><div  class=\"jet-form-row\"><div class=\"jet-form-col jet-form-col-12  field-type-textarea  jet-form-field-container\" data-field=\"clienttext\" data-conditional=\"false\"><textarea class=\"jet-form__field textarea-field\" placeholder=\"Kundentext\" name=\"clienttext\" data-field-name=\"clienttext\" id=\"clienttext\">You can write an additional comment here<\/textarea><\/div><\/div><div  class=\"jet-form-row jet-form-row--submit\"><div class=\"jet-form-col jet-form-col-12  field-type-submit  jet-form-field-container\" data-field=\"Submit\" data-conditional=\"false\"><div class=\"jet-form__submit-wrap\">\n\t\t<button class=\"jet-form__submit submit-type-ajax\" type=\"button\">Einreichen<\/button>\n<\/div><\/div><\/div><input class=\"jet-form__field hidden-field\" type=\"hidden\" name=\"_jet_engine_nonce\" value=\"95cc5300e5\" data-field-name=\"_jet_engine_nonce\"><input type=\"hidden\" name=\"trp-form-language\" value=\"de\"\/><\/form><div class=\"jet-form-messages-wrap\" data-form-id=\"18500\"><\/div>\t\t\t\t<\/div>\n\t\t\t\t<\/div>\n\t\t\t\t\t<\/div>\n\t\t<\/div>\n\t\t\t\t\t<\/div>\n\t\t<\/section>\n\t\t\t\t<\/div>","protected":false},"excerpt":{"rendered":"<p>Spielniveau1 \u2013 Anf\u00e4nger2 \u2013 Amateur3 \u2013 Mittelstufe4 \u2013 Fortgeschritten5 \u2013 Wettkampf6 \u2013 ProfiNewsletter-AbonnementJa, ich akzeptiere den Erhalt von NeuigkeitenNein, danke Absenden<\/p>","protected":false},"author":1,"featured_media":0,"parent":0,"menu_order":0,"comment_status":"closed","ping_status":"closed","template":"","meta":{"footnotes":""},"class_list":["post-18502","page","type-page","status-publish","hentry"],"_links":{"self":[{"href":"https:\/\/sportsclubtour.com\/de\/wp-json\/wp\/v2\/pages\/18502","targetHints":{"allow":["GET"]}}],"collection":[{"href":"https:\/\/sportsclubtour.com\/de\/wp-json\/wp\/v2\/pages"}],"about":[{"href":"https:\/\/sportsclubtour.com\/de\/wp-json\/wp\/v2\/types\/page"}],"author":[{"embeddable":true,"href":"https:\/\/sportsclubtour.com\/de\/wp-json\/wp\/v2\/users\/1"}],"replies":[{"embeddable":true,"href":"https:\/\/sportsclubtour.com\/de\/wp-json\/wp\/v2\/comments?post=18502"}],"version-history":[{"count":7,"href":"https:\/\/sportsclubtour.com\/de\/wp-json\/wp\/v2\/pages\/18502\/revisions"}],"predecessor-version":[{"id":18511,"href":"https:\/\/sportsclubtour.com\/de\/wp-json\/wp\/v2\/pages\/18502\/revisions\/18511"}],"wp:attachment":[{"href":"https:\/\/sportsclubtour.com\/de\/wp-json\/wp\/v2\/media?parent=18502"}],"curies":[{"name":"wp","href":"https:\/\/api.w.org\/{rel}","templated":true}]}}