{"id":18514,"date":"2025-01-16T19:55:02","date_gmt":"2025-01-16T17:55:02","guid":{"rendered":"https:\/\/sportsclubtour.com\/?page_id=18514"},"modified":"2026-04-14T19:04:48","modified_gmt":"2026-04-14T17:04:48","slug":"data-privacy-rights-request","status":"publish","type":"page","link":"https:\/\/sportsclubtour.com\/de\/data-privacy-rights-request\/","title":{"rendered":"DSGVO-Datenschutz- und Rechteanfragen"},"content":{"rendered":"<div data-elementor-type=\"wp-page\" data-elementor-id=\"18514\" class=\"elementor elementor-18514\" data-elementor-post-type=\"page\">\n\t\t\t\t\t\t<section class=\"elementor-section elementor-top-section elementor-element elementor-element-f303061 elementor-section-stretched elementor-section-boxed elementor-section-height-default elementor-section-height-default\" data-id=\"f303061\" data-element_type=\"section\" data-e-type=\"section\" data-settings=\"{&quot;stretch_section&quot;:&quot;section-stretched&quot;}\">\n\t\t\t\t\t\t<div class=\"elementor-container elementor-column-gap-default\">\n\t\t\t\t\t<div class=\"elementor-column elementor-col-100 elementor-top-column elementor-element elementor-element-5082b2e\" data-id=\"5082b2e\" data-element_type=\"column\" data-e-type=\"column\">\n\t\t\t<div class=\"elementor-widget-wrap elementor-element-populated\">\n\t\t\t\t\t\t<div class=\"elementor-element elementor-element-6ad22c5 elementor-widget elementor-widget-heading\" data-id=\"6ad22c5\" data-element_type=\"widget\" data-e-type=\"widget\" data-widget_type=\"heading.default\">\n\t\t\t\t<div class=\"elementor-widget-container\">\n\t\t\t\t\t<h2 class=\"elementor-heading-title elementor-size-default\">DSGVO-Datenschutz- und Rechteanfragen<\/h2>\t\t\t\t<\/div>\n\t\t\t\t<\/div>\n\t\t\t\t<div class=\"elementor-element elementor-element-e088c60 elementor-widget__width-initial elementor-widget elementor-widget-text-editor\" data-id=\"e088c60\" data-element_type=\"widget\" data-e-type=\"widget\" data-widget_type=\"text-editor.default\">\n\t\t\t\t<div class=\"elementor-widget-container\">\n\t\t\t\t\t\t\t\t\t<p>Bei SportsClubTour nehmen wir Ihre Privatsph\u00e4re und Ihren Datenschutz ernst. Unter den <strong>Datenschutz-Grundverordnung (DSGVO)<\/strong>haben Sie das Recht, die L\u00f6schung Ihrer von uns erhobenen oder verarbeiteten personenbezogenen Daten zu verlangen.<\/p>\n<p>Wenn Sie von diesem Recht Gebrauch machen m\u00f6chten, verwenden Sie bitte das untenstehende Formular, um Ihre Anfrage einzureichen.<\/p>\n<h3><strong>Welche Daten sind betroffen?<\/strong><\/h3>\n<p>Zu den personenbezogenen Daten, die wir speichern, geh\u00f6ren unter anderem die folgenden:<\/p>\n<ul>\n<li>Name<\/li>\n<li>E-Mail-Adresse<\/li>\n<li>Telefonnummer<\/li>\n<li>Buchungsdetails<\/li>\n<li>Alle weiteren Informationen, die Sie uns w\u00e4hrend Ihrer Interaktion mit uns mitgeteilt haben<\/li>\n<\/ul>\n<h3><strong>Wie funktioniert der Prozess?<\/strong><\/h3>\n<p>Sobald Sie Ihre Anfrage abgeschickt haben, werden wir:<\/p>\n<ol>\n<li><strong>Best\u00e4tigen Sie Ihre Identit\u00e4t<\/strong> um sicherzustellen, dass die Anfrage legitim ist.<\/li>\n<li><strong>Bearbeiten Sie Ihre Anfrage<\/strong> in \u00dcbereinstimmung mit den Anforderungen der DSGVO<\/li>\n<li><strong>Antworten<\/strong> innerhalb der gesetzlich festgelegten Fristen<\/li>\n<\/ol>\n<p>Bitte beachten Sie, dass bestimmte Daten gegebenenfalls aufgrund gesetzlicher Verpflichtungen (z. B. Steuer- oder Buchhaltungsvorschriften) aufbewahrt werden.<\/p>\n<p>Ihre Rechte gem\u00e4\u00df DSGVO:<\/p>\n<p><span style=\"letter-spacing: 0px;\">\u2013 Zugriff auf Ihre pers\u00f6nlichen Daten&nbsp;&nbsp;<br><\/span><span style=\"letter-spacing: 0px;\">\u2013 Fehlerhafte Daten korrigieren&nbsp;&nbsp;<br><\/span><span style=\"letter-spacing: 0px;\">\u2013 Beantragen Sie die L\u00f6schung Ihrer Daten&nbsp;&nbsp;<br><\/span><span style=\"letter-spacing: 0px;\">\u2013 Verarbeitung einschr\u00e4nken&nbsp;&nbsp;<br><\/span><span style=\"letter-spacing: 0px;\">\u2013 Einspruch gegen die Verarbeitung&nbsp;&nbsp;<br><\/span><span style=\"letter-spacing: 0px;\">\u2013 Datenportabilit\u00e4t anfordern&nbsp;&nbsp;<\/span><\/p>\n<p>Sie k\u00f6nnen uns auch direkt kontaktieren unter:<br><strong>info@sportsclubtour.com<\/strong><\/p>\n<p>F\u00fcr detailliertere Informationen verweisen wir auf unsere&nbsp;<a href=\"https:\/\/sportsclubtour.com\/de\/datenschutzrichtlinie\/\">Datenschutzrichtlinie<\/a> Und <a href=\"https:\/\/sportsclubtour.com\/de\/einkaufs-und-vertragsbedingungen\/\">Einkaufs- und Vertragsbedingungen<\/a>.<\/p>\n<p>Wir verpflichten uns, Ihre personenbezogenen Daten zu sch\u00fctzen und die uneingeschr\u00e4nkte Einhaltung der geltenden Datenschutzgesetze zu gew\u00e4hrleisten.<\/p>\t\t\t\t\t\t\t\t<\/div>\n\t\t\t\t<\/div>\n\t\t\t\t\t<\/div>\n\t\t<\/div>\n\t\t\t\t\t<\/div>\n\t\t<\/section>\n\t\t\t\t<section class=\"elementor-section elementor-top-section elementor-element elementor-element-42acdc0 elementor-section-stretched elementor-section-boxed elementor-section-height-default elementor-section-height-default\" data-id=\"42acdc0\" data-element_type=\"section\" data-e-type=\"section\" data-settings=\"{&quot;stretch_section&quot;:&quot;section-stretched&quot;,&quot;background_background&quot;:&quot;classic&quot;}\">\n\t\t\t\t\t\t<div class=\"elementor-container elementor-column-gap-default\">\n\t\t\t\t\t<div class=\"elementor-column elementor-col-100 elementor-top-column elementor-element elementor-element-02344fb\" data-id=\"02344fb\" data-element_type=\"column\" data-e-type=\"column\">\n\t\t\t<div class=\"elementor-widget-wrap elementor-element-populated\">\n\t\t\t\t\t\t<div class=\"elementor-element elementor-element-92f9ad3 elementor-widget elementor-widget-jet-engine-booking-form\" data-id=\"92f9ad3\" data-element_type=\"widget\" data-e-type=\"widget\" data-widget_type=\"jet-engine-booking-form.default\">\n\t\t\t\t<div class=\"elementor-widget-container\">\n\t\t\t\t\t<form  class=\"jet-form layout-column submit-type-ajax\" action=\"\/de\/wp-json\/wp\/v2\/pages\/18514?jet_engine_action=book&#038;nocache=1776613027\" method=\"POST\" data-form-id=\"18500\" data-trp-original-action=\"\/de\/wp-json\/wp\/v2\/pages\/18514?jet_engine_action=book&#038;nocache=1776613027\"><input class=\"jet-form__field hidden-field\" type=\"hidden\" name=\"_jet_engine_booking_form_id\" value=\"18500\" data-field-name=\"_jet_engine_booking_form_id\"><input class=\"jet-form__field hidden-field\" type=\"hidden\" name=\"_jet_engine_refer\" value=\"https:\/\/sportsclubtour.com\/de\/wp-json\/wp\/v2\/pages\/18514\" data-field-name=\"_jet_engine_refer\"><div  class=\"jet-form-row jet-form-row--hidden\"><div class=\"jet-form-col jet-form-col-12  field-type-hidden  jet-form-field-container\" data-field=\"post_id\" data-conditional=\"false\"><input class=\"jet-form__field hidden-field\" type=\"hidden\" name=\"post_id\" value=\"18514\" data-field-name=\"post_id\"><\/div><\/div><div  class=\"jet-form-row jet-form-row--first-visible\"><div class=\"jet-form-col jet-form-col-12  field-type-checkboxes  jet-form-field-container\" data-field=\"datacheckbox\" data-conditional=\"false\"><div class=\"jet-form__label\">\n\t<span class=\"jet-form__label-text\" >Bitte w\u00e4hlen Sie aus, welche Ma\u00dfnahmen Sie bez\u00fcglich Ihrer personenbezogenen Daten ergreifen m\u00f6chten:<span class=\"jet-form__required\">*<\/span><\/span>\n\t<\/div><div class=\"jet-form__fields-group checkradio-wrap\">\t\t<div class=\"jet-form__field-wrap checkboxes-wrap checkradio-wrap\">\n\t\t\t\t\t\t<label class=\"jet-form__field-label\">\n\t\t\t\t<input\n\t\t\t\t\ttype=\"checkbox\"\n\t\t\t\t\tname=\"datacheckbox[]\"\n\t\t\t\t\tclass=\"jet-form__field checkboxes-field checkradio-field checkboxes-group-required\"\n\t\t\t\t\tvalue=\"Access to your data: I would like to request a copy of my personal data.\"\n\t\t\t\t\tdata-field-name=\"datacheckbox\"\n\t\t\t\t\t\t\t\t\t\trequired=\"required\"\t\t\t\t\t\t\t\t\t>\n\t\t\t\tZugriff auf Ihre Daten: Ich m\u00f6chte eine Kopie meiner pers\u00f6nlichen Daten anfordern.\t\t\t<\/label>\n\t\t<\/div>\n\t\t\t\t<div class=\"jet-form__field-wrap checkboxes-wrap checkradio-wrap\">\n\t\t\t\t\t\t<label class=\"jet-form__field-label\">\n\t\t\t\t<input\n\t\t\t\t\ttype=\"checkbox\"\n\t\t\t\t\tname=\"datacheckbox[]\"\n\t\t\t\t\tclass=\"jet-form__field checkboxes-field checkradio-field checkboxes-group-required\"\n\t\t\t\t\tvalue=\" Rectification: I would like to request that my personal data be corrected if it is inaccurate or incomplete.\"\n\t\t\t\t\tdata-field-name=\"datacheckbox\"\n\t\t\t\t\t\t\t\t\t\trequired=\"required\"\t\t\t\t\t\t\t\t\t>\n\t\t\t\t Berichtigung: Ich m\u00f6chte eine Berichtigung meiner personenbezogenen Daten verlangen, sofern diese unrichtig oder unvollst\u00e4ndig sind.\t\t\t<\/label>\n\t\t<\/div>\n\t\t\t\t<div class=\"jet-form__field-wrap checkboxes-wrap checkradio-wrap\">\n\t\t\t\t\t\t<label class=\"jet-form__field-label\">\n\t\t\t\t<input\n\t\t\t\t\ttype=\"checkbox\"\n\t\t\t\t\tname=\"datacheckbox[]\"\n\t\t\t\t\tclass=\"jet-form__field checkboxes-field checkradio-field checkboxes-group-required\"\n\t\t\t\t\tvalue=\"Deletion: I would like to request the deletion of my personal data from your records\"\n\t\t\t\t\tdata-field-name=\"datacheckbox\"\n\t\t\t\t\t\t\t\t\t\trequired=\"required\"\t\t\t\t\t\t\t\t\t>\n\t\t\t\tL\u00f6schung: Ich m\u00f6chte die L\u00f6schung meiner pers\u00f6nlichen Daten aus Ihren Aufzeichnungen beantragen\t\t\t<\/label>\n\t\t<\/div>\n\t\t\t\t<div class=\"jet-form__field-wrap checkboxes-wrap checkradio-wrap\">\n\t\t\t\t\t\t<label class=\"jet-form__field-label\">\n\t\t\t\t<input\n\t\t\t\t\ttype=\"checkbox\"\n\t\t\t\t\tname=\"datacheckbox[]\"\n\t\t\t\t\tclass=\"jet-form__field checkboxes-field checkradio-field checkboxes-group-required\"\n\t\t\t\t\tvalue=\"Restriction of processing: I would like to request the restriction of processing my personal data.\"\n\t\t\t\t\tdata-field-name=\"datacheckbox\"\n\t\t\t\t\t\t\t\t\t\trequired=\"required\"\t\t\t\t\t\t\t\t\t>\n\t\t\t\tEinschr\u00e4nkung der Verarbeitung: Ich m\u00f6chte die Einschr\u00e4nkung der Verarbeitung meiner personenbezogenen Daten verlangen.\t\t\t<\/label>\n\t\t<\/div>\n\t\t\t\t<div class=\"jet-form__field-wrap checkboxes-wrap checkradio-wrap\">\n\t\t\t\t\t\t<label class=\"jet-form__field-label\">\n\t\t\t\t<input\n\t\t\t\t\ttype=\"checkbox\"\n\t\t\t\t\tname=\"datacheckbox[]\"\n\t\t\t\t\tclass=\"jet-form__field checkboxes-field checkradio-field checkboxes-group-required\"\n\t\t\t\t\tvalue=\"Portability: I would like to request that my personal data be provided in a machine-readable format for transfer to another service provider.\"\n\t\t\t\t\tdata-field-name=\"datacheckbox\"\n\t\t\t\t\t\t\t\t\t\trequired=\"required\"\t\t\t\t\t\t\t\t\t>\n\t\t\t\tPortabilit\u00e4t: Ich m\u00f6chte die Bereitstellung meiner personenbezogenen Daten in einem maschinenlesbaren Format f\u00fcr die \u00dcbertragung an einen anderen Dienstanbieter beantragen.\t\t\t<\/label>\n\t\t<\/div>\n\t\t<\/div><\/div><\/div><div  class=\"jet-form-row\"><div class=\"jet-form-col jet-form-col-6  field-type-text  jet-form-field-container\" data-field=\"name\" data-conditional=\"false\"><input class=\"jet-form__field text-field\" placeholder=\"Name\" required=\"required\" name=\"name\" id=\"name\" type=\"text\" data-field-name=\"name\"><\/div><div class=\"jet-form-col jet-form-col-6  field-type-text  jet-form-field-container\" data-field=\"lastname\" data-conditional=\"false\"><input class=\"jet-form__field text-field\" placeholder=\"Nachname\" required=\"required\" name=\"lastname\" id=\"lastname\" type=\"text\" data-field-name=\"lastname\"><\/div><\/div><div  class=\"jet-form-row\"><div class=\"jet-form-col jet-form-col-12  field-type-text  jet-form-field-container\" data-field=\"email\" data-conditional=\"false\"><input class=\"jet-form__field text-field\" placeholder=\"E-Mail\" required=\"required\" name=\"email\" id=\"email\" type=\"email\" data-field-name=\"email\"><\/div><\/div><div  class=\"jet-form-row\"><div class=\"jet-form-col jet-form-col-12  field-type-textarea  jet-form-field-container\" data-field=\"clienttext\" data-conditional=\"false\"><textarea class=\"jet-form__field textarea-field\" placeholder=\"Kundentext\" name=\"clienttext\" data-field-name=\"clienttext\" id=\"clienttext\">You can write an additional comment here<\/textarea><\/div><\/div><div  class=\"jet-form-row jet-form-row--submit\"><div class=\"jet-form-col jet-form-col-12  field-type-submit  jet-form-field-container\" data-field=\"Submit\" data-conditional=\"false\"><div class=\"jet-form__submit-wrap\">\n\t\t<button class=\"jet-form__submit submit-type-ajax\" type=\"button\">Einreichen<\/button>\n<\/div><\/div><\/div><input class=\"jet-form__field hidden-field\" type=\"hidden\" name=\"_jet_engine_nonce\" value=\"0bfd073c33\" data-field-name=\"_jet_engine_nonce\"><input type=\"hidden\" name=\"trp-form-language\" value=\"de\"\/><\/form><div class=\"jet-form-messages-wrap\" data-form-id=\"18500\"><\/div>\t\t\t\t<\/div>\n\t\t\t\t<\/div>\n\t\t\t\t\t<\/div>\n\t\t<\/div>\n\t\t\t\t\t<\/div>\n\t\t<\/section>\n\t\t\t\t<\/div>","protected":false},"excerpt":{"rendered":"<p>At SportsClubTour, we take your privacy and data protection seriously. Under the General Data Protection Regulation (GDPR), you have the right to request the deletion of your personal data that we have collected or processed. If you wish to exercise this right, please use the form below to submit your request. What Data is Affected? [&hellip;]<\/p>\n","protected":false},"author":1,"featured_media":0,"parent":0,"menu_order":0,"comment_status":"closed","ping_status":"closed","template":"","meta":{"footnotes":""},"class_list":["post-18514","page","type-page","status-publish","hentry"],"_links":{"self":[{"href":"https:\/\/sportsclubtour.com\/de\/wp-json\/wp\/v2\/pages\/18514","targetHints":{"allow":["GET"]}}],"collection":[{"href":"https:\/\/sportsclubtour.com\/de\/wp-json\/wp\/v2\/pages"}],"about":[{"href":"https:\/\/sportsclubtour.com\/de\/wp-json\/wp\/v2\/types\/page"}],"author":[{"embeddable":true,"href":"https:\/\/sportsclubtour.com\/de\/wp-json\/wp\/v2\/users\/1"}],"replies":[{"embeddable":true,"href":"https:\/\/sportsclubtour.com\/de\/wp-json\/wp\/v2\/comments?post=18514"}],"version-history":[{"count":17,"href":"https:\/\/sportsclubtour.com\/de\/wp-json\/wp\/v2\/pages\/18514\/revisions"}],"predecessor-version":[{"id":20003,"href":"https:\/\/sportsclubtour.com\/de\/wp-json\/wp\/v2\/pages\/18514\/revisions\/20003"}],"wp:attachment":[{"href":"https:\/\/sportsclubtour.com\/de\/wp-json\/wp\/v2\/media?parent=18514"}],"curies":[{"name":"wp","href":"https:\/\/api.w.org\/{rel}","templated":true}]}}