{"id":3592,"date":"2021-02-02T11:07:04","date_gmt":"2021-02-02T10:07:04","guid":{"rendered":"http:\/\/sportsclubtour.com\/?page_id=3592"},"modified":"2026-04-14T18:58:07","modified_gmt":"2026-04-14T16:58:07","slug":"datenschutzrichtlinie","status":"publish","type":"page","link":"https:\/\/sportsclubtour.com\/de\/datenschutzrichtlinie\/","title":{"rendered":"Datenschutzrichtlinie"},"content":{"rendered":"<div data-elementor-type=\"wp-page\" data-elementor-id=\"3592\" class=\"elementor elementor-3592\" data-elementor-post-type=\"page\">\n\t\t\t\t\t\t<section class=\"elementor-section elementor-top-section elementor-element elementor-element-974e250 elementor-section-stretched elementor-section-boxed elementor-section-height-default elementor-section-height-default\" data-id=\"974e250\" data-element_type=\"section\" data-e-type=\"section\" data-settings=\"{&quot;stretch_section&quot;:&quot;section-stretched&quot;}\">\n\t\t\t\t\t\t<div class=\"elementor-container elementor-column-gap-default\">\n\t\t\t\t\t<div class=\"elementor-column elementor-col-100 elementor-top-column elementor-element elementor-element-cd58082\" data-id=\"cd58082\" data-element_type=\"column\" data-e-type=\"column\">\n\t\t\t<div class=\"elementor-widget-wrap elementor-element-populated\">\n\t\t\t\t\t\t<div class=\"elementor-element elementor-element-2a20368 elementor-widget elementor-widget-heading\" data-id=\"2a20368\" data-element_type=\"widget\" data-e-type=\"widget\" data-widget_type=\"heading.default\">\n\t\t\t\t<div class=\"elementor-widget-container\">\n\t\t\t\t\t<h2 class=\"elementor-heading-title elementor-size-default\">Datenschutzrichtlinie<\/h2>\t\t\t\t<\/div>\n\t\t\t\t<\/div>\n\t\t\t\t<div class=\"elementor-element elementor-element-f0cdaea elementor-widget elementor-widget-text-editor\" data-id=\"f0cdaea\" data-element_type=\"widget\" data-e-type=\"widget\" data-widget_type=\"text-editor.default\">\n\t\t\t\t<div class=\"elementor-widget-container\">\n\t\t\t\t\t\t\t\t\t<p data-start=\"259\" data-end=\"326\"><strong data-start=\"259\" data-end=\"295\">Padel Land SL (SportsClubTour)<\/strong><br data-start=\"295\" data-end=\"298\" \/><strong data-start=\"298\" data-end=\"326\">Letzte Aktualisierung: 14.04.2026<\/strong><\/p><hr data-start=\"328\" data-end=\"331\" \/><h2 data-section-id=\"1htd4ye\" data-start=\"333\" data-end=\"354\">1. DATENVERANTWORTLICHER<\/h2><p data-start=\"356\" data-end=\"464\">Gem\u00e4\u00df Verordnung (EU) 2016\/679 (DSGVO) und dem spanischen Organgesetz 3\/2018 (LOPDGDD) ist der Verantwortliche f\u00fcr die Datenverarbeitung:<\/p><ul data-start=\"466\" data-end=\"677\"><li data-section-id=\"7u06om\" data-start=\"466\" data-end=\"503\"><strong data-start=\"468\" data-end=\"485\">Name der Firma:<\/strong> Padel Land SL.<\/li><li data-section-id=\"16dhs73\" data-start=\"504\" data-end=\"526\"><strong data-start=\"506\" data-end=\"514\">CIF:<\/strong> B27585835<\/li><li data-section-id=\"r1dkyp\" data-start=\"527\" data-end=\"607\"><strong data-start=\"529\" data-end=\"552\">Registrierte Adresse:<\/strong> Calle Jineta 28, casa 65, 29649 Mijas, M\u00e1laga, Spanien<\/li><li data-section-id=\"zuwn7m\" data-start=\"608\" data-end=\"646\"><strong data-start=\"610\" data-end=\"620\">E-Mail:<\/strong> <a class=\"decorated-link cursor-pointer\" rel=\"noopener\" data-start=\"621\" data-end=\"644\">info@sportsclubtour.com<\/a><\/li><li data-section-id=\"tm0r24\" data-start=\"647\" data-end=\"677\"><strong data-start=\"649\" data-end=\"659\">Telefon:<\/strong> +34 681 680 384<\/li><\/ul><hr data-start=\"679\" data-end=\"682\" \/><h2 data-section-id=\"b0f11\" data-start=\"684\" data-end=\"716\">2. ZWECK DER DATENVERARBEITUNG<\/h2><p data-start=\"718\" data-end=\"782\">Wir erheben und verarbeiten personenbezogene Daten zu folgenden Zwecken:<\/p><ul data-start=\"784\" data-end=\"1076\"><li data-section-id=\"1onb5ha\" data-start=\"784\" data-end=\"830\">Zur Verwaltung von Buchungen und vertraglich vereinbarten Dienstleistungen<\/li><li data-section-id=\"1u0lu4w\" data-start=\"831\" data-end=\"889\">Um mit Nutzern bez\u00fcglich ihrer Reservierungen zu kommunizieren<\/li><li data-section-id=\"1gpwiwd\" data-start=\"890\" data-end=\"946\">Um Kundensupport zu leisten und Anfragen zu beantworten<\/li><li data-section-id=\"1el1tqf\" data-start=\"947\" data-end=\"1031\">Um Ihnen relevante Informationen zu unseren Dienstleistungen zukommen zu lassen (sofern Sie Ihre Einwilligung dazu erteilt haben).<\/li><li data-section-id=\"1w2qwj5\" data-start=\"1032\" data-end=\"1076\">Zur Erf\u00fcllung rechtlicher und steuerlicher Verpflichtungen<\/li><\/ul><hr data-start=\"1078\" data-end=\"1081\" \/><h2 data-section-id=\"1i4gji9\" data-start=\"1083\" data-end=\"1115\">3. Rechtsgrundlage f\u00fcr die Verarbeitung<\/h2><p data-start=\"1117\" data-end=\"1153\">Die Verarbeitung personenbezogener Daten erfolgt auf folgender Grundlage:<\/p><ul data-start=\"1155\" data-end=\"1462\"><li data-section-id=\"omztvr\" data-start=\"1155\" data-end=\"1225\"><strong data-start=\"1157\" data-end=\"1183\">Vertragliche Notwendigkeit:<\/strong> Buchungen verwalten und Dienstleistungen erbringen<\/li><li data-section-id=\"1y7jl9v\" data-start=\"1226\" data-end=\"1300\"><strong data-start=\"1228\" data-end=\"1240\">Zustimmung:<\/strong> f\u00fcr Marketingkommunikation und optionale Datenerfassung<\/li><li data-section-id=\"1h4kvh0\" data-start=\"1301\" data-end=\"1382\"><strong data-start=\"1303\" data-end=\"1324\">Rechtliche Verpflichtung:<\/strong> Einhaltung der steuerlichen, buchhalterischen und rechtlichen Anforderungen<\/li><li data-section-id=\"1bspfsd\" data-start=\"1383\" data-end=\"1462\"><strong data-start=\"1385\" data-end=\"1409\">Berechtigtes Interesse:<\/strong> um die Dienstleistungen zu verbessern und den Gesch\u00e4ftsbetrieb sicherzustellen<\/li><\/ul><hr data-start=\"1464\" data-end=\"1467\" \/><h2 data-section-id=\"7za2j3\" data-start=\"1469\" data-end=\"1503\">4. Kategorien der gesammelten Daten<\/h2><p data-start=\"1505\" data-end=\"1548\">Wir k\u00f6nnen folgende personenbezogene Daten erheben:<\/p><ul data-start=\"1550\" data-end=\"1853\"><li data-section-id=\"11wjgeo\" data-start=\"1550\" data-end=\"1588\">Identifikationsdaten: Name, Nachname<\/li><li data-section-id=\"1ai6f0r\" data-start=\"1589\" data-end=\"1634\">Kontaktdaten: E-Mail-Adresse, Telefonnummer<\/li><li data-section-id=\"hnrwd7\" data-start=\"1635\" data-end=\"1709\">Buchungsdetails: Unterkunftsw\u00fcnsche, Sportniveau, Camp-Details<\/li><li data-section-id=\"1bt13jk\" data-start=\"1710\" data-end=\"1776\">Rechnungsdaten: Adresse, Steueridentifikationsnummer (falls erforderlich)<\/li><li data-section-id=\"bufa1b\" data-start=\"1777\" data-end=\"1853\">Technische Daten: IP-Adresse, Surfverhalten (\u00fcber Cookies, sofern akzeptiert)<\/li><\/ul><hr data-start=\"1855\" data-end=\"1858\" \/><h2 data-section-id=\"q85s7j\" data-start=\"1860\" data-end=\"1897\">5. DATENWEITERGABE AN DRITTE<\/h2><p data-start=\"1899\" data-end=\"2011\">Personenbezogene Daten k\u00f6nnen an Dritte weitergegeben werden, sofern dies zur Erbringung der vertraglich vereinbarten Leistungen unbedingt erforderlich ist, einschlie\u00dflich:<\/p><ul data-start=\"2013\" data-end=\"2177\"><li data-section-id=\"7oq5k2\" data-start=\"2013\" data-end=\"2040\">Unterkunftsanbieter<\/li><li data-section-id=\"1l596sh\" data-start=\"2041\" data-end=\"2069\">Sportvereine und Trainer<\/li><li data-section-id=\"12y4y7t\" data-start=\"2070\" data-end=\"2093\">Transportanbieter<\/li><li data-section-id=\"16k2eo7\" data-start=\"2094\" data-end=\"2148\">Zahlungsdienstleister (z. B. Revolut, Stripe, PayPal)<\/li><li data-section-id=\"8or2lo\" data-start=\"2149\" data-end=\"2177\">IT- und Hosting-Anbieter<\/li><\/ul><p data-start=\"2179\" data-end=\"2290\">Diese Drittparteien sind vertraglich verpflichtet, Daten in \u00dcbereinstimmung mit den geltenden Datenschutzgesetzen zu verarbeiten.<\/p><p data-start=\"2292\" data-end=\"2337\">Wir verkaufen, vermieten oder tauschen keine personenbezogenen Daten.<\/p><hr data-start=\"2339\" data-end=\"2342\" \/><h2 data-section-id=\"171zxhr\" data-start=\"2344\" data-end=\"2378\">6. INTERNATIONALE DATEN\u00dcBERMITTLUNG<\/h2><p data-start=\"2380\" data-end=\"2571\">Einige Dienstleister k\u00f6nnen ihren Sitz au\u00dferhalb des Europ\u00e4ischen Wirtschaftsraums (EWR) haben. In solchen F\u00e4llen werden geeignete Schutzma\u00dfnahmen gem\u00e4\u00df der DSGVO angewendet (z. B. Standardvertragsklauseln).<\/p><hr data-start=\"2573\" data-end=\"2576\" \/><h2 data-section-id=\"65ut38\" data-start=\"2578\" data-end=\"2616\">7. WhatsApp und Kommunikationsmittel<\/h2><p data-start=\"2618\" data-end=\"2775\">Die Teilnehmer k\u00f6nnen in WhatsApp-Gruppen oder \u00e4hnliche Kommunikationsmittel eingebunden werden, um die Koordination w\u00e4hrend der Camps zu erleichtern (z. B. Zeitpl\u00e4ne, Aktualisierungen, Logistik).<\/p><p data-start=\"2777\" data-end=\"2839\">Mit der Buchung eines Services akzeptieren die Nutzer diese Kommunikationsform.<\/p><hr data-start=\"2841\" data-end=\"2844\" \/><h2 data-section-id=\"etyrjr\" data-start=\"2846\" data-end=\"2866\">8. DATENAUFBEWAHRUNG<\/h2><p data-start=\"2868\" data-end=\"2903\">Personenbezogene Daten werden f\u00fcr folgende Zwecke aufbewahrt:<\/p><ul data-start=\"2905\" data-end=\"3065\"><li data-section-id=\"t9jkp5\" data-start=\"2905\" data-end=\"2963\"><strong data-start=\"2907\" data-end=\"2919\">Kunden:<\/strong> bis zu 6 Jahre (rechtliche und steuerliche Verpflichtungen)<\/li><li data-section-id=\"qfrk3y\" data-start=\"2964\" data-end=\"3014\"><strong data-start=\"2966\" data-end=\"2993\">Interessenten und Kontakte:<\/strong> bis zu 12\u201324 Monate<\/li><li data-section-id=\"1k0l9w4\" data-start=\"3015\" data-end=\"3065\"><strong data-start=\"3017\" data-end=\"3036\">Marketingdaten:<\/strong> bis zum Widerruf der Einwilligung<\/li><\/ul><p data-start=\"3067\" data-end=\"3117\">Daten k\u00f6nnen l\u00e4nger aufbewahrt werden, wenn dies gesetzlich vorgeschrieben ist.<\/p><hr data-start=\"3119\" data-end=\"3122\" \/><h2 data-section-id=\"rdtjtc\" data-start=\"3124\" data-end=\"3141\">9. NUTZERRECHTE<\/h2><p data-start=\"3143\" data-end=\"3167\">Nutzer haben das Recht auf:<\/p><ul data-start=\"3169\" data-end=\"3382\"><li data-section-id=\"5tqbq\" data-start=\"3169\" data-end=\"3199\">Zugriff auf ihre pers\u00f6nlichen Daten<\/li><li data-section-id=\"4biedl\" data-start=\"3200\" data-end=\"3244\">Antrag auf Berichtigung unrichtiger Daten<\/li><li data-section-id=\"qkdk2x\" data-start=\"3245\" data-end=\"3291\">Antrag auf L\u00f6schung (\u201cRecht auf Vergessenwerden\u201d)<\/li><li data-section-id=\"6c2noz\" data-start=\"3292\" data-end=\"3328\">Einschr\u00e4nkung der Bearbeitungsanfrage<\/li><li data-section-id=\"1h52t71\" data-start=\"3329\" data-end=\"3353\">Objekt zur Verarbeitung<\/li><li data-section-id=\"hacwqa\" data-start=\"3354\" data-end=\"3382\">Anfrage zur Daten\u00fcbertragung<\/li><\/ul><p data-start=\"3384\" data-end=\"3483\">Um diese Rechte auszu\u00fcben, wenden Sie sich bitte an: <strong data-start=\"3419\" data-end=\"3446\"><a class=\"decorated-link cursor-pointer\" rel=\"noopener\" data-start=\"3421\" data-end=\"3444\">info@sportsclubtour.com<\/a><\/strong><br data-start=\"3446\" data-end=\"3449\" \/>Thema: <em data-start=\"3458\" data-end=\"3483\">Datenschutzanfrage<\/em><\/p><p data-start=\"3485\" data-end=\"3604\">Nutzer haben au\u00dferdem das Recht, eine Beschwerde bei der spanischen Datenschutzbeh\u00f6rde (AEPD) einzureichen:<br data-start=\"3582\" data-end=\"3585\" \/><a class=\"decorated-link\" href=\"https:\/\/www.aepd.es\" target=\"_new\" rel=\"noopener nofollow\" data-start=\"3585\" data-end=\"3604\">https:\/\/www.aepd.es<\/a><\/p><hr data-start=\"3606\" data-end=\"3609\" \/><h2 data-section-id=\"1w1x624\" data-start=\"3611\" data-end=\"3631\">10. DATENSICHERHEIT<\/h2><p data-start=\"3633\" data-end=\"3770\">Wir setzen geeignete technische und organisatorische Ma\u00dfnahmen ein, um personenbezogene Daten vor unbefugtem Zugriff, Verlust oder Ver\u00e4nderung zu sch\u00fctzen.<\/p><p data-start=\"3772\" data-end=\"3856\">Allerdings ist kein System v\u00f6llig sicher, und absolute Sicherheit kann nicht garantiert werden.<\/p><hr data-start=\"3858\" data-end=\"3861\" \/><h2 data-section-id=\"rzxa1o\" data-start=\"3863\" data-end=\"3877\">11. KEKSE<\/h2><p data-start=\"3879\" data-end=\"3983\">Diese Website verwendet Cookies und \u00e4hnliche Technologien, um die Benutzerfreundlichkeit zu verbessern und die Website-Nutzung zu analysieren.<\/p><p data-start=\"3985\" data-end=\"4067\">Nutzer k\u00f6nnen Cookies \u00fcber das Cookie-Banner und die Browsereinstellungen verwalten oder ablehnen.<\/p><p data-start=\"4069\" data-end=\"4125\">Weitere Informationen finden Sie in unserer Cookie-Richtlinie.<\/p><hr data-start=\"4127\" data-end=\"4130\" \/><h2 data-section-id=\"jra46e\" data-start=\"4132\" data-end=\"4159\">12. DIENSTLEISTUNGEN DRITTER<\/h2><p data-start=\"4161\" data-end=\"4230\">Wir nutzen Drittanbieter, die f\u00fcr unseren Gesch\u00e4ftsbetrieb notwendig sind, darunter:<\/p><ul data-start=\"4232\" data-end=\"4417\"><li data-section-id=\"1ukawcl\" data-start=\"4232\" data-end=\"4254\">Hosting: Hostinger<\/li><li data-section-id=\"efaewv\" data-start=\"4255\" data-end=\"4286\">Website-Plattform: WordPress<\/li><li data-section-id=\"1njo4bv\" data-start=\"4287\" data-end=\"4338\">E-Mail-Marketing: EasyMailing (oder \u00e4hnliche Tools)<\/li><li data-section-id=\"1whyzaz\" data-start=\"4339\" data-end=\"4370\">Analysetools: Google Analytics<\/li><li data-section-id=\"1cq1a11\" data-start=\"4371\" data-end=\"4417\">Zahlungsanbieter: Revolut, Stripe, PayPal<\/li><\/ul><p data-start=\"4419\" data-end=\"4494\">Diese Anbieter verarbeiten personenbezogene Daten gem\u00e4\u00df ihren eigenen Datenschutzrichtlinien.<\/p><hr data-start=\"4496\" data-end=\"4499\" \/><h2 data-section-id=\"4bxu3\" data-start=\"4501\" data-end=\"4522\">13. Aktualisierungen der Richtlinien<\/h2><p data-start=\"4524\" data-end=\"4627\">Wir behalten uns das Recht vor, diese Datenschutzrichtlinie jederzeit zu \u00e4ndern, um rechtlichen oder betrieblichen \u00c4nderungen Rechnung zu tragen.<\/p><p data-start=\"4629\" data-end=\"4690\">Aktualisierungen werden auf dieser Seite mit dem jeweiligen Datum ver\u00f6ffentlicht.<\/p><hr data-start=\"4692\" data-end=\"4695\" \/><h2 data-section-id=\"18bxjda\" data-start=\"4697\" data-end=\"4711\">14. KONTAKT<\/h2><p data-start=\"4713\" data-end=\"4780\">Bei Fragen zu dieser Datenschutzrichtlinie oder zur Datenverarbeitung:<\/p><p data-start=\"4782\" data-end=\"4831\">\ud83d\udce7 <a class=\"decorated-link cursor-pointer\" rel=\"noopener\" data-start=\"4785\" data-end=\"4808\">info@sportsclubtour.com<\/a><br data-start=\"4808\" data-end=\"4811\" \/>\ud83d\udcde +34 681 680 384<\/p>\t\t\t\t\t\t\t\t<\/div>\n\t\t\t\t<\/div>\n\t\t\t\t\t<\/div>\n\t\t<\/div>\n\t\t\t\t\t<\/div>\n\t\t<\/section>\n\t\t\t\t<\/div>","protected":false},"excerpt":{"rendered":"<p>Padel Land S.L. (SportsClubTour)Last updated: 14\/04\/2026 1. DATA CONTROLLER In accordance with Regulation (EU) 2016\/679 (GDPR) and Organic Law 3\/2018 (LOPDGDD), the data controller is: Company name: Padel Land S.L. CIF: B27585835 Registered address: Calle Jineta 28, casa 65, 29649 Mijas, M\u00e1laga, Spain Email: info@sportsclubtour.com Phone: +34 681 680 384 2. PURPOSE OF DATA PROCESSING [&hellip;]<\/p>\n","protected":false},"author":1,"featured_media":0,"parent":0,"menu_order":0,"comment_status":"closed","ping_status":"closed","template":"elementor_header_footer","meta":{"footnotes":""},"class_list":["post-3592","page","type-page","status-publish","hentry"],"_links":{"self":[{"href":"https:\/\/sportsclubtour.com\/de\/wp-json\/wp\/v2\/pages\/3592","targetHints":{"allow":["GET"]}}],"collection":[{"href":"https:\/\/sportsclubtour.com\/de\/wp-json\/wp\/v2\/pages"}],"about":[{"href":"https:\/\/sportsclubtour.com\/de\/wp-json\/wp\/v2\/types\/page"}],"author":[{"embeddable":true,"href":"https:\/\/sportsclubtour.com\/de\/wp-json\/wp\/v2\/users\/1"}],"replies":[{"embeddable":true,"href":"https:\/\/sportsclubtour.com\/de\/wp-json\/wp\/v2\/comments?post=3592"}],"version-history":[{"count":21,"href":"https:\/\/sportsclubtour.com\/de\/wp-json\/wp\/v2\/pages\/3592\/revisions"}],"predecessor-version":[{"id":20000,"href":"https:\/\/sportsclubtour.com\/de\/wp-json\/wp\/v2\/pages\/3592\/revisions\/20000"}],"wp:attachment":[{"href":"https:\/\/sportsclubtour.com\/de\/wp-json\/wp\/v2\/media?parent=3592"}],"curies":[{"name":"wp","href":"https:\/\/api.w.org\/{rel}","templated":true}]}}