{"id":3607,"date":"2021-02-02T11:26:46","date_gmt":"2021-02-02T10:26:46","guid":{"rendered":"http:\/\/sportsclubtour.com\/?page_id=3607"},"modified":"2025-08-06T21:09:18","modified_gmt":"2025-08-06T19:09:18","slug":"storno-und-ermabigungsbedingungen","status":"publish","type":"page","link":"https:\/\/sportsclubtour.com\/de\/storno-und-ermabigungsbedingungen\/","title":{"rendered":"Stornierungs- und Erm\u00e4\u00dfigungsbedingungen"},"content":{"rendered":"<div data-elementor-type=\"wp-page\" data-elementor-id=\"3607\" class=\"elementor elementor-3607\" data-elementor-post-type=\"page\">\n\t\t\t\t\t\t<section class=\"elementor-section elementor-top-section elementor-element elementor-element-dba096f elementor-section-boxed elementor-section-height-default elementor-section-height-default\" data-id=\"dba096f\" data-element_type=\"section\" data-e-type=\"section\">\n\t\t\t\t\t\t<div class=\"elementor-container elementor-column-gap-default\">\n\t\t\t\t\t<div class=\"elementor-column elementor-col-100 elementor-top-column elementor-element elementor-element-1537ab2\" data-id=\"1537ab2\" data-element_type=\"column\" data-e-type=\"column\">\n\t\t\t<div class=\"elementor-widget-wrap elementor-element-populated\">\n\t\t\t\t\t\t<div class=\"elementor-element elementor-element-0ead505 elementor-widget elementor-widget-heading\" data-id=\"0ead505\" data-element_type=\"widget\" data-e-type=\"widget\" data-widget_type=\"heading.default\">\n\t\t\t\t<div class=\"elementor-widget-container\">\n\t\t\t\t\t<h1 class=\"elementor-heading-title elementor-size-default\">Stornierungs- und Erm\u00e4\u00dfigungsbedingungen<\/h1>\t\t\t\t<\/div>\n\t\t\t\t<\/div>\n\t\t\t\t<div class=\"elementor-element elementor-element-1b0ba38 elementor-hidden-desktop elementor-hidden-tablet elementor-hidden-phone elementor-widget elementor-widget-heading\" data-id=\"1b0ba38\" data-element_type=\"widget\" data-e-type=\"widget\" data-widget_type=\"heading.default\">\n\t\t\t\t<div class=\"elementor-widget-container\">\n\t\t\t\t\t<h2 class=\"elementor-heading-title elementor-size-default\">Sonderma\u00dfnahmen COVID-19 Stornierungs- und Erm\u00e4\u00dfigungsrichtlinien<\/h2>\t\t\t\t<\/div>\n\t\t\t\t<\/div>\n\t\t\t\t<div class=\"elementor-element elementor-element-f8c2c91 elementor-hidden-desktop elementor-hidden-tablet elementor-hidden-phone elementor-widget elementor-widget-text-editor\" data-id=\"f8c2c91\" data-element_type=\"widget\" data-e-type=\"widget\" data-widget_type=\"text-editor.default\">\n\t\t\t\t<div class=\"elementor-widget-container\">\n\t\t\t\t\t\t\t\t\t<div class=\"elementor-element elementor-element-2a5f8ce elementor-widget elementor-widget-text-editor\" data-id=\"2a5f8ce\" data-element_type=\"widget\" data-widget_type=\"text-editor.default\"><div class=\"elementor-widget-container\"><div class=\"elementor-text-editor elementor-clearfix\"><p>21\/05\/2019<\/p><\/div><\/div><\/div><div class=\"elementor-element elementor-element-24476f6 elementor-widget elementor-widget-text-editor\" data-id=\"24476f6\" data-element_type=\"widget\" data-widget_type=\"text-editor.default\"><div class=\"elementor-widget-container\"><div class=\"elementor-text-editor elementor-clearfix\"><p>Am 11. M\u00e4rz erkl\u00e4rte die Weltgesundheitsorganisation (WHO) den Ausbruch des Coronavirus zu einer globalen Pandemie. Seitdem hat sich die Krankheit rasch ausgebreitet und Regierungen auf der ganzen Welt haben eifrig Ma\u00dfnahmen ergriffen, um ihre Ausbreitung einzud\u00e4mmen.<br \/>W\u00e4hrend in Spanien der Alarmzustand wegen COVID-19 in Kraft ist, bieten wir unseren Kunden eine den neuen Anforderungen entsprechende Stornierungs- und Erm\u00e4\u00dfigungsrichtlinie an, die wie folgt aussehen wird:<\/p><p>1. Die Zahlungsrichtlinien und Buchungen sind von den neuen Ma\u00dfnahmen der SportsClubTour aufgrund von COVID-19 nicht betroffen.<br \/>2. Stornierungs- und Erm\u00e4\u00dfigungsbestimmungen:<br \/>Stornierungen und Preisnachl\u00e4sse sind bis zu 7 Tage vor Beginn der vertraglich vereinbarten Leistungen und Aktivit\u00e4ten v\u00f6llig frei von den unten beschriebenen Strafen.<br \/>3. F\u00fcr die vertraglich vereinbarten Leistungen, die SportsClubTour aufgrund der Unannehmlichkeiten im Zusammenhang mit COVID-19 nicht erbringen kann, wird der volle Wert der nicht erbrachten Leistungen zur\u00fcckerstattet.<\/p><p>4. Die vom Kunden aufgewendeten Kosten, wie beispielsweise die Bestellung von Sportger\u00e4ten, ob personalisiert oder nicht, aufgrund der vertraglich vereinbarten Leistungen, werden zus\u00e4tzlich zu den oben beschriebenen Prozents\u00e4tzen in voller H\u00f6he berechnet.<\/p><p>Wir verstehen die unterschiedlichen Ursachen, die jeder Teilnehmer in dieser schwierigen Zeit mit COVID-19 durchmachen kann, und wir bieten einen Service an, der diesen Bed\u00fcrfnissen entspricht. Wir garantieren einen qualitativ hochwertigen Service und sind offen f\u00fcr unerwartete \u00c4nderungen, denen wir alle ausgesetzt sind.<\/p><\/div><\/div><\/div>\t\t\t\t\t\t\t\t<\/div>\n\t\t\t\t<\/div>\n\t\t\t\t<div class=\"elementor-element elementor-element-bac76f2 elementor-widget elementor-widget-heading\" data-id=\"bac76f2\" data-element_type=\"widget\" data-e-type=\"widget\" data-widget_type=\"heading.default\">\n\t\t\t\t<div class=\"elementor-widget-container\">\n\t\t\t\t\t<h2 class=\"elementor-heading-title elementor-size-default\">1. Stornierungen<\/h2>\t\t\t\t<\/div>\n\t\t\t\t<\/div>\n\t\t\t\t<div class=\"elementor-element elementor-element-b52dce9 elementor-widget elementor-widget-text-editor\" data-id=\"b52dce9\" data-element_type=\"widget\" data-e-type=\"widget\" data-widget_type=\"text-editor.default\">\n\t\t\t\t<div class=\"elementor-widget-container\">\n\t\t\t\t\t\t\t\t\t<div class=\"elementor-element elementor-element-2a5f8ce elementor-widget elementor-widget-text-editor\" data-id=\"2a5f8ce\" data-element_type=\"widget\" data-widget_type=\"text-editor.default\">\n<div class=\"elementor-widget-container\">\n<div class=\"elementor-text-editor elementor-clearfix\">\n<p>\u2013 Erfolgt die Stornierung innerhalb von 90 Tagen vor Leistungserbringung, fallen keine Stornogeb\u00fchren an.<br>\u2013 Zwischen 90 und 60 Tagen vor der Ankunft wird eine Geb\u00fchr von 251 TP3T des Gesamtbetrags der stornierten Leistungen erhoben.<br>\u2013 Zwischen 60 und 30 Tagen vor der Ankunft wird eine Geb\u00fchr von 501 TP3T des Gesamtbetrags der stornierten Leistungen erhoben.<br>\u2013 Zwischen 30 und 0 Tagen wird eine Geb\u00fchr von 100 % der gesamten stornierten Leistungen erhoben.<\/p>\n<p>S\u00e4mtliche Kosten, die durch die Stornierung der Dienstleistung durch den Kunden entstehen und f\u00fcr die eine R\u00fcckerstattung nicht m\u00f6glich ist, gehen zu Lasten des Kunden, der die Kosten 100% tr\u00e4gt, unabh\u00e4ngig von der verstrichenen Zeitspanne.<\/p>\n<\/div>\n<\/div>\n<\/div>\t\t\t\t\t\t\t\t<\/div>\n\t\t\t\t<\/div>\n\t\t\t\t<div class=\"elementor-element elementor-element-256c14f elementor-widget elementor-widget-heading\" data-id=\"256c14f\" data-element_type=\"widget\" data-e-type=\"widget\" data-widget_type=\"heading.default\">\n\t\t\t\t<div class=\"elementor-widget-container\">\n\t\t\t\t\t<h2 class=\"elementor-heading-title elementor-size-default\">2. Erm\u00e4\u00dfigungen<\/h2>\t\t\t\t<\/div>\n\t\t\t\t<\/div>\n\t\t\t\t<div class=\"elementor-element elementor-element-c8b8c35 elementor-widget elementor-widget-text-editor\" data-id=\"c8b8c35\" data-element_type=\"widget\" data-e-type=\"widget\" data-widget_type=\"text-editor.default\">\n\t\t\t\t<div class=\"elementor-widget-container\">\n\t\t\t\t\t\t\t\t\t<div class=\"elementor-element elementor-element-2a5f8ce elementor-widget elementor-widget-text-editor\" data-id=\"2a5f8ce\" data-element_type=\"widget\" data-widget_type=\"text-editor.default\"><div class=\"elementor-widget-container\"><div class=\"elementor-text-editor elementor-clearfix\"><div class=\"elementor-element elementor-element-2bd9cf5 elementor-widget elementor-widget-text-editor\" data-id=\"2bd9cf5\" data-element_type=\"widget\" data-widget_type=\"text-editor.default\"><div class=\"elementor-widget-container\"><div class=\"elementor-text-editor elementor-clearfix\"><p>\u2013 Wenn der Kunde 90 bis 60 Tage vor der Ankunft eine Reduzierung der Leistungen verlangt, betr\u00e4gt die Reduzierung bis zu 20% der gesamten Leistungen und Buchungen ohne Strafe. Jeder h\u00f6here Prozentsatz wird als \u201eStornierung\u201c betrachtet und entsprechend der angegebenen Tabelle berechnet.<br \/>\u2013 Zwischen 60 und 30 Tagen vor Erbringung der vertraglich vereinbarten Leistungen ist eine Reduzierung der gesamten Leistungen und Buchungen um bis zu 101 TP3T ohne Vertragsstrafe m\u00f6glich. Jeder h\u00f6here Prozentsatz gilt als \u201eStornierung\u201c und wird entsprechend in Rechnung gestellt.<br \/>\u2013 Zwischen 30 und 0 Tagen vor Erbringung der vertraglich vereinbarten Leistungen und Buchungen gilt jede Stornierung als Stornierung und es wird der volle Betrag einschlie\u00dflich aller reservierten Leistungen in Rechnung gestellt.<\/p><\/div><\/div><\/div><div class=\"elementor-element elementor-element-5743cdc elementor-widget elementor-widget-text-editor\" data-id=\"5743cdc\" data-element_type=\"widget\" data-widget_type=\"text-editor.default\"><div class=\"elementor-widget-container\"><div class=\"elementor-text-editor elementor-clearfix\"><p>* F\u00fcr alle mit SportsClubTour.com vertraglich vereinbarten Leistungen gelten diese Stornierungs- und Erm\u00e4\u00dfigungsrichtlinien. Diese Richtlinien k\u00f6nnen nur durch zuvor zwischen beiden Parteien schriftlich getroffene Vereinbarungen ausgeschlossen werden.<\/p><\/div><\/div><\/div><\/div><\/div><\/div>\t\t\t\t\t\t\t\t<\/div>\n\t\t\t\t<\/div>\n\t\t\t\t\t<\/div>\n\t\t<\/div>\n\t\t\t\t\t<\/div>\n\t\t<\/section>\n\t\t\t\t<\/div>","protected":false},"excerpt":{"rendered":"<p>special measures COVID-19 cancellation and reduction policy 21\/05\/2019 On March 11, the World Health Organization (OMS) declared the outbreak of the coronavirus a global pandemic. Since then, it has evolved rapidly and governments around the world have diligently taken steps to curb its spread.While the state of alarm for COVID-19 is active in Spain, we [&hellip;]<\/p>\n","protected":false},"author":1,"featured_media":0,"parent":0,"menu_order":0,"comment_status":"closed","ping_status":"closed","template":"elementor_header_footer","meta":{"footnotes":""},"class_list":["post-3607","page","type-page","status-publish","hentry"],"_links":{"self":[{"href":"https:\/\/sportsclubtour.com\/de\/wp-json\/wp\/v2\/pages\/3607","targetHints":{"allow":["GET"]}}],"collection":[{"href":"https:\/\/sportsclubtour.com\/de\/wp-json\/wp\/v2\/pages"}],"about":[{"href":"https:\/\/sportsclubtour.com\/de\/wp-json\/wp\/v2\/types\/page"}],"author":[{"embeddable":true,"href":"https:\/\/sportsclubtour.com\/de\/wp-json\/wp\/v2\/users\/1"}],"replies":[{"embeddable":true,"href":"https:\/\/sportsclubtour.com\/de\/wp-json\/wp\/v2\/comments?post=3607"}],"version-history":[{"count":17,"href":"https:\/\/sportsclubtour.com\/de\/wp-json\/wp\/v2\/pages\/3607\/revisions"}],"predecessor-version":[{"id":19120,"href":"https:\/\/sportsclubtour.com\/de\/wp-json\/wp\/v2\/pages\/3607\/revisions\/19120"}],"wp:attachment":[{"href":"https:\/\/sportsclubtour.com\/de\/wp-json\/wp\/v2\/media?parent=3607"}],"curies":[{"name":"wp","href":"https:\/\/api.w.org\/{rel}","templated":true}]}}