{"id":3616,"date":"2021-02-02T11:34:48","date_gmt":"2021-02-02T10:34:48","guid":{"rendered":"http:\/\/sportsclubtour.com\/?page_id=3616"},"modified":"2025-09-09T15:45:19","modified_gmt":"2025-09-09T13:45:19","slug":"cookie-richtlinie","status":"publish","type":"page","link":"https:\/\/sportsclubtour.com\/de\/cookie-richtlinie\/","title":{"rendered":"Cookie-Richtlinie"},"content":{"rendered":"<div data-elementor-type=\"wp-page\" data-elementor-id=\"3616\" class=\"elementor elementor-3616\" data-elementor-post-type=\"page\">\n\t\t\t\t\t\t<section class=\"elementor-section elementor-top-section elementor-element elementor-element-f9eed9f elementor-section-boxed elementor-section-height-default elementor-section-height-default\" data-id=\"f9eed9f\" data-element_type=\"section\" data-e-type=\"section\">\n\t\t\t\t\t\t<div class=\"elementor-container elementor-column-gap-default\">\n\t\t\t\t\t<div class=\"elementor-column elementor-col-100 elementor-top-column elementor-element elementor-element-8bfc7a9\" data-id=\"8bfc7a9\" data-element_type=\"column\" data-e-type=\"column\">\n\t\t\t<div class=\"elementor-widget-wrap elementor-element-populated\">\n\t\t\t\t\t\t<div class=\"elementor-element elementor-element-40d1c98 elementor-widget elementor-widget-heading\" data-id=\"40d1c98\" data-element_type=\"widget\" data-e-type=\"widget\" data-widget_type=\"heading.default\">\n\t\t\t\t<div class=\"elementor-widget-container\">\n\t\t\t\t\t<h2 class=\"elementor-heading-title elementor-size-default\">Cookie-Richtlinie<\/h2>\t\t\t\t<\/div>\n\t\t\t\t<\/div>\n\t\t\t\t<div class=\"elementor-element elementor-element-cf4b1fb elementor-widget elementor-widget-text-editor\" data-id=\"cf4b1fb\" data-element_type=\"widget\" data-e-type=\"widget\" data-widget_type=\"text-editor.default\">\n\t\t\t\t<div class=\"elementor-widget-container\">\n\t\t\t\t\t\t\t\t\t<p>Ein Cookie ist eine Datei, die auf Ihren Computer heruntergeladen wird, wenn Sie auf bestimmte Webseiten zugreifen. Cookies erm\u00f6glichen es einer Webseite unter anderem, Informationen \u00fcber die Surfgewohnheiten eines Benutzers oder seines Computers zu speichern und abzurufen. Je nach den darin enthaltenen Informationen und der Art und Weise, wie Sie Ihre Ger\u00e4te verwenden, k\u00f6nnen Cookies dazu verwendet werden, den Benutzer wiederzuerkennen.<\/p><p>Der Browser des Benutzers speichert Cookies nur w\u00e4hrend der aktuellen Sitzung auf der Festplatte. Dabei belegen sie nur minimalen Speicherplatz und schaden dem Computer nicht. Cookies enthalten keine spezifischen pers\u00f6nlichen Informationen und die meisten von ihnen werden am Ende der Browsersitzung von der Festplatte gel\u00f6scht (sogenannte Sitzungscookies).<\/p><p>Die meisten Browser akzeptieren Cookies standardm\u00e4\u00dfig und k\u00f6nnen in den Sicherheitseinstellungen unabh\u00e4ngig davon tempor\u00e4re oder gespeicherte Cookies zulassen oder verhindern.<\/p><p>Ohne Ihre ausdr\u00fcckliche Einwilligung \u2013 etwa durch Aktivierung der Cookies in Ihrem Browser \u2013 wird sportsclubtour.com die in Cookies gespeicherten Daten nicht mit Ihren personenbezogenen Daten verkn\u00fcpfen, die Sie bei der Registrierung oder beim Einkauf angegeben haben.<\/p><p>Welche Arten von Cookies verwendet diese Website?<\/p><p>Technische Cookies: Dies sind diejenigen, die dem Benutzer das Navigieren durch eine Webseite, Plattform oder Anwendung und die Verwendung der verschiedenen darin vorhandenen Optionen oder Dienste erm\u00f6glichen, wie z. B. die Steuerung des Datenverkehrs und der Datenkommunikation, die Identifizierung der Sitzung, den Zugriff auf Teile mit beschr\u00e4nktem Zugriff, das Speichern der Elemente, die eine Bestellung integrieren, die Durchf\u00fchrung des Kaufvorgangs einer Bestellung, das Einreichen eines Antrags auf Registrierung oder Teilnahme an einer Veranstaltung, die Verwendung von Sicherheitsfunktionen w\u00e4hrend der Navigation, das Speichern von Inhalten f\u00fcr die Verbreitung von Videos oder Ton oder das Teilen von Inhalten \u00fcber soziale Netzwerke.<\/p><p>Personalisierungs-Cookies: Dies sind diejenigen, die dem Benutzer den Zugriff auf den Dienst mit einigen vordefinierten allgemeinen Merkmalen erm\u00f6glichen, die auf einer Reihe von Kriterien im Endger\u00e4t des Benutzers basieren, wie z. B. der Sprache, dem Browsertyp, \u00fcber den auf den Dienst zugegriffen wird, den regionalen Einstellungen, von denen aus Sie auf den Dienst zugreifen, usw.<\/p><p>Analyse-Cookies: Diese werden von uns oder von Dritten verarbeitet und erm\u00f6glichen es uns, die Anzahl der Benutzer zu quantifizieren und so die statistische Messung und Analyse der Nutzung des angebotenen Dienstes durch die Benutzer durchzuf\u00fchren. Dazu analysieren wir Ihre Navigation auf unserer Website, um das Angebot der von uns angebotenen Produkte oder Dienstleistungen zu verbessern.<\/p><p>Werbe-Cookies: Diese Cookies werden von uns oder von Dritten ordnungsgem\u00e4\u00df verarbeitet und erm\u00f6glichen es uns, das Angebot an Werbefl\u00e4chen auf der Website so effektiv wie m\u00f6glich zu verwalten. Dabei passen wir den Inhalt der Werbung an den Inhalt des angeforderten Dienstes oder an die Nutzung unserer Website an. Dazu k\u00f6nnen wir Ihre Internet-Surfgewohnheiten analysieren und Ihnen Werbung anzeigen, die zu Ihrem Browserprofil passt.<\/p><p>Cookies f\u00fcr verhaltensbasierte Werbung: Diese erm\u00f6glichen die m\u00f6glichst effiziente Verwaltung der Werbefl\u00e4chen, die der Herausgeber in eine Webseite, Anwendung oder Plattform aufgenommen hat, von der aus er den angeforderten Dienst bereitstellt. Diese Cookies speichern Informationen \u00fcber das Verhalten der Benutzer, die durch die kontinuierliche Beobachtung ihrer Surfgewohnheiten gewonnen werden. Auf diese Weise kann ein spezifisches Profil erstellt werden, um Werbung entsprechend dieser Funktion anzuzeigen.<\/p><p>Cookies von Drittanbietern: Die Website sportsclubtour.com kann Dienste von Drittanbietern verwenden, die im Auftrag von Google Informationen zu statistischen Zwecken, zur Nutzung der Website durch den Benutzer und zur Bereitstellung anderer Dienste im Zusammenhang mit der Aktivit\u00e4t der Website und anderer Internetdienste sammeln.<\/p><p>Diese Website verwendet insbesondere Google Analytics, einen Webanalysedienst von Google, Inc. mit Sitz in den USA und Hauptsitz in 1600 Amphitheatre Parkway, Mountain View, Kalifornien 94043. Zur Bereitstellung dieser Dienste werden Cookies verwendet, die Informationen sammeln, einschlie\u00dflich der IP-Adresse des Benutzers, die von Google gem\u00e4\u00df den auf der Website Google.com festgelegten Bedingungen \u00fcbertragen, verarbeitet und gespeichert werden. Einschlie\u00dflich der m\u00f6glichen \u00dcbermittlung dieser Informationen an Dritte aus rechtlichen Gr\u00fcnden oder wenn diese Dritten die Informationen im Auftrag von Google verarbeiten.<\/p><p>Der Benutzer akzeptiert ausdr\u00fccklich, dass die im Formular und f\u00fcr die oben genannten Zwecke gesammelten Informationen f\u00fcr die Nutzung dieser Website verarbeitet werden. Sie erkennen auch die M\u00f6glichkeit an, die Verarbeitung dieser Daten oder Informationen abzulehnen, indem Sie die Verwendung von Cookies ablehnen, indem Sie die entsprechenden Einstellungen zu diesem Zweck in Ihrem Browser ausw\u00e4hlen. Diese Option zum Blockieren von Cookies in Ihrem Browser erm\u00f6glicht m\u00f6glicherweise nicht die vollst\u00e4ndige Nutzung aller Funktionen der Website.<\/p><p>Sie k\u00f6nnen auf Ihrem Computer installierte Cookies zulassen, blockieren oder l\u00f6schen, indem Sie die auf Ihrem Computer installierten Browseroptionen konfigurieren:<\/p><p>Chrom<\/p><p>Forscher<\/p><p>Feuerfuchs<\/p><p>Safari<\/p><p>Wenn Sie Fragen zu dieser Cookie-Richtlinie haben, k\u00f6nnen Sie sportsclubtour.com unter info@sportsclubtour.com kontaktieren.<\/p>\t\t\t\t\t\t\t\t<\/div>\n\t\t\t\t<\/div>\n\t\t\t\t<div class=\"elementor-element elementor-element-fc700f2 elementor-widget elementor-widget-html\" data-id=\"fc700f2\" data-element_type=\"widget\" data-e-type=\"widget\" data-widget_type=\"html.default\">\n\t\t\t\t<div class=\"elementor-widget-container\">\n\t\t\t\t\t<div class= \"cky-audit-table-element\"><\/div>\t\t\t\t<\/div>\n\t\t\t\t<\/div>\n\t\t\t\t\t<\/div>\n\t\t<\/div>\n\t\t\t\t\t<\/div>\n\t\t<\/section>\n\t\t\t\t<\/div>","protected":false},"excerpt":{"rendered":"<p>Cookie is a file that is downloaded to your computer when you access certain web pages. Cookies allow a website, among other things, to store and retrieve information about the browsing habits of a user or his or her computer and, depending on the information they contain and how they use their equipment, can be [&hellip;]<\/p>\n","protected":false},"author":1,"featured_media":0,"parent":0,"menu_order":0,"comment_status":"closed","ping_status":"closed","template":"elementor_header_footer","meta":{"footnotes":""},"class_list":["post-3616","page","type-page","status-publish","hentry"],"_links":{"self":[{"href":"https:\/\/sportsclubtour.com\/de\/wp-json\/wp\/v2\/pages\/3616","targetHints":{"allow":["GET"]}}],"collection":[{"href":"https:\/\/sportsclubtour.com\/de\/wp-json\/wp\/v2\/pages"}],"about":[{"href":"https:\/\/sportsclubtour.com\/de\/wp-json\/wp\/v2\/types\/page"}],"author":[{"embeddable":true,"href":"https:\/\/sportsclubtour.com\/de\/wp-json\/wp\/v2\/users\/1"}],"replies":[{"embeddable":true,"href":"https:\/\/sportsclubtour.com\/de\/wp-json\/wp\/v2\/comments?post=3616"}],"version-history":[{"count":6,"href":"https:\/\/sportsclubtour.com\/de\/wp-json\/wp\/v2\/pages\/3616\/revisions"}],"predecessor-version":[{"id":19382,"href":"https:\/\/sportsclubtour.com\/de\/wp-json\/wp\/v2\/pages\/3616\/revisions\/19382"}],"wp:attachment":[{"href":"https:\/\/sportsclubtour.com\/de\/wp-json\/wp\/v2\/media?parent=3616"}],"curies":[{"name":"wp","href":"https:\/\/api.w.org\/{rel}","templated":true}]}}