{"id":18514,"date":"2025-01-16T19:55:02","date_gmt":"2025-01-16T17:55:02","guid":{"rendered":"https:\/\/sportsclubtour.com\/?page_id=18514"},"modified":"2026-04-14T19:04:48","modified_gmt":"2026-04-14T17:04:48","slug":"data-privacy-rights-request","status":"publish","type":"page","link":"https:\/\/sportsclubtour.com\/es\/data-privacy-rights-request\/","title":{"rendered":"Solicitudes de derechos y privacidad de datos seg\u00fan el RGPD"},"content":{"rendered":"<div data-elementor-type=\"wp-page\" data-elementor-id=\"18514\" class=\"elementor elementor-18514\" data-elementor-post-type=\"page\">\n\t\t\t\t\t\t<section class=\"elementor-section elementor-top-section elementor-element elementor-element-f303061 elementor-section-stretched elementor-section-boxed elementor-section-height-default elementor-section-height-default\" data-id=\"f303061\" data-element_type=\"section\" data-e-type=\"section\" data-settings=\"{&quot;stretch_section&quot;:&quot;section-stretched&quot;}\">\n\t\t\t\t\t\t<div class=\"elementor-container elementor-column-gap-default\">\n\t\t\t\t\t<div class=\"elementor-column elementor-col-100 elementor-top-column elementor-element elementor-element-5082b2e\" data-id=\"5082b2e\" data-element_type=\"column\" data-e-type=\"column\">\n\t\t\t<div class=\"elementor-widget-wrap elementor-element-populated\">\n\t\t\t\t\t\t<div class=\"elementor-element elementor-element-6ad22c5 elementor-widget elementor-widget-heading\" data-id=\"6ad22c5\" data-element_type=\"widget\" data-e-type=\"widget\" data-widget_type=\"heading.default\">\n\t\t\t\t<div class=\"elementor-widget-container\">\n\t\t\t\t\t<h2 class=\"elementor-heading-title elementor-size-default\">Solicitudes de derechos y privacidad de datos seg\u00fan el RGPD<\/h2>\t\t\t\t<\/div>\n\t\t\t\t<\/div>\n\t\t\t\t<div class=\"elementor-element elementor-element-e088c60 elementor-widget__width-initial elementor-widget elementor-widget-text-editor\" data-id=\"e088c60\" data-element_type=\"widget\" data-e-type=\"widget\" data-widget_type=\"text-editor.default\">\n\t\t\t\t<div class=\"elementor-widget-container\">\n\t\t\t\t\t\t\t\t\t<p>En SportsClubTour, nos tomamos muy en serio su privacidad y la protecci\u00f3n de sus datos. <strong>Reglamento General de Protecci\u00f3n de Datos (RGPD)<\/strong>, usted tiene derecho a solicitar la eliminaci\u00f3n de sus datos personales que hemos recopilado o procesado.<\/p>\n<p>Si desea ejercer este derecho, utilice el formulario que aparece a continuaci\u00f3n para enviar su solicitud.<\/p>\n<h3><strong>\u00bfQu\u00e9 datos se ven afectados?<\/strong><\/h3>\n<p>Los datos personales que podemos conservar incluyen, entre otros:<\/p>\n<ul>\n<li>Nombre<\/li>\n<li>Direcci\u00f3n de correo electr\u00f3nico<\/li>\n<li>N\u00famero de tel\u00e9fono<\/li>\n<li>Detalles de la reserva<\/li>\n<li>Cualquier otra informaci\u00f3n proporcionada durante su interacci\u00f3n con nosotros<\/li>\n<\/ul>\n<h3><strong>\u00bfC\u00f3mo funciona el proceso?<\/strong><\/h3>\n<p>Una vez que env\u00ede su solicitud, haremos lo siguiente:<\/p>\n<ol>\n<li><strong>Verificar su identidad<\/strong> para garantizar que la solicitud sea leg\u00edtima.<\/li>\n<li><strong>Procesar su solicitud<\/strong> de conformidad con los requisitos del RGPD<\/li>\n<li><strong>Responder<\/strong> dentro de los plazos legalmente establecidos<\/li>\n<\/ol>\n<p>Tenga en cuenta que ciertos datos podr\u00e1n conservarse cuando as\u00ed lo exijan las obligaciones legales (por ejemplo, las normativas fiscales o contables).<\/p>\n<p>Sus derechos en virtud del RGPD:<\/p>\n<p><span style=\"letter-spacing: 0px;\">\u2013 Acceda a sus datos personales&nbsp;&nbsp;<br><\/span><span style=\"letter-spacing: 0px;\">\u2013 Rectificar datos inexactos&nbsp;&nbsp;<br><\/span><span style=\"letter-spacing: 0px;\">\u2013 Solicitar la eliminaci\u00f3n de sus datos&nbsp;&nbsp;<br><\/span><span style=\"letter-spacing: 0px;\">\u2013 Restringir el procesamiento&nbsp;&nbsp;<br><\/span><span style=\"letter-spacing: 0px;\">\u2013 Objeto para su procesamiento&nbsp;&nbsp;<br><\/span><span style=\"letter-spacing: 0px;\">\u2013 Solicitar la portabilidad de los datos&nbsp;&nbsp;<\/span><\/p>\n<p>Tambi\u00e9n puede ponerse en contacto con nosotros directamente en:<br><strong>info@sportsclubtour.com<\/strong><\/p>\n<p>Para obtener informaci\u00f3n m\u00e1s detallada, consulte nuestra&nbsp;<a href=\"https:\/\/sportsclubtour.com\/es\/politica-de-privacidad\/\">pol\u00edtica de privacidad<\/a> y <a href=\"https:\/\/sportsclubtour.com\/es\/condiciones-de-compra-contratacion\/\">Condiciones de compra y contrataci\u00f3n<\/a>.<\/p>\n<p>Nos comprometemos a proteger sus datos personales y a garantizar el pleno cumplimiento de las leyes de protecci\u00f3n de datos aplicables.<\/p>\t\t\t\t\t\t\t\t<\/div>\n\t\t\t\t<\/div>\n\t\t\t\t\t<\/div>\n\t\t<\/div>\n\t\t\t\t\t<\/div>\n\t\t<\/section>\n\t\t\t\t<section class=\"elementor-section elementor-top-section elementor-element elementor-element-42acdc0 elementor-section-stretched elementor-section-boxed elementor-section-height-default elementor-section-height-default\" data-id=\"42acdc0\" data-element_type=\"section\" data-e-type=\"section\" data-settings=\"{&quot;stretch_section&quot;:&quot;section-stretched&quot;,&quot;background_background&quot;:&quot;classic&quot;}\">\n\t\t\t\t\t\t<div class=\"elementor-container elementor-column-gap-default\">\n\t\t\t\t\t<div class=\"elementor-column elementor-col-100 elementor-top-column elementor-element elementor-element-02344fb\" data-id=\"02344fb\" data-element_type=\"column\" data-e-type=\"column\">\n\t\t\t<div class=\"elementor-widget-wrap elementor-element-populated\">\n\t\t\t\t\t\t<div class=\"elementor-element elementor-element-92f9ad3 elementor-widget elementor-widget-jet-engine-booking-form\" data-id=\"92f9ad3\" data-element_type=\"widget\" data-e-type=\"widget\" data-widget_type=\"jet-engine-booking-form.default\">\n\t\t\t\t<div class=\"elementor-widget-container\">\n\t\t\t\t\t<form  class=\"jet-form layout-column submit-type-ajax\" action=\"\/es\/wp-json\/wp\/v2\/pages\/18514?jet_engine_action=book&#038;nocache=1776565679\" method=\"POST\" data-form-id=\"18500\" data-trp-original-action=\"\/es\/wp-json\/wp\/v2\/pages\/18514?jet_engine_action=book&#038;nocache=1776565679\"><input class=\"jet-form__field hidden-field\" type=\"hidden\" name=\"_jet_engine_booking_form_id\" value=\"18500\" data-field-name=\"_jet_engine_booking_form_id\"><input class=\"jet-form__field hidden-field\" type=\"hidden\" name=\"_jet_engine_refer\" value=\"https:\/\/sportsclubtour.com\/es\/wp-json\/wp\/v2\/pages\/18514\" data-field-name=\"_jet_engine_refer\"><div  class=\"jet-form-row jet-form-row--hidden\"><div class=\"jet-form-col jet-form-col-12  field-type-hidden  jet-form-field-container\" data-field=\"post_id\" data-conditional=\"false\"><input class=\"jet-form__field hidden-field\" type=\"hidden\" name=\"post_id\" value=\"18514\" data-field-name=\"post_id\"><\/div><\/div><div  class=\"jet-form-row jet-form-row--first-visible\"><div class=\"jet-form-col jet-form-col-12  field-type-checkboxes  jet-form-field-container\" data-field=\"datacheckbox\" data-conditional=\"false\"><div class=\"jet-form__label\">\n\t<span class=\"jet-form__label-text\" >Por favor seleccione la acci\u00f3n que desea realizar respecto a sus datos personales:<span class=\"jet-form__required\">*<\/span><\/span>\n\t<\/div><div class=\"jet-form__fields-group checkradio-wrap\">\t\t<div class=\"jet-form__field-wrap checkboxes-wrap checkradio-wrap\">\n\t\t\t\t\t\t<label class=\"jet-form__field-label\">\n\t\t\t\t<input\n\t\t\t\t\ttype=\"checkbox\"\n\t\t\t\t\tname=\"datacheckbox[]\"\n\t\t\t\t\tclass=\"jet-form__field checkboxes-field checkradio-field checkboxes-group-required\"\n\t\t\t\t\tvalue=\"Access to your data: I would like to request a copy of my personal data.\"\n\t\t\t\t\tdata-field-name=\"datacheckbox\"\n\t\t\t\t\t\t\t\t\t\trequired=\"required\"\t\t\t\t\t\t\t\t\t>\n\t\t\t\tAcceso a sus datos: Me gustar\u00eda solicitar una copia de mis datos personales.\t\t\t<\/label>\n\t\t<\/div>\n\t\t\t\t<div class=\"jet-form__field-wrap checkboxes-wrap checkradio-wrap\">\n\t\t\t\t\t\t<label class=\"jet-form__field-label\">\n\t\t\t\t<input\n\t\t\t\t\ttype=\"checkbox\"\n\t\t\t\t\tname=\"datacheckbox[]\"\n\t\t\t\t\tclass=\"jet-form__field checkboxes-field checkradio-field checkboxes-group-required\"\n\t\t\t\t\tvalue=\" Rectification: I would like to request that my personal data be corrected if it is inaccurate or incomplete.\"\n\t\t\t\t\tdata-field-name=\"datacheckbox\"\n\t\t\t\t\t\t\t\t\t\trequired=\"required\"\t\t\t\t\t\t\t\t\t>\n\t\t\t\t Rectificaci\u00f3n: Deseo solicitar que se corrijan mis datos personales si son inexactos o incompletos.\t\t\t<\/label>\n\t\t<\/div>\n\t\t\t\t<div class=\"jet-form__field-wrap checkboxes-wrap checkradio-wrap\">\n\t\t\t\t\t\t<label class=\"jet-form__field-label\">\n\t\t\t\t<input\n\t\t\t\t\ttype=\"checkbox\"\n\t\t\t\t\tname=\"datacheckbox[]\"\n\t\t\t\t\tclass=\"jet-form__field checkboxes-field checkradio-field checkboxes-group-required\"\n\t\t\t\t\tvalue=\"Deletion: I would like to request the deletion of my personal data from your records\"\n\t\t\t\t\tdata-field-name=\"datacheckbox\"\n\t\t\t\t\t\t\t\t\t\trequired=\"required\"\t\t\t\t\t\t\t\t\t>\n\t\t\t\tEliminaci\u00f3n: Me gustar\u00eda solicitar la eliminaci\u00f3n de mis datos personales de sus registros.\t\t\t<\/label>\n\t\t<\/div>\n\t\t\t\t<div class=\"jet-form__field-wrap checkboxes-wrap checkradio-wrap\">\n\t\t\t\t\t\t<label class=\"jet-form__field-label\">\n\t\t\t\t<input\n\t\t\t\t\ttype=\"checkbox\"\n\t\t\t\t\tname=\"datacheckbox[]\"\n\t\t\t\t\tclass=\"jet-form__field checkboxes-field checkradio-field checkboxes-group-required\"\n\t\t\t\t\tvalue=\"Restriction of processing: I would like to request the restriction of processing my personal data.\"\n\t\t\t\t\tdata-field-name=\"datacheckbox\"\n\t\t\t\t\t\t\t\t\t\trequired=\"required\"\t\t\t\t\t\t\t\t\t>\n\t\t\t\tRestricci\u00f3n del tratamiento: Deseo solicitar la restricci\u00f3n del tratamiento de mis datos personales.\t\t\t<\/label>\n\t\t<\/div>\n\t\t\t\t<div class=\"jet-form__field-wrap checkboxes-wrap checkradio-wrap\">\n\t\t\t\t\t\t<label class=\"jet-form__field-label\">\n\t\t\t\t<input\n\t\t\t\t\ttype=\"checkbox\"\n\t\t\t\t\tname=\"datacheckbox[]\"\n\t\t\t\t\tclass=\"jet-form__field checkboxes-field checkradio-field checkboxes-group-required\"\n\t\t\t\t\tvalue=\"Portability: I would like to request that my personal data be provided in a machine-readable format for transfer to another service provider.\"\n\t\t\t\t\tdata-field-name=\"datacheckbox\"\n\t\t\t\t\t\t\t\t\t\trequired=\"required\"\t\t\t\t\t\t\t\t\t>\n\t\t\t\tPortabilidad: Me gustar\u00eda solicitar que mis datos personales se proporcionen en un formato legible por m\u00e1quina para transferirlos a otro proveedor de servicios.\t\t\t<\/label>\n\t\t<\/div>\n\t\t<\/div><\/div><\/div><div  class=\"jet-form-row\"><div class=\"jet-form-col jet-form-col-6  field-type-text  jet-form-field-container\" data-field=\"name\" data-conditional=\"false\"><input class=\"jet-form__field text-field\" placeholder=\"Nombre\" required=\"required\" name=\"name\" id=\"name\" type=\"text\" data-field-name=\"name\"><\/div><div class=\"jet-form-col jet-form-col-6  field-type-text  jet-form-field-container\" data-field=\"lastname\" data-conditional=\"false\"><input class=\"jet-form__field text-field\" placeholder=\"Apellido\" required=\"required\" name=\"lastname\" id=\"lastname\" type=\"text\" data-field-name=\"lastname\"><\/div><\/div><div  class=\"jet-form-row\"><div class=\"jet-form-col jet-form-col-12  field-type-text  jet-form-field-container\" data-field=\"email\" data-conditional=\"false\"><input class=\"jet-form__field text-field\" placeholder=\"Correo electr\u00f3nico\" required=\"required\" name=\"email\" id=\"email\" type=\"email\" data-field-name=\"email\"><\/div><\/div><div  class=\"jet-form-row\"><div class=\"jet-form-col jet-form-col-12  field-type-textarea  jet-form-field-container\" data-field=\"clienttext\" data-conditional=\"false\"><textarea class=\"jet-form__field textarea-field\" placeholder=\"Texto del cliente\" name=\"clienttext\" data-field-name=\"clienttext\" id=\"clienttext\">You can write an additional comment here<\/textarea><\/div><\/div><div  class=\"jet-form-row jet-form-row--submit\"><div class=\"jet-form-col jet-form-col-12  field-type-submit  jet-form-field-container\" data-field=\"Submit\" data-conditional=\"false\"><div class=\"jet-form__submit-wrap\">\n\t\t<button class=\"jet-form__submit submit-type-ajax\" type=\"button\">Entregar<\/button>\n<\/div><\/div><\/div><input class=\"jet-form__field hidden-field\" type=\"hidden\" name=\"_jet_engine_nonce\" value=\"11343ec221\" data-field-name=\"_jet_engine_nonce\"><input type=\"hidden\" name=\"trp-form-language\" value=\"es\"\/><\/form><div class=\"jet-form-messages-wrap\" data-form-id=\"18500\"><\/div>\t\t\t\t<\/div>\n\t\t\t\t<\/div>\n\t\t\t\t\t<\/div>\n\t\t<\/div>\n\t\t\t\t\t<\/div>\n\t\t<\/section>\n\t\t\t\t<\/div>","protected":false},"excerpt":{"rendered":"<p>At SportsClubTour, we take your privacy and data protection seriously. Under the General Data Protection Regulation (GDPR), you have the right to request the deletion of your personal data that we have collected or processed. If you wish to exercise this right, please use the form below to submit your request. What Data is Affected? [&hellip;]<\/p>\n","protected":false},"author":1,"featured_media":0,"parent":0,"menu_order":0,"comment_status":"closed","ping_status":"closed","template":"","meta":{"footnotes":""},"class_list":["post-18514","page","type-page","status-publish","hentry"],"_links":{"self":[{"href":"https:\/\/sportsclubtour.com\/es\/wp-json\/wp\/v2\/pages\/18514","targetHints":{"allow":["GET"]}}],"collection":[{"href":"https:\/\/sportsclubtour.com\/es\/wp-json\/wp\/v2\/pages"}],"about":[{"href":"https:\/\/sportsclubtour.com\/es\/wp-json\/wp\/v2\/types\/page"}],"author":[{"embeddable":true,"href":"https:\/\/sportsclubtour.com\/es\/wp-json\/wp\/v2\/users\/1"}],"replies":[{"embeddable":true,"href":"https:\/\/sportsclubtour.com\/es\/wp-json\/wp\/v2\/comments?post=18514"}],"version-history":[{"count":17,"href":"https:\/\/sportsclubtour.com\/es\/wp-json\/wp\/v2\/pages\/18514\/revisions"}],"predecessor-version":[{"id":20003,"href":"https:\/\/sportsclubtour.com\/es\/wp-json\/wp\/v2\/pages\/18514\/revisions\/20003"}],"wp:attachment":[{"href":"https:\/\/sportsclubtour.com\/es\/wp-json\/wp\/v2\/media?parent=18514"}],"curies":[{"name":"gracias","href":"https:\/\/api.w.org\/{rel}","templated":true}]}}