{"id":3592,"date":"2021-02-02T11:07:04","date_gmt":"2021-02-02T10:07:04","guid":{"rendered":"http:\/\/sportsclubtour.com\/?page_id=3592"},"modified":"2026-04-14T18:58:07","modified_gmt":"2026-04-14T16:58:07","slug":"politica-de-privacidad","status":"publish","type":"page","link":"https:\/\/sportsclubtour.com\/es\/politica-de-privacidad\/","title":{"rendered":"Pol\u00edtica de privacidad"},"content":{"rendered":"<div data-elementor-type=\"wp-page\" data-elementor-id=\"3592\" class=\"elementor elementor-3592\" data-elementor-post-type=\"page\">\n\t\t\t\t\t\t<section class=\"elementor-section elementor-top-section elementor-element elementor-element-974e250 elementor-section-stretched elementor-section-boxed elementor-section-height-default elementor-section-height-default\" data-id=\"974e250\" data-element_type=\"section\" data-e-type=\"section\" data-settings=\"{&quot;stretch_section&quot;:&quot;section-stretched&quot;}\">\n\t\t\t\t\t\t<div class=\"elementor-container elementor-column-gap-default\">\n\t\t\t\t\t<div class=\"elementor-column elementor-col-100 elementor-top-column elementor-element elementor-element-cd58082\" data-id=\"cd58082\" data-element_type=\"column\" data-e-type=\"column\">\n\t\t\t<div class=\"elementor-widget-wrap elementor-element-populated\">\n\t\t\t\t\t\t<div class=\"elementor-element elementor-element-2a20368 elementor-widget elementor-widget-heading\" data-id=\"2a20368\" data-element_type=\"widget\" data-e-type=\"widget\" data-widget_type=\"heading.default\">\n\t\t\t\t<div class=\"elementor-widget-container\">\n\t\t\t\t\t<h2 class=\"elementor-heading-title elementor-size-default\">Pol\u00edtica de privacidad<\/h2>\t\t\t\t<\/div>\n\t\t\t\t<\/div>\n\t\t\t\t<div class=\"elementor-element elementor-element-f0cdaea elementor-widget elementor-widget-text-editor\" data-id=\"f0cdaea\" data-element_type=\"widget\" data-e-type=\"widget\" data-widget_type=\"text-editor.default\">\n\t\t\t\t<div class=\"elementor-widget-container\">\n\t\t\t\t\t\t\t\t\t<p data-start=\"259\" data-end=\"326\"><strong data-start=\"259\" data-end=\"295\">Padel Land SL (SportsClubTour)<\/strong><br data-start=\"295\" data-end=\"298\" \/><strong data-start=\"298\" data-end=\"326\">\u00daltima actualizaci\u00f3n: 14\/04\/2026<\/strong><\/p><hr data-start=\"328\" data-end=\"331\" \/><h2 data-section-id=\"1htd4ye\" data-start=\"333\" data-end=\"354\">1. RESPONSABLE DEL TRATAMIENTO DE DATOS<\/h2><p data-start=\"356\" data-end=\"464\">De conformidad con el Reglamento (UE) 2016\/679 (RGPD) y la Ley Org\u00e1nica 3\/2018 (LOPDGDD), el responsable del tratamiento de datos es:<\/p><ul data-start=\"466\" data-end=\"677\"><li data-section-id=\"7u06om\" data-start=\"466\" data-end=\"503\"><strong data-start=\"468\" data-end=\"485\">Nombre de empresa:<\/strong> Padel Land SL.<\/li><li data-section-id=\"16dhs73\" data-start=\"504\" data-end=\"526\"><strong data-start=\"506\" data-end=\"514\">CIF:<\/strong> B27585835<\/li><li data-section-id=\"r1dkyp\" data-start=\"527\" data-end=\"607\"><strong data-start=\"529\" data-end=\"552\">Domicilio registrado:<\/strong> Calle Jineta 28, casa 65, 29649 Mijas, M\u00e1laga, Espa\u00f1a<\/li><li data-section-id=\"zuwn7m\" data-start=\"608\" data-end=\"646\"><strong data-start=\"610\" data-end=\"620\">Correo electr\u00f3nico:<\/strong> <a class=\"decorated-link cursor-pointer\" rel=\"noopener\" data-start=\"621\" data-end=\"644\">info@sportsclubtour.com<\/a><\/li><li data-section-id=\"tm0r24\" data-start=\"647\" data-end=\"677\"><strong data-start=\"649\" data-end=\"659\">Tel\u00e9fono:<\/strong> +34 681 680 384<\/li><\/ul><hr data-start=\"679\" data-end=\"682\" \/><h2 data-section-id=\"b0f11\" data-start=\"684\" data-end=\"716\">2. FINALIDAD DEL TRATAMIENTO DE DATOS<\/h2><p data-start=\"718\" data-end=\"782\">Recopilamos y procesamos datos personales para los siguientes fines:<\/p><ul data-start=\"784\" data-end=\"1076\"><li data-section-id=\"1onb5ha\" data-start=\"784\" data-end=\"830\">Para gestionar reservas y servicios contratados.<\/li><li data-section-id=\"1u0lu4w\" data-start=\"831\" data-end=\"889\">Para comunicarse con los usuarios en relaci\u00f3n con sus reservas.<\/li><li data-section-id=\"1gpwiwd\" data-start=\"890\" data-end=\"946\">Brindar soporte al cliente y responder a consultas.<\/li><li data-section-id=\"1el1tqf\" data-start=\"947\" data-end=\"1031\">Para enviar informaci\u00f3n relevante relacionada con nuestros servicios (si se ha dado el consentimiento).<\/li><li data-section-id=\"1w2qwj5\" data-start=\"1032\" data-end=\"1076\">Para cumplir con las obligaciones legales y fiscales<\/li><\/ul><hr data-start=\"1078\" data-end=\"1081\" \/><h2 data-section-id=\"1i4gji9\" data-start=\"1083\" data-end=\"1115\">3. BASE JUR\u00cdDICA PARA EL TRATAMIENTO<\/h2><p data-start=\"1117\" data-end=\"1153\">Los datos personales se procesan en funci\u00f3n de:<\/p><ul data-start=\"1155\" data-end=\"1462\"><li data-section-id=\"omztvr\" data-start=\"1155\" data-end=\"1225\"><strong data-start=\"1157\" data-end=\"1183\">Necesidad contractual:<\/strong> gestionar reservas y prestar servicios<\/li><li data-section-id=\"1y7jl9v\" data-start=\"1226\" data-end=\"1300\"><strong data-start=\"1228\" data-end=\"1240\">Consentir:<\/strong> para comunicaciones de marketing y recopilaci\u00f3n de datos opcional<\/li><li data-section-id=\"1h4kvh0\" data-start=\"1301\" data-end=\"1382\"><strong data-start=\"1303\" data-end=\"1324\">Obligaci\u00f3n legal:<\/strong> cumplimiento de los requisitos fiscales, contables y legales<\/li><li data-section-id=\"1bspfsd\" data-start=\"1383\" data-end=\"1462\"><strong data-start=\"1385\" data-end=\"1409\">Inter\u00e9s leg\u00edtimo:<\/strong> para mejorar los servicios y garantizar las operaciones comerciales<\/li><\/ul><hr data-start=\"1464\" data-end=\"1467\" \/><h2 data-section-id=\"7za2j3\" data-start=\"1469\" data-end=\"1503\">4. CATEGOR\u00cdAS DE DATOS RECOPILADOS<\/h2><p data-start=\"1505\" data-end=\"1548\">Podemos recopilar los siguientes datos personales:<\/p><ul data-start=\"1550\" data-end=\"1853\"><li data-section-id=\"11wjgeo\" data-start=\"1550\" data-end=\"1588\">Datos de identificaci\u00f3n: nombre, apellido<\/li><li data-section-id=\"1ai6f0r\" data-start=\"1589\" data-end=\"1634\">Datos de contacto: direcci\u00f3n de correo electr\u00f3nico, n\u00famero de tel\u00e9fono<\/li><li data-section-id=\"hnrwd7\" data-start=\"1635\" data-end=\"1709\">Detalles de la reserva: preferencias de alojamiento, nivel deportivo, detalles del campamento.<\/li><li data-section-id=\"1bt13jk\" data-start=\"1710\" data-end=\"1776\">Datos de facturaci\u00f3n: direcci\u00f3n, n\u00famero de identificaci\u00f3n fiscal (si es necesario)<\/li><li data-section-id=\"bufa1b\" data-start=\"1777\" data-end=\"1853\">Datos t\u00e9cnicos: direcci\u00f3n IP, comportamiento de navegaci\u00f3n (a trav\u00e9s de cookies, si se aceptan).<\/li><\/ul><hr data-start=\"1855\" data-end=\"1858\" \/><h2 data-section-id=\"q85s7j\" data-start=\"1860\" data-end=\"1897\">5. INTERCAMBIO DE DATOS CON TERCEROS<\/h2><p data-start=\"1899\" data-end=\"2011\">Los datos personales podr\u00e1n ser compartidos con terceros estrictamente necesarios para prestar los servicios contratados, incluyendo:<\/p><ul data-start=\"2013\" data-end=\"2177\"><li data-section-id=\"7oq5k2\" data-start=\"2013\" data-end=\"2040\">Proveedores de alojamiento<\/li><li data-section-id=\"1l596sh\" data-start=\"2041\" data-end=\"2069\">Clubes deportivos y entrenadores<\/li><li data-section-id=\"12y4y7t\" data-start=\"2070\" data-end=\"2093\">Proveedores de transporte<\/li><li data-section-id=\"16k2eo7\" data-start=\"2094\" data-end=\"2148\">Procesadores de pago (por ejemplo, Revolut, Stripe, PayPal)<\/li><li data-section-id=\"8or2lo\" data-start=\"2149\" data-end=\"2177\">Proveedores de TI y alojamiento web<\/li><\/ul><p data-start=\"2179\" data-end=\"2290\">Estos terceros est\u00e1n obligados contractualmente a procesar los datos de conformidad con las leyes de protecci\u00f3n de datos aplicables.<\/p><p data-start=\"2292\" data-end=\"2337\">No vendemos, alquilamos ni intercambiamos datos personales.<\/p><hr data-start=\"2339\" data-end=\"2342\" \/><h2 data-section-id=\"171zxhr\" data-start=\"2344\" data-end=\"2378\">6. TRANSFERENCIAS INTERNACIONALES DE DATOS<\/h2><p data-start=\"2380\" data-end=\"2571\">Algunos proveedores de servicios pueden estar ubicados fuera del Espacio Econ\u00f3mico Europeo (EEE). En tales casos, se aplican las salvaguardias adecuadas de conformidad con el RGPD (por ejemplo, las cl\u00e1usulas contractuales tipo).<\/p><hr data-start=\"2573\" data-end=\"2576\" \/><h2 data-section-id=\"65ut38\" data-start=\"2578\" data-end=\"2616\">7. WHATSAPP Y HERRAMIENTAS DE COMUNICACI\u00d3N<\/h2><p data-start=\"2618\" data-end=\"2775\">Los participantes podr\u00e1n ser incluidos en grupos de WhatsApp o herramientas de comunicaci\u00f3n similares para facilitar la coordinaci\u00f3n durante los campamentos (por ejemplo, horarios, actualizaciones, log\u00edstica).<\/p><p data-start=\"2777\" data-end=\"2839\">Al reservar un servicio, los usuarios aceptan esta forma de comunicaci\u00f3n.<\/p><hr data-start=\"2841\" data-end=\"2844\" \/><h2 data-section-id=\"etyrjr\" data-start=\"2846\" data-end=\"2866\">8. RETENCI\u00d3N DE DATOS<\/h2><p data-start=\"2868\" data-end=\"2903\">Los datos personales se conservar\u00e1n durante:<\/p><ul data-start=\"2905\" data-end=\"3065\"><li data-section-id=\"t9jkp5\" data-start=\"2905\" data-end=\"2963\"><strong data-start=\"2907\" data-end=\"2919\">Clientela:<\/strong> hasta 6 a\u00f1os (obligaciones legales y fiscales)<\/li><li data-section-id=\"qfrk3y\" data-start=\"2964\" data-end=\"3014\"><strong data-start=\"2966\" data-end=\"2993\">Clientes potenciales y contactos:<\/strong> hasta 12\u201324 meses<\/li><li data-section-id=\"1k0l9w4\" data-start=\"3015\" data-end=\"3065\"><strong data-start=\"3017\" data-end=\"3036\">Datos de marketing:<\/strong> hasta que se retire el consentimiento<\/li><\/ul><p data-start=\"3067\" data-end=\"3117\">Los datos podr\u00e1n conservarse durante m\u00e1s tiempo cuando as\u00ed lo exija la ley.<\/p><hr data-start=\"3119\" data-end=\"3122\" \/><h2 data-section-id=\"rdtjtc\" data-start=\"3124\" data-end=\"3141\">9. DERECHOS DEL USUARIO<\/h2><p data-start=\"3143\" data-end=\"3167\">Los usuarios tienen derecho a:<\/p><ul data-start=\"3169\" data-end=\"3382\"><li data-section-id=\"5tqbq\" data-start=\"3169\" data-end=\"3199\">Acceder a sus datos personales<\/li><li data-section-id=\"4biedl\" data-start=\"3200\" data-end=\"3244\">Solicitar rectificaci\u00f3n de datos inexactos<\/li><li data-section-id=\"qkdk2x\" data-start=\"3245\" data-end=\"3291\">Solicitar la eliminaci\u00f3n de datos (\u201cderecho al olvido\u201d)<\/li><li data-section-id=\"6c2noz\" data-start=\"3292\" data-end=\"3328\">Limitaci\u00f3n de la solicitud de procesamiento<\/li><li data-section-id=\"1h52t71\" data-start=\"3329\" data-end=\"3353\">Objeto para su procesamiento<\/li><li data-section-id=\"hacwqa\" data-start=\"3354\" data-end=\"3382\">Solicitar portabilidad de datos<\/li><\/ul><p data-start=\"3384\" data-end=\"3483\">Para ejercer estos derechos, p\u00f3ngase en contacto con: <strong data-start=\"3419\" data-end=\"3446\"><a class=\"decorated-link cursor-pointer\" rel=\"noopener\" data-start=\"3421\" data-end=\"3444\">info@sportsclubtour.com<\/a><\/strong><br data-start=\"3446\" data-end=\"3449\" \/>Sujeto: <em data-start=\"3458\" data-end=\"3483\">Solicitud de protecci\u00f3n de datos<\/em><\/p><p data-start=\"3485\" data-end=\"3604\">Los usuarios tambi\u00e9n tienen derecho a presentar una reclamaci\u00f3n ante la Autoridad Espa\u00f1ola de Protecci\u00f3n de Datos (AEPD):<br data-start=\"3582\" data-end=\"3585\" \/><a class=\"decorated-link\" href=\"https:\/\/www.aepd.es\" target=\"_new\" rel=\"noopener nofollow\" data-start=\"3585\" data-end=\"3604\">https:\/\/www.aepd.es<\/a><\/p><hr data-start=\"3606\" data-end=\"3609\" \/><h2 data-section-id=\"1w1x624\" data-start=\"3611\" data-end=\"3631\">10. SEGURIDAD DE LOS DATOS<\/h2><p data-start=\"3633\" data-end=\"3770\">Implementamos medidas t\u00e9cnicas y organizativas adecuadas para proteger los datos personales contra el acceso no autorizado, la p\u00e9rdida o la alteraci\u00f3n.<\/p><p data-start=\"3772\" data-end=\"3856\">Sin embargo, ning\u00fan sistema es completamente seguro y no se puede garantizar la seguridad absoluta.<\/p><hr data-start=\"3858\" data-end=\"3861\" \/><h2 data-section-id=\"rzxa1o\" data-start=\"3863\" data-end=\"3877\">11. GALLETAS<\/h2><p data-start=\"3879\" data-end=\"3983\">Este sitio web utiliza cookies y tecnolog\u00edas similares para mejorar la experiencia del usuario y analizar el uso del sitio web.<\/p><p data-start=\"3985\" data-end=\"4067\">Los usuarios pueden gestionar o rechazar las cookies a trav\u00e9s del banner de cookies y la configuraci\u00f3n del navegador.<\/p><p data-start=\"4069\" data-end=\"4125\">Para obtener m\u00e1s informaci\u00f3n, consulte nuestra Pol\u00edtica de cookies.<\/p><hr data-start=\"4127\" data-end=\"4130\" \/><h2 data-section-id=\"jra46e\" data-start=\"4132\" data-end=\"4159\">12. SERVICIOS DE TERCEROS<\/h2><p data-start=\"4161\" data-end=\"4230\">Utilizamos proveedores externos necesarios para nuestras operaciones, entre los que se incluyen:<\/p><ul data-start=\"4232\" data-end=\"4417\"><li data-section-id=\"1ukawcl\" data-start=\"4232\" data-end=\"4254\">Alojamiento: Hostinger<\/li><li data-section-id=\"efaewv\" data-start=\"4255\" data-end=\"4286\">Plataforma web: WordPress<\/li><li data-section-id=\"1njo4bv\" data-start=\"4287\" data-end=\"4338\">Marketing por correo electr\u00f3nico: EasyMailing (o herramientas similares)<\/li><li data-section-id=\"1whyzaz\" data-start=\"4339\" data-end=\"4370\">An\u00e1lisis: Google Analytics<\/li><li data-section-id=\"1cq1a11\" data-start=\"4371\" data-end=\"4417\">Proveedores de pago: Revolut, Stripe, PayPal<\/li><\/ul><p data-start=\"4419\" data-end=\"4494\">Estos proveedores pueden procesar datos personales de acuerdo con sus propias pol\u00edticas de privacidad.<\/p><hr data-start=\"4496\" data-end=\"4499\" \/><h2 data-section-id=\"4bxu3\" data-start=\"4501\" data-end=\"4522\">13. ACTUALIZACIONES DE POL\u00cdTICAS<\/h2><p data-start=\"4524\" data-end=\"4627\">Nos reservamos el derecho de modificar esta Pol\u00edtica de Privacidad en cualquier momento para reflejar cambios legales u operativos.<\/p><p data-start=\"4629\" data-end=\"4690\">Las actualizaciones se publicar\u00e1n en esta p\u00e1gina con la fecha actualizada.<\/p><hr data-start=\"4692\" data-end=\"4695\" \/><h2 data-section-id=\"18bxjda\" data-start=\"4697\" data-end=\"4711\">14. CONTACTO<\/h2><p data-start=\"4713\" data-end=\"4780\">Para cualquier pregunta relacionada con esta Pol\u00edtica de Privacidad o el procesamiento de datos:<\/p><p data-start=\"4782\" data-end=\"4831\">\ud83d\udce7 <a class=\"decorated-link cursor-pointer\" rel=\"noopener\" data-start=\"4785\" data-end=\"4808\">info@sportsclubtour.com<\/a><br data-start=\"4808\" data-end=\"4811\" \/>\ud83d\udcde +34 681 680 384<\/p>\t\t\t\t\t\t\t\t<\/div>\n\t\t\t\t<\/div>\n\t\t\t\t\t<\/div>\n\t\t<\/div>\n\t\t\t\t\t<\/div>\n\t\t<\/section>\n\t\t\t\t<\/div>","protected":false},"excerpt":{"rendered":"<p>Padel Land S.L. (SportsClubTour)Last updated: 14\/04\/2026 1. DATA CONTROLLER In accordance with Regulation (EU) 2016\/679 (GDPR) and Organic Law 3\/2018 (LOPDGDD), the data controller is: Company name: Padel Land S.L. CIF: B27585835 Registered address: Calle Jineta 28, casa 65, 29649 Mijas, M\u00e1laga, Spain Email: info@sportsclubtour.com Phone: +34 681 680 384 2. PURPOSE OF DATA PROCESSING [&hellip;]<\/p>\n","protected":false},"author":1,"featured_media":0,"parent":0,"menu_order":0,"comment_status":"closed","ping_status":"closed","template":"elementor_header_footer","meta":{"footnotes":""},"class_list":["post-3592","page","type-page","status-publish","hentry"],"_links":{"self":[{"href":"https:\/\/sportsclubtour.com\/es\/wp-json\/wp\/v2\/pages\/3592","targetHints":{"allow":["GET"]}}],"collection":[{"href":"https:\/\/sportsclubtour.com\/es\/wp-json\/wp\/v2\/pages"}],"about":[{"href":"https:\/\/sportsclubtour.com\/es\/wp-json\/wp\/v2\/types\/page"}],"author":[{"embeddable":true,"href":"https:\/\/sportsclubtour.com\/es\/wp-json\/wp\/v2\/users\/1"}],"replies":[{"embeddable":true,"href":"https:\/\/sportsclubtour.com\/es\/wp-json\/wp\/v2\/comments?post=3592"}],"version-history":[{"count":21,"href":"https:\/\/sportsclubtour.com\/es\/wp-json\/wp\/v2\/pages\/3592\/revisions"}],"predecessor-version":[{"id":20000,"href":"https:\/\/sportsclubtour.com\/es\/wp-json\/wp\/v2\/pages\/3592\/revisions\/20000"}],"wp:attachment":[{"href":"https:\/\/sportsclubtour.com\/es\/wp-json\/wp\/v2\/media?parent=3592"}],"curies":[{"name":"gracias","href":"https:\/\/api.w.org\/{rel}","templated":true}]}}