{"id":3600,"date":"2021-02-02T11:14:56","date_gmt":"2021-02-02T10:14:56","guid":{"rendered":"http:\/\/sportsclubtour.com\/?page_id=3600"},"modified":"2021-04-25T15:14:30","modified_gmt":"2021-04-25T14:14:30","slug":"condiciones-de-compra-contratacion","status":"publish","type":"page","link":"https:\/\/sportsclubtour.com\/es\/condiciones-de-compra-contratacion\/","title":{"rendered":"Condiciones de compra y contrataci\u00f3n"},"content":{"rendered":"<div data-elementor-type=\"wp-page\" data-elementor-id=\"3600\" class=\"elementor elementor-3600\" data-elementor-post-type=\"page\">\n\t\t\t\t\t\t<section class=\"elementor-section elementor-top-section elementor-element elementor-element-a647521 elementor-section-boxed elementor-section-height-default elementor-section-height-default\" data-id=\"a647521\" data-element_type=\"section\" data-e-type=\"section\">\n\t\t\t\t\t\t<div class=\"elementor-container elementor-column-gap-default\">\n\t\t\t\t\t<div class=\"elementor-column elementor-col-100 elementor-top-column elementor-element elementor-element-cf71d15\" data-id=\"cf71d15\" data-element_type=\"column\" data-e-type=\"column\">\n\t\t\t<div class=\"elementor-widget-wrap elementor-element-populated\">\n\t\t\t\t\t\t<div class=\"elementor-element elementor-element-bf45f98 elementor-widget elementor-widget-heading\" data-id=\"bf45f98\" data-element_type=\"widget\" data-e-type=\"widget\" data-widget_type=\"heading.default\">\n\t\t\t\t<div class=\"elementor-widget-container\">\n\t\t\t\t\t<h1 class=\"elementor-heading-title elementor-size-default\">Condiciones de compra y contrataci\u00f3n<\/h1>\t\t\t\t<\/div>\n\t\t\t\t<\/div>\n\t\t\t\t<div class=\"elementor-element elementor-element-2a07727 elementor-widget elementor-widget-text-editor\" data-id=\"2a07727\" data-element_type=\"widget\" data-e-type=\"widget\" data-widget_type=\"text-editor.default\">\n\t\t\t\t<div class=\"elementor-widget-container\">\n\t\t\t\t\t\t\t\t\t<p>\u00daltima actualizaci\u00f3n: 06\/12\/2020<\/p><p>Las presentes Condiciones Generales, junto con las Condiciones Particulares que en su caso se establezcan, regulan la relaci\u00f3n jur\u00eddica derivada de los procesos de contrataci\u00f3n formalizados a trav\u00e9s de este sitio web, pudiendo ser contratada por cualquier usuario siempre que cumpla con todos los t\u00e9rminos estipulados en estas Condiciones.<br \/>Este documento est\u00e1 disponible en todo momento para su lectura e impresi\u00f3n en este sitio web, facilitando la solicitud de descarga desde aqu\u00ed, tal y como establece la Ley General para la Defensa de los Consumidores y Usuarios.<br \/>Las presentes condiciones regir\u00e1n exclusivamente la compra de los servicios y productos ofertados a trav\u00e9s del sitio web sportsclubtour.com titularidad de Angel Jes\u00fas Martinez Rodr\u00edguez como prestador. La aceptaci\u00f3n de este documento implica que como usuario:<br \/>\u2022 Usted ha le\u00eddo, comprende y acepta lo aqu\u00ed expuesto.<br \/>\u2022 Que usted es una persona con capacidad suficiente para contratar.<br \/>\u2022 Que usted asume todas las obligaciones aqu\u00ed establecidas.<br \/>Las presentes condiciones tendr\u00e1n un periodo de vigencia indefinido.<br \/>sportsclubtour.com se reserva el derecho de modificar o cambiar estas condiciones en cualquier momento. Si las modificaciones suponen un cambio sustancial en las mismas, sportsclubtour.com se lo notificar\u00e1 mediante la publicaci\u00f3n de un anuncio en este sitio web, sin que ello afecte a los servicios o productos que se hayan adquirido con anterioridad a la modificaci\u00f3n.<br \/>Al aceptar estas condiciones, el Usuario queda vinculado a estos t\u00e9rminos, que junto con mi pol\u00edtica de privacidad rigen nuestra relaci\u00f3n comercial. Si no est\u00e1 de acuerdo con alguna parte de los t\u00e9rminos, no podr\u00e1 adquirir ninguno de los servicios o productos ofrecidos.<br \/>Los respectivos servicios y productos ofrecidos en el sitio web sportsclubtour.com est\u00e1n disponibles \u00fanicamente para personas f\u00edsicas y jur\u00eddicas mayores de 18 a\u00f1os.<\/p>\t\t\t\t\t\t\t\t<\/div>\n\t\t\t\t<\/div>\n\t\t\t\t<div class=\"elementor-element elementor-element-f0f95c0 elementor-widget elementor-widget-heading\" data-id=\"f0f95c0\" data-element_type=\"widget\" data-e-type=\"widget\" data-widget_type=\"heading.default\">\n\t\t\t\t<div class=\"elementor-widget-container\">\n\t\t\t\t\t<h2 class=\"elementor-heading-title elementor-size-default\">Objeto del contrato<\/h2>\t\t\t\t<\/div>\n\t\t\t\t<\/div>\n\t\t\t\t<div class=\"elementor-element elementor-element-1bbef97 elementor-widget elementor-widget-text-editor\" data-id=\"1bbef97\" data-element_type=\"widget\" data-e-type=\"widget\" data-widget_type=\"text-editor.default\">\n\t\t\t\t<div class=\"elementor-widget-container\">\n\t\t\t\t\t\t\t\t\t<p>El presente contrato tiene por objeto regular la relaci\u00f3n contractual de compraventa nacida entre el prestador y el usuario en el momento que \u00e9ste acepta durante el proceso de contrataci\u00f3n online en la casilla correspondiente.<br \/>Este sitio web ofrece la posibilidad de contratar servicios directos e indirectos a trav\u00e9s de sportsclubtour.com.<br \/>Desde el momento de la aceptaci\u00f3n, el usuario adquiere la condici\u00f3n de cliente de sportsclubtour.com.<br \/>La relaci\u00f3n contractual de compraventa implica la entrega, a cambio de un precio determinado y expuesto p\u00fablicamente a trav\u00e9s del sitio web.<br \/>Como condici\u00f3n para contratar cualquiera de los servicios y productos ofrecidos por sportsclubtour.com, el Usuario deber\u00e1 contactar a trav\u00e9s del sitio web de sportsclubtour.com y proporcionar la informaci\u00f3n correspondiente solicitada tanto en la web como por correo electr\u00f3nico.<\/p>\t\t\t\t\t\t\t\t<\/div>\n\t\t\t\t<\/div>\n\t\t\t\t<div class=\"elementor-element elementor-element-9bbcdd3 elementor-widget elementor-widget-heading\" data-id=\"9bbcdd3\" data-element_type=\"widget\" data-e-type=\"widget\" data-widget_type=\"heading.default\">\n\t\t\t\t<div class=\"elementor-widget-container\">\n\t\t\t\t\t<h2 class=\"elementor-heading-title elementor-size-default\">Objeto del contrato<\/h2>\t\t\t\t<\/div>\n\t\t\t\t<\/div>\n\t\t\t\t<div class=\"elementor-element elementor-element-7c9e2d0 elementor-widget elementor-widget-text-editor\" data-id=\"7c9e2d0\" data-element_type=\"widget\" data-e-type=\"widget\" data-widget_type=\"text-editor.default\">\n\t\t\t\t<div class=\"elementor-widget-container\">\n\t\t\t\t\t\t\t\t\t<p>En virtud de lo dispuesto en la Ley 34\/2002, de 11 de julio, de Servicios de la Sociedad de la Informaci\u00f3n y de Comercio Electr\u00f3nico (LSSICE), se ofrece la siguiente informaci\u00f3n:<br \/>\u2022 Su nombre comercial es<br \/>\u2022 Su denominaci\u00f3n social es<br \/>\u2022 Su CIF \/<br \/>\u2022 Su domicilio social se encuentra en C\/ Jineta 28, casa 56, Urb. Villa Magdalena, 29649 Mijas Costa, M\u00e1laga, Espa\u00f1a.<br \/>\u2022 La actividad social es: Agencia de viajes.<\/p>\t\t\t\t\t\t\t\t<\/div>\n\t\t\t\t<\/div>\n\t\t\t\t<div class=\"elementor-element elementor-element-31b332e elementor-widget elementor-widget-heading\" data-id=\"31b332e\" data-element_type=\"widget\" data-e-type=\"widget\" data-widget_type=\"heading.default\">\n\t\t\t\t<div class=\"elementor-widget-container\">\n\t\t\t\t\t<h2 class=\"elementor-heading-title elementor-size-default\">Descripci\u00f3n de los servicios y productos ofrecidos en este sitio web<\/h2>\t\t\t\t<\/div>\n\t\t\t\t<\/div>\n\t\t\t\t<div class=\"elementor-element elementor-element-90243ed elementor-widget elementor-widget-text-editor\" data-id=\"90243ed\" data-element_type=\"widget\" data-e-type=\"widget\" data-widget_type=\"text-editor.default\">\n\t\t\t\t<div class=\"elementor-widget-container\">\n\t\t\t\t\t\t\t\t\t<p>A trav\u00e9s de este sitio web se pueden contratar un conjunto de servicios y productos destinados a dar soporte a los participantes de las actividades contratadas o rentabilizar los productos obtenidos: coaching profesional, alojamiento, transporte entre otros, estos servicios y productos pueden ser contratados o comprados en paquetes o por separado. La contrataci\u00f3n de servicios y productos son adecuados para:<br \/>\u2022 Ley 34\/2002, de 11 de julio, de Servicios de la Sociedad de la Informaci\u00f3n y de Comercio Electr\u00f3nico (LSSICE o LSSI). Regula las transacciones econ\u00f3micas realizadas mediante medios electr\u00f3nicos.<br \/>\u2022 Reglamento (UE) 2016\/679 del Parlamento Europeo y del Consejo, de 27 de abril de 2016, relativo a la protecci\u00f3n de las personas f\u00edsicas en lo que respecta al tratamiento de datos personales y a la libre circulaci\u00f3n de estos datos y por el que se deroga la Directiva 95\/46\/CE (Reglamento general de protecci\u00f3n de datos).<br \/>\u2022 La Ley Org\u00e1nica de Protecci\u00f3n de Datos Personales y Garant\u00eda de los Derechos Digitales (LOPDGDD)<br \/>Los servicios y productos est\u00e1n adaptados a la normativa europea y espa\u00f1ola, no incluyen referencias a otras normativas pertenecientes a otros pa\u00edses fuera de Espa\u00f1a.<\/p><p>Los servicios virtuales contratados se facturar\u00e1n 100% una vez prestado el servicio, el pago de los servicios se realizar\u00e1 de acuerdo a la\u00a0<a href=\"https:\/\/sportsclubtour.com\/es\/payment-cancellation-reduction-policy\/\">Pol\u00edtica de pago, cancelaci\u00f3n y reducci\u00f3n<\/a>.<\/p>\t\t\t\t\t\t\t\t<\/div>\n\t\t\t\t<\/div>\n\t\t\t\t<div class=\"elementor-element elementor-element-0f293f7 elementor-widget elementor-widget-heading\" data-id=\"0f293f7\" data-element_type=\"widget\" data-e-type=\"widget\" data-widget_type=\"heading.default\">\n\t\t\t\t<div class=\"elementor-widget-container\">\n\t\t\t\t\t<h2 class=\"elementor-heading-title elementor-size-default\">Descripci\u00f3n de los servicios y productos ofrecidos en este sitio web<\/h2>\t\t\t\t<\/div>\n\t\t\t\t<\/div>\n\t\t\t\t<div class=\"elementor-element elementor-element-d1c93ea elementor-widget elementor-widget-text-editor\" data-id=\"d1c93ea\" data-element_type=\"widget\" data-e-type=\"widget\" data-widget_type=\"text-editor.default\">\n\t\t\t\t<div class=\"elementor-widget-container\">\n\t\t\t\t\t\t\t\t\t<p>El procedimiento de contrataci\u00f3n s\u00f3lo podr\u00e1 realizarse en idioma ingl\u00e9s. En caso de que pudiera realizarse en otro idioma se indicar\u00e1 antes de iniciar el procedimiento de contrataci\u00f3n.<br \/>Para la adquisici\u00f3n de los servicios y productos, la informaci\u00f3n para realizar el pedido que proporcione el Usuario deber\u00e1 ser exacta, completa y actualizada en todo momento. El no hacerlo constituye una violaci\u00f3n de los t\u00e9rminos, lo que puede dar lugar a la resoluci\u00f3n del contrato con sportsclubtour.com<\/p>\t\t\t\t\t\t\t\t<\/div>\n\t\t\t\t<\/div>\n\t\t\t\t<div class=\"elementor-element elementor-element-e796d26 elementor-widget elementor-widget-heading\" data-id=\"e796d26\" data-element_type=\"widget\" data-e-type=\"widget\" data-widget_type=\"heading.default\">\n\t\t\t\t<div class=\"elementor-widget-container\">\n\t\t\t\t\t<h2 class=\"elementor-heading-title elementor-size-default\">Descripci\u00f3n de los servicios y productos ofrecidos en este sitio web<\/h2>\t\t\t\t<\/div>\n\t\t\t\t<\/div>\n\t\t\t\t<div class=\"elementor-element elementor-element-0c5d2a2 elementor-widget elementor-widget-text-editor\" data-id=\"0c5d2a2\" data-element_type=\"widget\" data-e-type=\"widget\" data-widget_type=\"text-editor.default\">\n\t\t\t\t<div class=\"elementor-widget-container\">\n\t\t\t\t\t\t\t\t\t<p>Una vez realizada la compra y en el plazo m\u00e1s breve posible, **** remitir\u00e1 al Usuario una confirmaci\u00f3n del pedido por correo electr\u00f3nico. Si el cliente no est\u00e1 de acuerdo con la informaci\u00f3n contenida en dicha confirmaci\u00f3n, podr\u00e1 solicitar la modificaci\u00f3n de la misma o la cancelaci\u00f3n del pedido. En todo caso, la comunicaci\u00f3n correspondiente a la cancelaci\u00f3n o modificaci\u00f3n deber\u00e1 realizarse en el plazo de siete d\u00edas h\u00e1biles desde la confirmaci\u00f3n del pedido, a trav\u00e9s del correo electr\u00f3nico info@sportsclubtour.com y siempre que el pedido no haya sido completado.<\/p>\t\t\t\t\t\t\t\t<\/div>\n\t\t\t\t<\/div>\n\t\t\t\t<div class=\"elementor-element elementor-element-ea255d1 elementor-widget elementor-widget-heading\" data-id=\"ea255d1\" data-element_type=\"widget\" data-e-type=\"widget\" data-widget_type=\"heading.default\">\n\t\t\t\t<div class=\"elementor-widget-container\">\n\t\t\t\t\t<h2 class=\"elementor-heading-title elementor-size-default\">Precios<\/h2>\t\t\t\t<\/div>\n\t\t\t\t<\/div>\n\t\t\t\t<div class=\"elementor-element elementor-element-143b515 elementor-widget elementor-widget-text-editor\" data-id=\"143b515\" data-element_type=\"widget\" data-e-type=\"widget\" data-widget_type=\"text-editor.default\">\n\t\t\t\t<div class=\"elementor-widget-container\">\n\t\t\t\t\t\t\t\t\t<p>Los precios aplicables a los servicios y productos son los indicados en la p\u00e1gina web en la fecha del pedido. Los precios est\u00e1n expresados en euros (\u20ac) e incluyen el IVA (Impuesto sobre el Valor A\u00f1adido) aplicable en Espa\u00f1a.<br \/>No obstante, de conformidad con lo establecido en la Ley 37\/1992, de 28 de diciembre, del Impuesto sobre el Valor A\u00f1adido, la operaci\u00f3n podr\u00e1 estar exenta o no sujeta a dicho impuesto en funci\u00f3n del pa\u00eds de residencia del comprador y de la condici\u00f3n en la que act\u00fae el mismo (empresario\/profesional o particular). En consecuencia, en algunos casos el precio final del pedido podr\u00e1 verse alterado respecto al mostrado en la p\u00e1gina web.<br \/>Para la emisi\u00f3n de las facturas correspondientes deber\u00e1s enviar tus datos fiscales a mi correo de contacto info@sportsclubtour.com para poder hac\u00e9rtelo llegar.<\/p>\t\t\t\t\t\t\t\t<\/div>\n\t\t\t\t<\/div>\n\t\t\t\t<div class=\"elementor-element elementor-element-6cc44b9 elementor-widget elementor-widget-heading\" data-id=\"6cc44b9\" data-element_type=\"widget\" data-e-type=\"widget\" data-widget_type=\"heading.default\">\n\t\t\t\t<div class=\"elementor-widget-container\">\n\t\t\t\t\t<h2 class=\"elementor-heading-title elementor-size-default\">Validez de precios y ofertas<\/h2>\t\t\t\t<\/div>\n\t\t\t\t<\/div>\n\t\t\t\t<div class=\"elementor-element elementor-element-3553026 elementor-widget elementor-widget-text-editor\" data-id=\"3553026\" data-element_type=\"widget\" data-e-type=\"widget\" data-widget_type=\"text-editor.default\">\n\t\t\t\t<div class=\"elementor-widget-container\">\n\t\t\t\t\t\t\t\t\t<p>Los productos y servicios ofertados en la web, y sus precios, estar\u00e1n disponibles para su compra mientras se encuentren expuestos y puedan visualizarse a trav\u00e9s del sitio web. Se ruega a los usuarios que accedan a versiones actualizadas del sitio web para evitar errores de precios. En todo caso, los pedidos en tr\u00e1mite mantendr\u00e1n sus condiciones durante 7 d\u00edas desde el momento de su formalizaci\u00f3n.<\/p>\t\t\t\t\t\t\t\t<\/div>\n\t\t\t\t<\/div>\n\t\t\t\t<div class=\"elementor-element elementor-element-ec4cb2e elementor-widget elementor-widget-heading\" data-id=\"ec4cb2e\" data-element_type=\"widget\" data-e-type=\"widget\" data-widget_type=\"heading.default\">\n\t\t\t\t<div class=\"elementor-widget-container\">\n\t\t\t\t\t<h2 class=\"elementor-heading-title elementor-size-default\">M\u00e9todos de pago<\/h2>\t\t\t\t<\/div>\n\t\t\t\t<\/div>\n\t\t\t\t<div class=\"elementor-element elementor-element-2458bc8 elementor-widget elementor-widget-text-editor\" data-id=\"2458bc8\" data-element_type=\"widget\" data-e-type=\"widget\" data-widget_type=\"text-editor.default\">\n\t\t\t\t<div class=\"elementor-widget-container\">\n\t\t\t\t\t\t\t\t\t<p>El usuario\/comprador se compromete a pagar los servicios y productos adquiridos en sportsclubtour.com en las formas de pago aceptadas y por cualquier importe complementario (incluidos impuestos y cargos por demora, en su caso).<br \/>Angel Jes\u00fas Mart\u00ednez Rodr\u00edguez acepta estas formas de pago:<\/p><p>\u2022 Pagos mediante Paypal, tarjeta de cr\u00e9dito y transferencia bancaria.<\/p><p><b>Plataforma de pago en l\u00ednea<\/b><\/p><p>SportsClubTour cuenta con STRIPE como pasarela de pago segura para la adquisici\u00f3n de los servicios y productos comprados en la web, la empresa ofrece todas las garant\u00edas y seguridad requeridas para los pagos online y ecommerce y el correcto cumplimiento de la legislaci\u00f3n en materia de protecci\u00f3n de datos de los usuarios, SportsClubTour.com aceptar\u00e1 como pago oficial a trav\u00e9s de esta plataforma los pagos mediante tarjeta de cr\u00e9dito, d\u00e9bito y Paypal a la cuenta de SportsClubTour.<\/p><p>Puede encontrar m\u00e1s informaci\u00f3n sobre\u00a0<a href=\"https:\/\/stripe.com\/es\/privacy\" target=\"_blank\" rel=\"noopener nofollow\">Pol\u00edtica de privacidad de Stripe\u00a0<\/a>y\u00a0<a href=\"https:\/\/www.paypal.com\/us\/webapps\/mpp\/ua\/privacy-full\" target=\"_blank\" rel=\"noopener nofollow\">Pol\u00edtica de privacidad de Paypal<\/a>.<\/p><p>No se acepta ning\u00fan otro m\u00e9todo de pago en l\u00ednea.<\/p><p>Los servicios contratados se pagar\u00e1n de acuerdo al\u00a0<a href=\"https:\/\/sportsclubtour.com\/es\/payment-cancellation-reduction-policy\/\" data-wplink-edit=\"true\">Pol\u00edtica de pago, cancelaci\u00f3n y reducci\u00f3n<\/a>\u00a0en el momento de la compra y los servicios ser\u00e1n prestados en el plazo contratado pactado.<\/p><p>Los productos se pagar\u00e1n al momento de la compra y se enviar\u00e1n autom\u00e1ticamente cuando se confirme el pago.<\/p><p>Los productos que formen parte de la contrataci\u00f3n de cualquiera de los servicios ser\u00e1n suministrados durante el periodo de contrataci\u00f3n de servicios establecido.<\/p><p>Una vez realizada la compra, se enviar\u00e1 a la direcci\u00f3n de correo electr\u00f3nico indicada una confirmaci\u00f3n de la contrataci\u00f3n realizada, que servir\u00e1 como prueba de la operaci\u00f3n \u201cComprobante de contrataci\u00f3n\u201d, junto con una copia de las presentes condiciones generales, y de las condiciones particulares en su caso; as\u00ed como el formulario de desistimiento, y dem\u00e1s documentaci\u00f3n. La confirmaci\u00f3n de la contrataci\u00f3n y su documento acreditativo no tendr\u00e1n validez como factura.<\/p>\t\t\t\t\t\t\t\t<\/div>\n\t\t\t\t<\/div>\n\t\t\t\t<div class=\"elementor-element elementor-element-a2467e6 elementor-widget elementor-widget-heading\" data-id=\"a2467e6\" data-element_type=\"widget\" data-e-type=\"widget\" data-widget_type=\"heading.default\">\n\t\t\t\t<div class=\"elementor-widget-container\">\n\t\t\t\t\t<h2 class=\"elementor-heading-title elementor-size-default\">Pol\u00edtica de pago<\/h2>\t\t\t\t<\/div>\n\t\t\t\t<\/div>\n\t\t\t\t<div class=\"elementor-element elementor-element-6735a0e elementor-widget elementor-widget-text-editor\" data-id=\"6735a0e\" data-element_type=\"widget\" data-e-type=\"widget\" data-widget_type=\"text-editor.default\">\n\t\t\t\t<div class=\"elementor-widget-container\">\n\t\t\t\t\t\t\t\t\t<div class=\"elementor-element elementor-element-64ba846 elementor-widget elementor-widget-heading\" data-id=\"64ba846\" data-element_type=\"widget\" data-widget_type=\"heading.default\"><div class=\"elementor-widget-container\"><h3 class=\"elementor-heading-title elementor-size-default\">PAGOS EN L\u00cdNEA<\/h3><\/div><\/div><div class=\"elementor-element elementor-element-635dd89 elementor-widget elementor-widget-text-editor\" data-id=\"635dd89\" data-element_type=\"widget\" data-widget_type=\"text-editor.default\"><div class=\"elementor-widget-container\"><div class=\"elementor-text-editor elementor-clearfix\"><p><span style=\"color: #000000;\">La forma, condiciones y porcentaje a pagar por la adquisici\u00f3n de los servicios y\/o productos ofertados en el sitio web que vayan a ser comprados online ser\u00e1n los estipulados en la misma oferta presentada en el sitio web sportsclubtour.com.<\/span><\/p><\/div><\/div><\/div><div class=\"elementor-element elementor-element-9a9b5f8 elementor-widget elementor-widget-heading\" data-id=\"9a9b5f8\" data-element_type=\"widget\" data-widget_type=\"heading.default\"><div class=\"elementor-widget-container\"><h3 class=\"elementor-heading-title elementor-size-default\"><span style=\"color: #000000;\">PAGOS FUERA DE LA WEB<\/span><\/h3><\/div><\/div><div class=\"elementor-element elementor-element-9ca1d30 elementor-widget elementor-widget-text-editor\" data-id=\"9ca1d30\" data-element_type=\"widget\" data-widget_type=\"text-editor.default\"><div class=\"elementor-widget-container\"><div class=\"elementor-text-editor elementor-clearfix\"><p><span style=\"color: #000000;\">Los pagos realizados fuera del sitio web online sportsclubtour.com se realizar\u00e1n de la siguiente manera:<\/span><\/p><p><span style=\"color: #000000;\">1. Pago inicial en concepto de dep\u00f3sito por el equivalente a 50% de los servicios reservados una vez confirmada por escrito la disponibilidad, las opciones de pago ser\u00e1n v\u00eda transferencia bancaria, tarjeta de cr\u00e9dito, d\u00e9bito o Paypal.<\/span><\/p><p><span style=\"color: #000000;\">2. El segundo pago en concepto de pago final por el equivalente a 50% de los servicios contratados al menos 15 d\u00edas antes de la fecha prevista de llegada mediante transferencia bancaria, tarjeta de cr\u00e9dito, d\u00e9bito o Paypal.<\/span><\/p><p><span style=\"color: #000000;\">\u2022 Una forma de pago, condici\u00f3n y porcentaje diferente a los descritos deber\u00e1 ser previamente pactado por escrito.<\/span><\/p><\/div><\/div><\/div>\t\t\t\t\t\t\t\t<\/div>\n\t\t\t\t<\/div>\n\t\t\t\t<div class=\"elementor-element elementor-element-b689b35 elementor-widget elementor-widget-heading\" data-id=\"b689b35\" data-element_type=\"widget\" data-e-type=\"widget\" data-widget_type=\"heading.default\">\n\t\t\t\t<div class=\"elementor-widget-container\">\n\t\t\t\t\t<h2 class=\"elementor-heading-title elementor-size-default\">Pol\u00edtica de cancelaci\u00f3n y reducci\u00f3n<\/h2>\t\t\t\t<\/div>\n\t\t\t\t<\/div>\n\t\t\t\t<div class=\"elementor-element elementor-element-766a7fc elementor-widget elementor-widget-text-editor\" data-id=\"766a7fc\" data-element_type=\"widget\" data-e-type=\"widget\" data-widget_type=\"text-editor.default\">\n\t\t\t\t<div class=\"elementor-widget-container\">\n\t\t\t\t\t\t\t\t\t<p>Consulta en este enlace las pol\u00edticas de pago, cancelaci\u00f3n y reducci\u00f3n,\u00a0<a href=\"https:\/\/sportsclubtour.com\/es\/payment-cancellation-reduction-policy\/\">aqu\u00ed<\/a>.<\/p>\t\t\t\t\t\t\t\t<\/div>\n\t\t\t\t<\/div>\n\t\t\t\t<div class=\"elementor-element elementor-element-0c9ea82 elementor-widget elementor-widget-heading\" data-id=\"0c9ea82\" data-element_type=\"widget\" data-e-type=\"widget\" data-widget_type=\"heading.default\">\n\t\t\t\t<div class=\"elementor-widget-container\">\n\t\t\t\t\t<h2 class=\"elementor-heading-title elementor-size-default\">Plataforma de resoluci\u00f3n de conflictos<\/h2>\t\t\t\t<\/div>\n\t\t\t\t<\/div>\n\t\t\t\t<div class=\"elementor-element elementor-element-ca08553 elementor-widget elementor-widget-text-editor\" data-id=\"ca08553\" data-element_type=\"widget\" data-e-type=\"widget\" data-widget_type=\"text-editor.default\">\n\t\t\t\t<div class=\"elementor-widget-container\">\n\t\t\t\t\t\t\t\t\t<p>En caso de que pueda ser de su inter\u00e9s, para presentar sus reclamaciones tambi\u00e9n puede utilizar la plataforma de resoluci\u00f3n de litigios facilitada por la Comisi\u00f3n Europea y disponible en el siguiente enlace: http:\/\/ec.europa.eu\/consumers\/odr\/<\/p>\t\t\t\t\t\t\t\t<\/div>\n\t\t\t\t<\/div>\n\t\t\t\t\t<\/div>\n\t\t<\/div>\n\t\t\t\t\t<\/div>\n\t\t<\/section>\n\t\t\t\t<\/div>","protected":false},"excerpt":{"rendered":"<p>Purchase and contracting conditions Latest update: 12\/06\/2020 These General Conditions, together with the Particular Conditions that may be established, regulate the legal relationship derived from the contracting processes formalized through this website, and may be contracted by any user provided they comply with all the terms stipulated in these Conditions. .This document is available at [&hellip;]<\/p>\n","protected":false},"author":1,"featured_media":0,"parent":0,"menu_order":0,"comment_status":"closed","ping_status":"closed","template":"elementor_header_footer","meta":{"footnotes":""},"class_list":["post-3600","page","type-page","status-publish","hentry"],"_links":{"self":[{"href":"https:\/\/sportsclubtour.com\/es\/wp-json\/wp\/v2\/pages\/3600","targetHints":{"allow":["GET"]}}],"collection":[{"href":"https:\/\/sportsclubtour.com\/es\/wp-json\/wp\/v2\/pages"}],"about":[{"href":"https:\/\/sportsclubtour.com\/es\/wp-json\/wp\/v2\/types\/page"}],"author":[{"embeddable":true,"href":"https:\/\/sportsclubtour.com\/es\/wp-json\/wp\/v2\/users\/1"}],"replies":[{"embeddable":true,"href":"https:\/\/sportsclubtour.com\/es\/wp-json\/wp\/v2\/comments?post=3600"}],"version-history":[{"count":0,"href":"https:\/\/sportsclubtour.com\/es\/wp-json\/wp\/v2\/pages\/3600\/revisions"}],"wp:attachment":[{"href":"https:\/\/sportsclubtour.com\/es\/wp-json\/wp\/v2\/media?parent=3600"}],"curies":[{"name":"gracias","href":"https:\/\/api.w.org\/{rel}","templated":true}]}}