{"id":18502,"date":"2025-01-15T23:15:16","date_gmt":"2025-01-15T21:15:16","guid":{"rendered":"https:\/\/sportsclubtour.com\/?page_id=18502"},"modified":"2025-01-15T23:18:54","modified_gmt":"2025-01-15T21:18:54","slug":"edit-client-info","status":"publish","type":"page","link":"https:\/\/sportsclubtour.com\/fr\/edit-client-info\/","title":{"rendered":"Modifier les informations du client"},"content":{"rendered":"<div data-elementor-type=\"wp-page\" data-elementor-id=\"18502\" class=\"elementor elementor-18502\" data-elementor-post-type=\"page\">\n\t\t\t\t\t\t<section class=\"elementor-section elementor-top-section elementor-element elementor-element-38bd660 elementor-section-boxed elementor-section-height-default elementor-section-height-default\" data-id=\"38bd660\" data-element_type=\"section\" data-e-type=\"section\">\n\t\t\t\t\t\t<div class=\"elementor-container elementor-column-gap-default\">\n\t\t\t\t\t<div class=\"elementor-column elementor-col-100 elementor-top-column elementor-element elementor-element-8110ebc\" data-id=\"8110ebc\" data-element_type=\"column\" data-e-type=\"column\">\n\t\t\t<div class=\"elementor-widget-wrap elementor-element-populated\">\n\t\t\t\t\t\t<div class=\"elementor-element elementor-element-7e0eed9 elementor-widget elementor-widget-jet-engine-booking-form\" data-id=\"7e0eed9\" data-element_type=\"widget\" data-e-type=\"widget\" data-widget_type=\"jet-engine-booking-form.default\">\n\t\t\t\t<div class=\"elementor-widget-container\">\n\t\t\t\t\t<form  class=\"jet-form layout-column submit-type-ajax\" action=\"\/fr\/wp-json\/wp\/v2\/pages\/18502?jet_engine_action=book&#038;nocache=1776292568\" method=\"POST\" data-form-id=\"18500\" data-trp-original-action=\"\/fr\/wp-json\/wp\/v2\/pages\/18502?jet_engine_action=book&#038;nocache=1776292568\"><input class=\"jet-form__field hidden-field\" type=\"hidden\" name=\"_jet_engine_booking_form_id\" value=\"18500\" data-field-name=\"_jet_engine_booking_form_id\"><input class=\"jet-form__field hidden-field\" type=\"hidden\" name=\"_jet_engine_refer\" value=\"https:\/\/sportsclubtour.com\/fr\/wp-json\/wp\/v2\/pages\/18502\" data-field-name=\"_jet_engine_refer\"><div  class=\"jet-form-row jet-form-row--hidden\"><div class=\"jet-form-col jet-form-col-12  field-type-hidden  jet-form-field-container\" data-field=\"post_id\" data-conditional=\"false\"><input class=\"jet-form__field hidden-field\" type=\"hidden\" name=\"post_id\" value=\"18502\" data-field-name=\"post_id\"><\/div><\/div><div  class=\"jet-form-row jet-form-row--first-visible\"><div class=\"jet-form-col jet-form-col-12  field-type-checkboxes  jet-form-field-container\" data-field=\"datacheckbox\" data-conditional=\"false\"><div class=\"jet-form__label\">\n\t<span class=\"jet-form__label-text\" >Veuillez s\u00e9lectionner l&#039;action que vous souhaitez entreprendre concernant vos donn\u00e9es personnelles :<span class=\"jet-form__required\">*<\/span><\/span>\n\t<\/div><div class=\"jet-form__fields-group checkradio-wrap\">\t\t<div class=\"jet-form__field-wrap checkboxes-wrap checkradio-wrap\">\n\t\t\t\t\t\t<label class=\"jet-form__field-label\">\n\t\t\t\t<input\n\t\t\t\t\ttype=\"checkbox\"\n\t\t\t\t\tname=\"datacheckbox[]\"\n\t\t\t\t\tclass=\"jet-form__field checkboxes-field checkradio-field checkboxes-group-required\"\n\t\t\t\t\tvalue=\"Access to your data: I would like to request a copy of my personal data.\"\n\t\t\t\t\tdata-field-name=\"datacheckbox\"\n\t\t\t\t\t\t\t\t\t\trequired=\"required\"\t\t\t\t\t\t\t\t\t>\n\t\t\t\tAcc\u00e8s \u00e0 vos donn\u00e9es : Je souhaite demander une copie de mes donn\u00e9es personnelles.\t\t\t<\/label>\n\t\t<\/div>\n\t\t\t\t<div class=\"jet-form__field-wrap checkboxes-wrap checkradio-wrap\">\n\t\t\t\t\t\t<label class=\"jet-form__field-label\">\n\t\t\t\t<input\n\t\t\t\t\ttype=\"checkbox\"\n\t\t\t\t\tname=\"datacheckbox[]\"\n\t\t\t\t\tclass=\"jet-form__field checkboxes-field checkradio-field checkboxes-group-required\"\n\t\t\t\t\tvalue=\" Rectification: I would like to request that my personal data be corrected if it is inaccurate or incomplete.\"\n\t\t\t\t\tdata-field-name=\"datacheckbox\"\n\t\t\t\t\t\t\t\t\t\trequired=\"required\"\t\t\t\t\t\t\t\t\t>\n\t\t\t\t Rectification : Je souhaite demander que mes donn\u00e9es personnelles soient rectifi\u00e9es si elles sont inexactes ou incompl\u00e8tes.\t\t\t<\/label>\n\t\t<\/div>\n\t\t\t\t<div class=\"jet-form__field-wrap checkboxes-wrap checkradio-wrap\">\n\t\t\t\t\t\t<label class=\"jet-form__field-label\">\n\t\t\t\t<input\n\t\t\t\t\ttype=\"checkbox\"\n\t\t\t\t\tname=\"datacheckbox[]\"\n\t\t\t\t\tclass=\"jet-form__field checkboxes-field checkradio-field checkboxes-group-required\"\n\t\t\t\t\tvalue=\"Deletion: I would like to request the deletion of my personal data from your records\"\n\t\t\t\t\tdata-field-name=\"datacheckbox\"\n\t\t\t\t\t\t\t\t\t\trequired=\"required\"\t\t\t\t\t\t\t\t\t>\n\t\t\t\tSuppression : Je souhaite demander la suppression de mes donn\u00e9es personnelles de vos dossiers\t\t\t<\/label>\n\t\t<\/div>\n\t\t\t\t<div class=\"jet-form__field-wrap checkboxes-wrap checkradio-wrap\">\n\t\t\t\t\t\t<label class=\"jet-form__field-label\">\n\t\t\t\t<input\n\t\t\t\t\ttype=\"checkbox\"\n\t\t\t\t\tname=\"datacheckbox[]\"\n\t\t\t\t\tclass=\"jet-form__field checkboxes-field checkradio-field checkboxes-group-required\"\n\t\t\t\t\tvalue=\"Restriction of processing: I would like to request the restriction of processing my personal data.\"\n\t\t\t\t\tdata-field-name=\"datacheckbox\"\n\t\t\t\t\t\t\t\t\t\trequired=\"required\"\t\t\t\t\t\t\t\t\t>\n\t\t\t\tLimitation du traitement : Je souhaite demander la limitation du traitement de mes donn\u00e9es personnelles.\t\t\t<\/label>\n\t\t<\/div>\n\t\t\t\t<div class=\"jet-form__field-wrap checkboxes-wrap checkradio-wrap\">\n\t\t\t\t\t\t<label class=\"jet-form__field-label\">\n\t\t\t\t<input\n\t\t\t\t\ttype=\"checkbox\"\n\t\t\t\t\tname=\"datacheckbox[]\"\n\t\t\t\t\tclass=\"jet-form__field checkboxes-field checkradio-field checkboxes-group-required\"\n\t\t\t\t\tvalue=\"Portability: I would like to request that my personal data be provided in a machine-readable format for transfer to another service provider.\"\n\t\t\t\t\tdata-field-name=\"datacheckbox\"\n\t\t\t\t\t\t\t\t\t\trequired=\"required\"\t\t\t\t\t\t\t\t\t>\n\t\t\t\tPortabilit\u00e9 : Je souhaite demander que mes donn\u00e9es personnelles soient fournies dans un format lisible par machine pour \u00eatre transf\u00e9r\u00e9es \u00e0 un autre prestataire de services.\t\t\t<\/label>\n\t\t<\/div>\n\t\t<\/div><\/div><\/div><div  class=\"jet-form-row\"><div class=\"jet-form-col jet-form-col-6  field-type-text  jet-form-field-container\" data-field=\"name\" data-conditional=\"false\"><input class=\"jet-form__field text-field\" placeholder=\"Nom\" required=\"required\" name=\"name\" id=\"name\" type=\"text\" data-field-name=\"name\"><\/div><div class=\"jet-form-col jet-form-col-6  field-type-text  jet-form-field-container\" data-field=\"lastname\" data-conditional=\"false\"><input class=\"jet-form__field text-field\" placeholder=\"Nom de famille\" required=\"required\" name=\"lastname\" id=\"lastname\" type=\"text\" data-field-name=\"lastname\"><\/div><\/div><div  class=\"jet-form-row\"><div class=\"jet-form-col jet-form-col-12  field-type-text  jet-form-field-container\" data-field=\"email\" data-conditional=\"false\"><input class=\"jet-form__field text-field\" placeholder=\"E-mail\" required=\"required\" name=\"email\" id=\"email\" type=\"email\" data-field-name=\"email\"><\/div><\/div><div  class=\"jet-form-row\"><div class=\"jet-form-col jet-form-col-12  field-type-textarea  jet-form-field-container\" data-field=\"clienttext\" data-conditional=\"false\"><textarea class=\"jet-form__field textarea-field\" placeholder=\"Texte du client\" name=\"clienttext\" data-field-name=\"clienttext\" id=\"clienttext\">You can write an additional comment here<\/textarea><\/div><\/div><div  class=\"jet-form-row jet-form-row--submit\"><div class=\"jet-form-col jet-form-col-12  field-type-submit  jet-form-field-container\" data-field=\"Submit\" data-conditional=\"false\"><div class=\"jet-form__submit-wrap\">\n\t\t<button class=\"jet-form__submit submit-type-ajax\" type=\"button\">Soumettre<\/button>\n<\/div><\/div><\/div><input class=\"jet-form__field hidden-field\" type=\"hidden\" name=\"_jet_engine_nonce\" value=\"95cc5300e5\" data-field-name=\"_jet_engine_nonce\"><input type=\"hidden\" name=\"trp-form-language\" value=\"fr\"\/><\/form><div class=\"jet-form-messages-wrap\" data-form-id=\"18500\"><\/div>\t\t\t\t<\/div>\n\t\t\t\t<\/div>\n\t\t\t\t\t<\/div>\n\t\t<\/div>\n\t\t\t\t\t<\/div>\n\t\t<\/section>\n\t\t\t\t<\/div>","protected":false},"excerpt":{"rendered":"<p>Niveau de jeu1 \u2013 Initiation2 \u2013 Amateur3 \u2013 Interm\u00e9diaire4 \u2013 Avanc\u00e95 \u2013 Comp\u00e9tition6 \u2013 ProfessionnelInscription \u00e0 la newsletterOui, j&#039;accepte de recevoir des actualit\u00e9sNon, merci Envoyer<\/p>","protected":false},"author":1,"featured_media":0,"parent":0,"menu_order":0,"comment_status":"closed","ping_status":"closed","template":"","meta":{"footnotes":""},"class_list":["post-18502","page","type-page","status-publish","hentry"],"_links":{"self":[{"href":"https:\/\/sportsclubtour.com\/fr\/wp-json\/wp\/v2\/pages\/18502","targetHints":{"allow":["GET"]}}],"collection":[{"href":"https:\/\/sportsclubtour.com\/fr\/wp-json\/wp\/v2\/pages"}],"about":[{"href":"https:\/\/sportsclubtour.com\/fr\/wp-json\/wp\/v2\/types\/page"}],"author":[{"embeddable":true,"href":"https:\/\/sportsclubtour.com\/fr\/wp-json\/wp\/v2\/users\/1"}],"replies":[{"embeddable":true,"href":"https:\/\/sportsclubtour.com\/fr\/wp-json\/wp\/v2\/comments?post=18502"}],"version-history":[{"count":7,"href":"https:\/\/sportsclubtour.com\/fr\/wp-json\/wp\/v2\/pages\/18502\/revisions"}],"predecessor-version":[{"id":18511,"href":"https:\/\/sportsclubtour.com\/fr\/wp-json\/wp\/v2\/pages\/18502\/revisions\/18511"}],"wp:attachment":[{"href":"https:\/\/sportsclubtour.com\/fr\/wp-json\/wp\/v2\/media?parent=18502"}],"curies":[{"name":"wp","href":"https:\/\/api.w.org\/{rel}","templated":true}]}}