{"id":18514,"date":"2025-01-16T19:55:02","date_gmt":"2025-01-16T17:55:02","guid":{"rendered":"https:\/\/sportsclubtour.com\/?page_id=18514"},"modified":"2026-04-14T19:04:48","modified_gmt":"2026-04-14T17:04:48","slug":"data-privacy-rights-request","status":"publish","type":"page","link":"https:\/\/sportsclubtour.com\/fr\/data-privacy-rights-request\/","title":{"rendered":"Demandes relatives \u00e0 la confidentialit\u00e9 des donn\u00e9es et aux droits li\u00e9s au RGPD"},"content":{"rendered":"<div data-elementor-type=\"wp-page\" data-elementor-id=\"18514\" class=\"elementor elementor-18514\" data-elementor-post-type=\"page\">\n\t\t\t\t\t\t<section class=\"elementor-section elementor-top-section elementor-element elementor-element-f303061 elementor-section-stretched elementor-section-boxed elementor-section-height-default elementor-section-height-default\" data-id=\"f303061\" data-element_type=\"section\" data-e-type=\"section\" data-settings=\"{&quot;stretch_section&quot;:&quot;section-stretched&quot;}\">\n\t\t\t\t\t\t<div class=\"elementor-container elementor-column-gap-default\">\n\t\t\t\t\t<div class=\"elementor-column elementor-col-100 elementor-top-column elementor-element elementor-element-5082b2e\" data-id=\"5082b2e\" data-element_type=\"column\" data-e-type=\"column\">\n\t\t\t<div class=\"elementor-widget-wrap elementor-element-populated\">\n\t\t\t\t\t\t<div class=\"elementor-element elementor-element-6ad22c5 elementor-widget elementor-widget-heading\" data-id=\"6ad22c5\" data-element_type=\"widget\" data-e-type=\"widget\" data-widget_type=\"heading.default\">\n\t\t\t\t<div class=\"elementor-widget-container\">\n\t\t\t\t\t<h2 class=\"elementor-heading-title elementor-size-default\">Demandes relatives \u00e0 la confidentialit\u00e9 des donn\u00e9es et aux droits li\u00e9s au RGPD<\/h2>\t\t\t\t<\/div>\n\t\t\t\t<\/div>\n\t\t\t\t<div class=\"elementor-element elementor-element-e088c60 elementor-widget__width-initial elementor-widget elementor-widget-text-editor\" data-id=\"e088c60\" data-element_type=\"widget\" data-e-type=\"widget\" data-widget_type=\"text-editor.default\">\n\t\t\t\t<div class=\"elementor-widget-container\">\n\t\t\t\t\t\t\t\t\t<p>Chez SportsClubTour, nous prenons votre vie priv\u00e9e et la protection de vos donn\u00e9es au s\u00e9rieux. <strong>R\u00e8glement g\u00e9n\u00e9ral sur la protection des donn\u00e9es (RGPD)<\/strong>, vous avez le droit de demander la suppression de vos donn\u00e9es personnelles que nous avons collect\u00e9es ou trait\u00e9es.<\/p>\n<p>Si vous souhaitez exercer ce droit, veuillez utiliser le formulaire ci-dessous pour soumettre votre demande.<\/p>\n<h3><strong>Quelles donn\u00e9es sont concern\u00e9es ?<\/strong><\/h3>\n<p>Les donn\u00e9es personnelles que nous pouvons d\u00e9tenir incluent, sans s&#039;y limiter :<\/p>\n<ul>\n<li>Nom<\/li>\n<li>Adresse email<\/li>\n<li>Num\u00e9ro de t\u00e9l\u00e9phone<\/li>\n<li>D\u00e9tails de la r\u00e9servation<\/li>\n<li>Toute autre information fournie lors de votre interaction avec nous<\/li>\n<\/ul>\n<h3><strong>Comment fonctionne le processus ?<\/strong><\/h3>\n<p>Une fois votre demande soumise, nous allons :<\/p>\n<ol>\n<li><strong>V\u00e9rifiez votre identit\u00e9<\/strong> pour s\u2019assurer que la demande est l\u00e9gitime.<\/li>\n<li><strong>Traiter votre demande<\/strong> conform\u00e9ment aux exigences du RGPD<\/li>\n<li><strong>R\u00e9pondre<\/strong> dans les d\u00e9lais l\u00e9galement \u00e9tablis<\/li>\n<\/ol>\n<p>Veuillez noter que certaines donn\u00e9es peuvent \u00eatre conserv\u00e9es lorsque les obligations l\u00e9gales l&#039;exigent (par exemple, les r\u00e9glementations fiscales ou comptables).<\/p>\n<p>Vos droits en vertu du RGPD\u00a0:<\/p>\n<p><span style=\"letter-spacing: 0px;\">\u2013 Acc\u00e9dez \u00e0 vos donn\u00e9es personnelles&nbsp;&nbsp;<br><\/span><span style=\"letter-spacing: 0px;\">\u2013 Rectifier les donn\u00e9es inexactes&nbsp;&nbsp;<br><\/span><span style=\"letter-spacing: 0px;\">\u2013 Demandez la suppression de vos donn\u00e9es&nbsp;&nbsp;<br><\/span><span style=\"letter-spacing: 0px;\">\u2013 Restreindre le traitement&nbsp;&nbsp;<br><\/span><span style=\"letter-spacing: 0px;\">\u2013 S\u2019opposer au traitement&nbsp;&nbsp;<br><\/span><span style=\"letter-spacing: 0px;\">\u2013 Demander la portabilit\u00e9 des donn\u00e9es&nbsp;&nbsp;<\/span><\/p>\n<p>Vous pouvez \u00e9galement nous contacter directement \u00e0 l&#039;adresse suivante\u00a0:<br><strong>info@sportsclubtour.com<\/strong><\/p>\n<p>Pour plus d&#039;informations, veuillez consulter notre&nbsp;<a href=\"https:\/\/sportsclubtour.com\/fr\/politique-de-confidentialite\/\">Politique de confidentialit\u00e9<\/a> et <a href=\"https:\/\/sportsclubtour.com\/fr\/conditions-dachat-et-de-contractualisation\/\">Conditions d'achat et de contractualisation<\/a>.<\/p>\n<p>Nous nous engageons \u00e0 prot\u00e9ger vos donn\u00e9es personnelles et \u00e0 garantir le respect int\u00e9gral des lois applicables en mati\u00e8re de protection des donn\u00e9es.<\/p>\t\t\t\t\t\t\t\t<\/div>\n\t\t\t\t<\/div>\n\t\t\t\t\t<\/div>\n\t\t<\/div>\n\t\t\t\t\t<\/div>\n\t\t<\/section>\n\t\t\t\t<section class=\"elementor-section elementor-top-section elementor-element elementor-element-42acdc0 elementor-section-stretched elementor-section-boxed elementor-section-height-default elementor-section-height-default\" data-id=\"42acdc0\" data-element_type=\"section\" data-e-type=\"section\" data-settings=\"{&quot;stretch_section&quot;:&quot;section-stretched&quot;,&quot;background_background&quot;:&quot;classic&quot;}\">\n\t\t\t\t\t\t<div class=\"elementor-container elementor-column-gap-default\">\n\t\t\t\t\t<div class=\"elementor-column elementor-col-100 elementor-top-column elementor-element elementor-element-02344fb\" data-id=\"02344fb\" data-element_type=\"column\" data-e-type=\"column\">\n\t\t\t<div class=\"elementor-widget-wrap elementor-element-populated\">\n\t\t\t\t\t\t<div class=\"elementor-element elementor-element-92f9ad3 elementor-widget elementor-widget-jet-engine-booking-form\" data-id=\"92f9ad3\" data-element_type=\"widget\" data-e-type=\"widget\" data-widget_type=\"jet-engine-booking-form.default\">\n\t\t\t\t<div class=\"elementor-widget-container\">\n\t\t\t\t\t<form  class=\"jet-form layout-column submit-type-ajax\" action=\"\/fr\/wp-json\/wp\/v2\/pages\/18514?jet_engine_action=book&#038;nocache=1776637778\" method=\"POST\" data-form-id=\"18500\" data-trp-original-action=\"\/fr\/wp-json\/wp\/v2\/pages\/18514?jet_engine_action=book&#038;nocache=1776637778\"><input class=\"jet-form__field hidden-field\" type=\"hidden\" name=\"_jet_engine_booking_form_id\" value=\"18500\" data-field-name=\"_jet_engine_booking_form_id\"><input class=\"jet-form__field hidden-field\" type=\"hidden\" name=\"_jet_engine_refer\" value=\"https:\/\/sportsclubtour.com\/fr\/wp-json\/wp\/v2\/pages\/18514\" data-field-name=\"_jet_engine_refer\"><div  class=\"jet-form-row jet-form-row--hidden\"><div class=\"jet-form-col jet-form-col-12  field-type-hidden  jet-form-field-container\" data-field=\"post_id\" data-conditional=\"false\"><input class=\"jet-form__field hidden-field\" type=\"hidden\" name=\"post_id\" value=\"18514\" data-field-name=\"post_id\"><\/div><\/div><div  class=\"jet-form-row jet-form-row--first-visible\"><div class=\"jet-form-col jet-form-col-12  field-type-checkboxes  jet-form-field-container\" data-field=\"datacheckbox\" data-conditional=\"false\"><div class=\"jet-form__label\">\n\t<span class=\"jet-form__label-text\" >Veuillez s\u00e9lectionner l&#039;action que vous souhaitez entreprendre concernant vos donn\u00e9es personnelles :<span class=\"jet-form__required\">*<\/span><\/span>\n\t<\/div><div class=\"jet-form__fields-group checkradio-wrap\">\t\t<div class=\"jet-form__field-wrap checkboxes-wrap checkradio-wrap\">\n\t\t\t\t\t\t<label class=\"jet-form__field-label\">\n\t\t\t\t<input\n\t\t\t\t\ttype=\"checkbox\"\n\t\t\t\t\tname=\"datacheckbox[]\"\n\t\t\t\t\tclass=\"jet-form__field checkboxes-field checkradio-field checkboxes-group-required\"\n\t\t\t\t\tvalue=\"Access to your data: I would like to request a copy of my personal data.\"\n\t\t\t\t\tdata-field-name=\"datacheckbox\"\n\t\t\t\t\t\t\t\t\t\trequired=\"required\"\t\t\t\t\t\t\t\t\t>\n\t\t\t\tAcc\u00e8s \u00e0 vos donn\u00e9es : Je souhaite demander une copie de mes donn\u00e9es personnelles.\t\t\t<\/label>\n\t\t<\/div>\n\t\t\t\t<div class=\"jet-form__field-wrap checkboxes-wrap checkradio-wrap\">\n\t\t\t\t\t\t<label class=\"jet-form__field-label\">\n\t\t\t\t<input\n\t\t\t\t\ttype=\"checkbox\"\n\t\t\t\t\tname=\"datacheckbox[]\"\n\t\t\t\t\tclass=\"jet-form__field checkboxes-field checkradio-field checkboxes-group-required\"\n\t\t\t\t\tvalue=\" Rectification: I would like to request that my personal data be corrected if it is inaccurate or incomplete.\"\n\t\t\t\t\tdata-field-name=\"datacheckbox\"\n\t\t\t\t\t\t\t\t\t\trequired=\"required\"\t\t\t\t\t\t\t\t\t>\n\t\t\t\t Rectification : Je souhaite demander que mes donn\u00e9es personnelles soient rectifi\u00e9es si elles sont inexactes ou incompl\u00e8tes.\t\t\t<\/label>\n\t\t<\/div>\n\t\t\t\t<div class=\"jet-form__field-wrap checkboxes-wrap checkradio-wrap\">\n\t\t\t\t\t\t<label class=\"jet-form__field-label\">\n\t\t\t\t<input\n\t\t\t\t\ttype=\"checkbox\"\n\t\t\t\t\tname=\"datacheckbox[]\"\n\t\t\t\t\tclass=\"jet-form__field checkboxes-field checkradio-field checkboxes-group-required\"\n\t\t\t\t\tvalue=\"Deletion: I would like to request the deletion of my personal data from your records\"\n\t\t\t\t\tdata-field-name=\"datacheckbox\"\n\t\t\t\t\t\t\t\t\t\trequired=\"required\"\t\t\t\t\t\t\t\t\t>\n\t\t\t\tSuppression : Je souhaite demander la suppression de mes donn\u00e9es personnelles de vos dossiers\t\t\t<\/label>\n\t\t<\/div>\n\t\t\t\t<div class=\"jet-form__field-wrap checkboxes-wrap checkradio-wrap\">\n\t\t\t\t\t\t<label class=\"jet-form__field-label\">\n\t\t\t\t<input\n\t\t\t\t\ttype=\"checkbox\"\n\t\t\t\t\tname=\"datacheckbox[]\"\n\t\t\t\t\tclass=\"jet-form__field checkboxes-field checkradio-field checkboxes-group-required\"\n\t\t\t\t\tvalue=\"Restriction of processing: I would like to request the restriction of processing my personal data.\"\n\t\t\t\t\tdata-field-name=\"datacheckbox\"\n\t\t\t\t\t\t\t\t\t\trequired=\"required\"\t\t\t\t\t\t\t\t\t>\n\t\t\t\tLimitation du traitement : Je souhaite demander la limitation du traitement de mes donn\u00e9es personnelles.\t\t\t<\/label>\n\t\t<\/div>\n\t\t\t\t<div class=\"jet-form__field-wrap checkboxes-wrap checkradio-wrap\">\n\t\t\t\t\t\t<label class=\"jet-form__field-label\">\n\t\t\t\t<input\n\t\t\t\t\ttype=\"checkbox\"\n\t\t\t\t\tname=\"datacheckbox[]\"\n\t\t\t\t\tclass=\"jet-form__field checkboxes-field checkradio-field checkboxes-group-required\"\n\t\t\t\t\tvalue=\"Portability: I would like to request that my personal data be provided in a machine-readable format for transfer to another service provider.\"\n\t\t\t\t\tdata-field-name=\"datacheckbox\"\n\t\t\t\t\t\t\t\t\t\trequired=\"required\"\t\t\t\t\t\t\t\t\t>\n\t\t\t\tPortabilit\u00e9 : Je souhaite demander que mes donn\u00e9es personnelles soient fournies dans un format lisible par machine pour \u00eatre transf\u00e9r\u00e9es \u00e0 un autre prestataire de services.\t\t\t<\/label>\n\t\t<\/div>\n\t\t<\/div><\/div><\/div><div  class=\"jet-form-row\"><div class=\"jet-form-col jet-form-col-6  field-type-text  jet-form-field-container\" data-field=\"name\" data-conditional=\"false\"><input class=\"jet-form__field text-field\" placeholder=\"Nom\" required=\"required\" name=\"name\" id=\"name\" type=\"text\" data-field-name=\"name\"><\/div><div class=\"jet-form-col jet-form-col-6  field-type-text  jet-form-field-container\" data-field=\"lastname\" data-conditional=\"false\"><input class=\"jet-form__field text-field\" placeholder=\"Nom de famille\" required=\"required\" name=\"lastname\" id=\"lastname\" type=\"text\" data-field-name=\"lastname\"><\/div><\/div><div  class=\"jet-form-row\"><div class=\"jet-form-col jet-form-col-12  field-type-text  jet-form-field-container\" data-field=\"email\" data-conditional=\"false\"><input class=\"jet-form__field text-field\" placeholder=\"E-mail\" required=\"required\" name=\"email\" id=\"email\" type=\"email\" data-field-name=\"email\"><\/div><\/div><div  class=\"jet-form-row\"><div class=\"jet-form-col jet-form-col-12  field-type-textarea  jet-form-field-container\" data-field=\"clienttext\" data-conditional=\"false\"><textarea class=\"jet-form__field textarea-field\" placeholder=\"Texte du client\" name=\"clienttext\" data-field-name=\"clienttext\" id=\"clienttext\">You can write an additional comment here<\/textarea><\/div><\/div><div  class=\"jet-form-row jet-form-row--submit\"><div class=\"jet-form-col jet-form-col-12  field-type-submit  jet-form-field-container\" data-field=\"Submit\" data-conditional=\"false\"><div class=\"jet-form__submit-wrap\">\n\t\t<button class=\"jet-form__submit submit-type-ajax\" type=\"button\">Soumettre<\/button>\n<\/div><\/div><\/div><input class=\"jet-form__field hidden-field\" type=\"hidden\" name=\"_jet_engine_nonce\" value=\"0bfd073c33\" data-field-name=\"_jet_engine_nonce\"><input type=\"hidden\" name=\"trp-form-language\" value=\"fr\"\/><\/form><div class=\"jet-form-messages-wrap\" data-form-id=\"18500\"><\/div>\t\t\t\t<\/div>\n\t\t\t\t<\/div>\n\t\t\t\t\t<\/div>\n\t\t<\/div>\n\t\t\t\t\t<\/div>\n\t\t<\/section>\n\t\t\t\t<\/div>","protected":false},"excerpt":{"rendered":"<p>At SportsClubTour, we take your privacy and data protection seriously. Under the General Data Protection Regulation (GDPR), you have the right to request the deletion of your personal data that we have collected or processed. If you wish to exercise this right, please use the form below to submit your request. What Data is Affected? [&hellip;]<\/p>\n","protected":false},"author":1,"featured_media":0,"parent":0,"menu_order":0,"comment_status":"closed","ping_status":"closed","template":"","meta":{"footnotes":""},"class_list":["post-18514","page","type-page","status-publish","hentry"],"_links":{"self":[{"href":"https:\/\/sportsclubtour.com\/fr\/wp-json\/wp\/v2\/pages\/18514","targetHints":{"allow":["GET"]}}],"collection":[{"href":"https:\/\/sportsclubtour.com\/fr\/wp-json\/wp\/v2\/pages"}],"about":[{"href":"https:\/\/sportsclubtour.com\/fr\/wp-json\/wp\/v2\/types\/page"}],"author":[{"embeddable":true,"href":"https:\/\/sportsclubtour.com\/fr\/wp-json\/wp\/v2\/users\/1"}],"replies":[{"embeddable":true,"href":"https:\/\/sportsclubtour.com\/fr\/wp-json\/wp\/v2\/comments?post=18514"}],"version-history":[{"count":17,"href":"https:\/\/sportsclubtour.com\/fr\/wp-json\/wp\/v2\/pages\/18514\/revisions"}],"predecessor-version":[{"id":20003,"href":"https:\/\/sportsclubtour.com\/fr\/wp-json\/wp\/v2\/pages\/18514\/revisions\/20003"}],"wp:attachment":[{"href":"https:\/\/sportsclubtour.com\/fr\/wp-json\/wp\/v2\/media?parent=18514"}],"curies":[{"name":"wp","href":"https:\/\/api.w.org\/{rel}","templated":true}]}}