{"id":2890,"date":"2021-01-24T12:14:12","date_gmt":"2021-01-24T11:14:12","guid":{"rendered":"http:\/\/sportsclubtour.com\/?page_id=2890"},"modified":"2023-11-01T22:47:20","modified_gmt":"2023-11-01T20:47:20","slug":"about","status":"publish","type":"page","link":"https:\/\/sportsclubtour.com\/fr\/about\/","title":{"rendered":"\u00c0 propos"},"content":{"rendered":"<div data-elementor-type=\"wp-page\" data-elementor-id=\"2890\" class=\"elementor elementor-2890\" data-elementor-post-type=\"page\">\n\t\t\t\t\t\t<section class=\"elementor-section elementor-top-section elementor-element elementor-element-2d28e3b elementor-section-boxed elementor-section-height-default elementor-section-height-default\" data-id=\"2d28e3b\" data-element_type=\"section\" data-e-type=\"section\">\n\t\t\t\t\t\t<div class=\"elementor-container elementor-column-gap-default\">\n\t\t\t\t\t<div class=\"elementor-column elementor-col-100 elementor-top-column elementor-element elementor-element-29c9a96\" data-id=\"29c9a96\" data-element_type=\"column\" data-e-type=\"column\">\n\t\t\t<div class=\"elementor-widget-wrap elementor-element-populated\">\n\t\t\t\t\t\t<div class=\"elementor-element elementor-element-56d5321 elementor-widget elementor-widget-heading\" data-id=\"56d5321\" data-element_type=\"widget\" data-e-type=\"widget\" data-widget_type=\"heading.default\">\n\t\t\t\t<div class=\"elementor-widget-container\">\n\t\t\t\t\t<h1 class=\"elementor-heading-title elementor-size-default\">\u00c0 propos<\/h1>\t\t\t\t<\/div>\n\t\t\t\t<\/div>\n\t\t\t\t<div class=\"elementor-element elementor-element-255664d animated-fast elementor-widget-divider--view-line elementor-invisible elementor-widget elementor-widget-divider\" data-id=\"255664d\" data-element_type=\"widget\" data-e-type=\"widget\" data-settings=\"{&quot;_animation&quot;:&quot;bounceInLeft&quot;,&quot;_animation_delay&quot;:300}\" data-widget_type=\"divider.default\">\n\t\t\t\t<div class=\"elementor-widget-container\">\n\t\t\t\t\t\t\t<div class=\"elementor-divider\">\n\t\t\t<span class=\"elementor-divider-separator\">\n\t\t\t\t\t\t<\/span>\n\t\t<\/div>\n\t\t\t\t\t\t<\/div>\n\t\t\t\t<\/div>\n\t\t\t\t<section class=\"elementor-section elementor-inner-section elementor-element elementor-element-10187bb elementor-section-content-middle elementor-section-boxed elementor-section-height-default elementor-section-height-default\" data-id=\"10187bb\" data-element_type=\"section\" data-e-type=\"section\" data-settings=\"{&quot;background_background&quot;:&quot;classic&quot;}\">\n\t\t\t\t\t\t<div class=\"elementor-container elementor-column-gap-wide\">\n\t\t\t\t\t<div class=\"elementor-column elementor-col-50 elementor-inner-column elementor-element elementor-element-ef1873c\" data-id=\"ef1873c\" data-element_type=\"column\" data-e-type=\"column\">\n\t\t\t<div class=\"elementor-widget-wrap elementor-element-populated\">\n\t\t\t\t\t\t<div class=\"elementor-element elementor-element-4c4ffc6 elementor-widget elementor-widget-text-editor\" data-id=\"4c4ffc6\" data-element_type=\"widget\" data-e-type=\"widget\" data-widget_type=\"text-editor.default\">\n\t\t\t\t<div class=\"elementor-widget-container\">\n\t\t\t\t\t\t\t\t\t<p>Si vous \u00eates arriv\u00e9 sur ce site, c&#039;est que vous \u00eates l&#039;un des n\u00f4tres, BIENVENUE ! Cela signifie que vous recherchez probablement un\u00a0<b>de superbes exp\u00e9riences de padel<\/b>, nous devons commencer par dire que SportsClubTour.com est n\u00e9 de la m\u00eame passion du padel que vous. Tout ce que vous trouverez sur ce site Web concerne ce sport incroyable et vise \u00e0 vous offrir les meilleures exp\u00e9riences possibles.<\/p><p>Nos objectifs vont au-del\u00e0 d\u2019un simple site de r\u00e9servation ou de quelques services de coaching\u2026 tous nos services sont dirig\u00e9s du point de vue d\u2019un expert du padel, ajoutant une grande valeur d\u2019exp\u00e9rience \u00e0 nos clients.<\/p>\t\t\t\t\t\t\t\t<\/div>\n\t\t\t\t<\/div>\n\t\t\t\t\t<\/div>\n\t\t<\/div>\n\t\t\t\t<div class=\"elementor-column elementor-col-50 elementor-inner-column elementor-element elementor-element-78dd711\" data-id=\"78dd711\" data-element_type=\"column\" data-e-type=\"column\">\n\t\t\t<div class=\"elementor-widget-wrap elementor-element-populated\">\n\t\t\t\t\t\t<div class=\"elementor-element elementor-element-75a084f elementor-widget elementor-widget-video\" data-id=\"75a084f\" data-element_type=\"widget\" data-e-type=\"widget\" data-settings=\"{&quot;youtube_url&quot;:&quot;https:\\\/\\\/www.youtube.com\\\/watch?v=rAFbms_HMQI&amp;ab_channel=SportsClubTour&quot;,&quot;video_type&quot;:&quot;youtube&quot;,&quot;controls&quot;:&quot;yes&quot;}\" data-widget_type=\"video.default\">\n\t\t\t\t<div class=\"elementor-widget-container\">\n\t\t\t\t\t\t\t<div class=\"elementor-wrapper elementor-open-inline\">\n\t\t\t<div class=\"elementor-video\"><\/div>\t\t<\/div>\n\t\t\t\t\t\t<\/div>\n\t\t\t\t<\/div>\n\t\t\t\t\t<\/div>\n\t\t<\/div>\n\t\t\t\t\t<\/div>\n\t\t<\/section>\n\t\t\t\t\t<\/div>\n\t\t<\/div>\n\t\t\t\t\t<\/div>\n\t\t<\/section>\n\t\t\t\t<section class=\"elementor-section elementor-top-section elementor-element elementor-element-dbd2d9f elementor-section-boxed elementor-section-height-default elementor-section-height-default\" data-id=\"dbd2d9f\" data-element_type=\"section\" data-e-type=\"section\">\n\t\t\t\t\t\t<div class=\"elementor-container elementor-column-gap-default\">\n\t\t\t\t\t<div class=\"elementor-column elementor-col-100 elementor-top-column elementor-element elementor-element-77ad445\" data-id=\"77ad445\" data-element_type=\"column\" data-e-type=\"column\">\n\t\t\t<div class=\"elementor-widget-wrap elementor-element-populated\">\n\t\t\t\t\t\t<div class=\"elementor-element elementor-element-f3f47cf elementor-widget elementor-widget-heading\" data-id=\"f3f47cf\" data-element_type=\"widget\" data-e-type=\"widget\" data-widget_type=\"heading.default\">\n\t\t\t\t<div class=\"elementor-widget-container\">\n\t\t\t\t\t<h1 class=\"elementor-heading-title elementor-size-default\">travail d&#039;\u00e9quipe<\/h1>\t\t\t\t<\/div>\n\t\t\t\t<\/div>\n\t\t\t\t<div class=\"elementor-element elementor-element-2d22bc4 animated-fast elementor-widget-divider--view-line elementor-invisible elementor-widget elementor-widget-divider\" data-id=\"2d22bc4\" data-element_type=\"widget\" data-e-type=\"widget\" data-settings=\"{&quot;_animation&quot;:&quot;bounceInLeft&quot;,&quot;_animation_delay&quot;:300}\" data-widget_type=\"divider.default\">\n\t\t\t\t<div class=\"elementor-widget-container\">\n\t\t\t\t\t\t\t<div class=\"elementor-divider\">\n\t\t\t<span class=\"elementor-divider-separator\">\n\t\t\t\t\t\t<\/span>\n\t\t<\/div>\n\t\t\t\t\t\t<\/div>\n\t\t\t\t<\/div>\n\t\t\t\t<section class=\"elementor-section elementor-inner-section elementor-element elementor-element-6db171a elementor-section-content-middle elementor-section-boxed elementor-section-height-default elementor-section-height-default\" data-id=\"6db171a\" data-element_type=\"section\" data-e-type=\"section\" data-settings=\"{&quot;background_background&quot;:&quot;classic&quot;}\">\n\t\t\t\t\t\t<div class=\"elementor-container elementor-column-gap-wide\">\n\t\t\t\t\t<div class=\"elementor-column elementor-col-50 elementor-inner-column elementor-element elementor-element-96f0cff\" data-id=\"96f0cff\" data-element_type=\"column\" data-e-type=\"column\">\n\t\t\t<div class=\"elementor-widget-wrap elementor-element-populated\">\n\t\t\t\t\t\t<div class=\"elementor-element elementor-element-a687555 elementor-widget__width-auto elementor-widget elementor-widget-heading\" data-id=\"a687555\" data-element_type=\"widget\" data-e-type=\"widget\" data-widget_type=\"heading.default\">\n\t\t\t\t<div class=\"elementor-widget-container\">\n\t\t\t\t\t<h3 class=\"elementor-heading-title elementor-size-default\">\u00c1ngel J. Mart\u00ednez<\/h3>\t\t\t\t<\/div>\n\t\t\t\t<\/div>\n\t\t\t\t<div class=\"elementor-element elementor-element-b3d42e1 elementor-widget elementor-widget-text-editor\" data-id=\"b3d42e1\" data-element_type=\"widget\" data-e-type=\"widget\" data-widget_type=\"text-editor.default\">\n\t\t\t\t<div class=\"elementor-widget-container\">\n\t\t\t\t\t\t\t\t\t<p>D\u00e8s mon plus jeune \u00e2ge, j&#039;ai d\u00e9couvert une passion ardente pour le sport, avec un amour particulier pour les sports de raquette. \u00c0 l&#039;\u00e2ge de 18 ans, je me suis lanc\u00e9 dans un parcours d&#039;entra\u00eeneur au sein des clubs locaux de ma magnifique ville natale, Mijas, ainsi qu&#039;\u00e0 Marbellas et Fuengirola au c\u0153ur de la Costa del Sol, en Espagne.<\/p><p>Au fil des ann\u00e9es, j\u2019ai perfectionn\u00e9 mes comp\u00e9tences pour entra\u00eener des joueurs comp\u00e9titifs et j\u2019ai eu le privil\u00e8ge de collaborer avec des personnes originaires de Scandinavie.<\/p><p>Aujourd&#039;hui, je suis ravi d&#039;annoncer un nouveau chapitre de ma vie, en invitant tout le monde \u00e0 participer \u00e0 nos passionnants camps de padel. Nous nous engageons de tout c\u0153ur \u00e0 cr\u00e9er des exp\u00e9riences inoubliables.<\/p><p>Si vous avez des questions sur le padel en Espagne, rassurez-vous, je suis votre interlocuteur privil\u00e9gi\u00e9 \ud83d\ude09.<\/p>\t\t\t\t\t\t\t\t<\/div>\n\t\t\t\t<\/div>\n\t\t\t\t<div class=\"elementor-element elementor-element-0613e75 elementor-widget__width-auto elementor-widget elementor-widget-text-editor\" data-id=\"0613e75\" data-element_type=\"widget\" data-e-type=\"widget\" data-widget_type=\"text-editor.default\">\n\t\t\t\t<div class=\"elementor-widget-container\">\n\t\t\t\t\t\t\t\t\t<p><a href=\"\/fr\/Appelez le :  34681680384\/\">+34 681 680 384<\/a><br \/><a href=\"mailto:angel@sportsclubtour.com\">info@sportsclubtour.com<\/a><\/p>\t\t\t\t\t\t\t\t<\/div>\n\t\t\t\t<\/div>\n\t\t\t\t\t<\/div>\n\t\t<\/div>\n\t\t\t\t<div class=\"elementor-column elementor-col-50 elementor-inner-column elementor-element elementor-element-530ca86\" data-id=\"530ca86\" data-element_type=\"column\" data-e-type=\"column\" data-settings=\"{&quot;background_background&quot;:&quot;classic&quot;}\">\n\t\t\t<div class=\"elementor-widget-wrap elementor-element-populated\">\n\t\t\t\t\t\t<div class=\"elementor-element elementor-element-486b73e elementor-widget elementor-widget-image\" data-id=\"486b73e\" data-element_type=\"widget\" data-e-type=\"widget\" data-widget_type=\"image.default\">\n\t\t\t\t<div class=\"elementor-widget-container\">\n\t\t\t\t\t\t\t\t\t\t\t\t\t\t\t<img fetchpriority=\"high\" decoding=\"async\" width=\"379\" height=\"603\" src=\"https:\/\/sportsclubtour.com\/wp-content\/uploads\/2022\/01\/Angel-Martinez-black-tshirt-379x603-1.png\" class=\"attachment-large size-large wp-image-11323\" alt=\"\" srcset=\"https:\/\/sportsclubtour.com\/wp-content\/uploads\/2022\/01\/Angel-Martinez-black-tshirt-379x603-1.png 379w, https:\/\/sportsclubtour.com\/wp-content\/uploads\/2022\/01\/Angel-Martinez-black-tshirt-379x603-1-189x300.png 189w\" sizes=\"(max-width: 379px) 100vw, 379px\" title=\"\">\t\t\t\t\t\t\t\t\t\t\t\t\t\t\t<\/div>\n\t\t\t\t<\/div>\n\t\t\t\t\t<\/div>\n\t\t<\/div>\n\t\t\t\t\t<\/div>\n\t\t<\/section>\n\t\t\t\t\t<\/div>\n\t\t<\/div>\n\t\t\t\t\t<\/div>\n\t\t<\/section>\n\t\t\t\t<\/div>","protected":false},"excerpt":{"rendered":"<p>About If you have landed to this website it is because you are one\u00a0of us, WELCOME!. It means that\u00a0you are probably looking for a\u00a0great padel experiences, we must to start saying that SportsClubTour.com it was born from the same pasion of padel as you have. Everything that you going to find in this website is [&hellip;]<\/p>\n","protected":false},"author":1,"featured_media":0,"parent":0,"menu_order":0,"comment_status":"closed","ping_status":"closed","template":"elementor_header_footer","meta":{"footnotes":""},"class_list":["post-2890","page","type-page","status-publish","hentry"],"_links":{"self":[{"href":"https:\/\/sportsclubtour.com\/fr\/wp-json\/wp\/v2\/pages\/2890","targetHints":{"allow":["GET"]}}],"collection":[{"href":"https:\/\/sportsclubtour.com\/fr\/wp-json\/wp\/v2\/pages"}],"about":[{"href":"https:\/\/sportsclubtour.com\/fr\/wp-json\/wp\/v2\/types\/page"}],"author":[{"embeddable":true,"href":"https:\/\/sportsclubtour.com\/fr\/wp-json\/wp\/v2\/users\/1"}],"replies":[{"embeddable":true,"href":"https:\/\/sportsclubtour.com\/fr\/wp-json\/wp\/v2\/comments?post=2890"}],"version-history":[{"count":0,"href":"https:\/\/sportsclubtour.com\/fr\/wp-json\/wp\/v2\/pages\/2890\/revisions"}],"wp:attachment":[{"href":"https:\/\/sportsclubtour.com\/fr\/wp-json\/wp\/v2\/media?parent=2890"}],"curies":[{"name":"wp","href":"https:\/\/api.w.org\/{rel}","templated":true}]}}