{"id":3592,"date":"2021-02-02T11:07:04","date_gmt":"2021-02-02T10:07:04","guid":{"rendered":"http:\/\/sportsclubtour.com\/?page_id=3592"},"modified":"2026-04-14T18:58:07","modified_gmt":"2026-04-14T16:58:07","slug":"politique-de-confidentialite","status":"publish","type":"page","link":"https:\/\/sportsclubtour.com\/fr\/politique-de-confidentialite\/","title":{"rendered":"Politique de confidentialit\u00e9"},"content":{"rendered":"<div data-elementor-type=\"wp-page\" data-elementor-id=\"3592\" class=\"elementor elementor-3592\" data-elementor-post-type=\"page\">\n\t\t\t\t\t\t<section class=\"elementor-section elementor-top-section elementor-element elementor-element-974e250 elementor-section-stretched elementor-section-boxed elementor-section-height-default elementor-section-height-default\" data-id=\"974e250\" data-element_type=\"section\" data-e-type=\"section\" data-settings=\"{&quot;stretch_section&quot;:&quot;section-stretched&quot;}\">\n\t\t\t\t\t\t<div class=\"elementor-container elementor-column-gap-default\">\n\t\t\t\t\t<div class=\"elementor-column elementor-col-100 elementor-top-column elementor-element elementor-element-cd58082\" data-id=\"cd58082\" data-element_type=\"column\" data-e-type=\"column\">\n\t\t\t<div class=\"elementor-widget-wrap elementor-element-populated\">\n\t\t\t\t\t\t<div class=\"elementor-element elementor-element-2a20368 elementor-widget elementor-widget-heading\" data-id=\"2a20368\" data-element_type=\"widget\" data-e-type=\"widget\" data-widget_type=\"heading.default\">\n\t\t\t\t<div class=\"elementor-widget-container\">\n\t\t\t\t\t<h2 class=\"elementor-heading-title elementor-size-default\">Politique de confidentialit\u00e9<\/h2>\t\t\t\t<\/div>\n\t\t\t\t<\/div>\n\t\t\t\t<div class=\"elementor-element elementor-element-f0cdaea elementor-widget elementor-widget-text-editor\" data-id=\"f0cdaea\" data-element_type=\"widget\" data-e-type=\"widget\" data-widget_type=\"text-editor.default\">\n\t\t\t\t<div class=\"elementor-widget-container\">\n\t\t\t\t\t\t\t\t\t<p data-start=\"259\" data-end=\"326\"><strong data-start=\"259\" data-end=\"295\">Padel Land SL (SportsClubTour)<\/strong><br data-start=\"295\" data-end=\"298\" \/><strong data-start=\"298\" data-end=\"326\">Derni\u00e8re mise \u00e0 jour : 14\/04\/2026<\/strong><\/p><hr data-start=\"328\" data-end=\"331\" \/><h2 data-section-id=\"1htd4ye\" data-start=\"333\" data-end=\"354\">1. CONTR\u00d4LEUR DE DONN\u00c9ES<\/h2><p data-start=\"356\" data-end=\"464\">Conform\u00e9ment au R\u00e8glement (UE) 2016\/679 (RGPD) et \u00e0 la Loi organique 3\/2018 (LOPDGDD), le responsable du traitement des donn\u00e9es est\u00a0:<\/p><ul data-start=\"466\" data-end=\"677\"><li data-section-id=\"7u06om\" data-start=\"466\" data-end=\"503\"><strong data-start=\"468\" data-end=\"485\">Nom de l&#039;entreprise:<\/strong> Padel Land SL.<\/li><li data-section-id=\"16dhs73\" data-start=\"504\" data-end=\"526\"><strong data-start=\"506\" data-end=\"514\">CIF\u00a0:<\/strong> B27585835<\/li><li data-section-id=\"r1dkyp\" data-start=\"527\" data-end=\"607\"><strong data-start=\"529\" data-end=\"552\">Adresse enregistr\u00e9e :<\/strong> Calle Jineta 28, casa 65, 29649 Mijas, M\u00e1laga, Espagne<\/li><li data-section-id=\"zuwn7m\" data-start=\"608\" data-end=\"646\"><strong data-start=\"610\" data-end=\"620\">E-mail:<\/strong> <a class=\"decorated-link cursor-pointer\" rel=\"noopener\" data-start=\"621\" data-end=\"644\">info@sportsclubtour.com<\/a><\/li><li data-section-id=\"tm0r24\" data-start=\"647\" data-end=\"677\"><strong data-start=\"649\" data-end=\"659\">T\u00e9l\u00e9phone:<\/strong> +34 681 680 384<\/li><\/ul><hr data-start=\"679\" data-end=\"682\" \/><h2 data-section-id=\"b0f11\" data-start=\"684\" data-end=\"716\">2. FINALIT\u00c9 DU TRAITEMENT DES DONN\u00c9ES<\/h2><p data-start=\"718\" data-end=\"782\">Nous collectons et traitons les donn\u00e9es personnelles aux fins suivantes\u00a0:<\/p><ul data-start=\"784\" data-end=\"1076\"><li data-section-id=\"1onb5ha\" data-start=\"784\" data-end=\"830\">Pour g\u00e9rer les r\u00e9servations et les services contractuels<\/li><li data-section-id=\"1u0lu4w\" data-start=\"831\" data-end=\"889\">Pour communiquer avec les utilisateurs concernant leurs r\u00e9servations<\/li><li data-section-id=\"1gpwiwd\" data-start=\"890\" data-end=\"946\">Fournir un support client et r\u00e9pondre aux demandes de renseignements<\/li><li data-section-id=\"1el1tqf\" data-start=\"947\" data-end=\"1031\">Pour envoyer des informations pertinentes relatives \u00e0 nos services (si le consentement a \u00e9t\u00e9 donn\u00e9)<\/li><li data-section-id=\"1w2qwj5\" data-start=\"1032\" data-end=\"1076\">Pour se conformer aux obligations l\u00e9gales et fiscales<\/li><\/ul><hr data-start=\"1078\" data-end=\"1081\" \/><h2 data-section-id=\"1i4gji9\" data-start=\"1083\" data-end=\"1115\">3. FONDEMENT JURIDIQUE DU TRAITEMENT<\/h2><p data-start=\"1117\" data-end=\"1153\">Les donn\u00e9es personnelles sont trait\u00e9es sur la base des \u00e9l\u00e9ments suivants\u00a0:<\/p><ul data-start=\"1155\" data-end=\"1462\"><li data-section-id=\"omztvr\" data-start=\"1155\" data-end=\"1225\"><strong data-start=\"1157\" data-end=\"1183\">N\u00e9cessit\u00e9 contractuelle :<\/strong> g\u00e9rer les r\u00e9servations et fournir des services<\/li><li data-section-id=\"1y7jl9v\" data-start=\"1226\" data-end=\"1300\"><strong data-start=\"1228\" data-end=\"1240\">Consentement:<\/strong> pour les communications marketing et la collecte de donn\u00e9es facultative<\/li><li data-section-id=\"1h4kvh0\" data-start=\"1301\" data-end=\"1382\"><strong data-start=\"1303\" data-end=\"1324\">Obligation l\u00e9gale :<\/strong> respect des exigences fiscales, comptables et l\u00e9gales<\/li><li data-section-id=\"1bspfsd\" data-start=\"1383\" data-end=\"1462\"><strong data-start=\"1385\" data-end=\"1409\">Int\u00e9r\u00eat l\u00e9gitime :<\/strong> am\u00e9liorer les services et assurer le bon fonctionnement de l&#039;entreprise<\/li><\/ul><hr data-start=\"1464\" data-end=\"1467\" \/><h2 data-section-id=\"7za2j3\" data-start=\"1469\" data-end=\"1503\">4. CAT\u00c9GORIES DE DONN\u00c9ES COLLECT\u00c9ES<\/h2><p data-start=\"1505\" data-end=\"1548\">Nous pouvons collecter les donn\u00e9es personnelles suivantes\u00a0:<\/p><ul data-start=\"1550\" data-end=\"1853\"><li data-section-id=\"11wjgeo\" data-start=\"1550\" data-end=\"1588\">Donn\u00e9es d&#039;identification\u00a0: nom, pr\u00e9nom<\/li><li data-section-id=\"1ai6f0r\" data-start=\"1589\" data-end=\"1634\">Coordonn\u00e9es : adresse e-mail, num\u00e9ro de t\u00e9l\u00e9phone<\/li><li data-section-id=\"hnrwd7\" data-start=\"1635\" data-end=\"1709\">D\u00e9tails de la r\u00e9servation\u00a0: pr\u00e9f\u00e9rences d\u2019h\u00e9bergement, niveau sportif, d\u00e9tails du camp<\/li><li data-section-id=\"1bt13jk\" data-start=\"1710\" data-end=\"1776\">Donn\u00e9es de facturation\u00a0: adresse, num\u00e9ro d\u2019identification fiscale (le cas \u00e9ch\u00e9ant)<\/li><li data-section-id=\"bufa1b\" data-start=\"1777\" data-end=\"1853\">Donn\u00e9es techniques\u00a0: adresse IP, comportement de navigation (via les cookies, si accept\u00e9s)<\/li><\/ul><hr data-start=\"1855\" data-end=\"1858\" \/><h2 data-section-id=\"q85s7j\" data-start=\"1860\" data-end=\"1897\">5. PARTAGE DE DONN\u00c9ES AVEC DES TIERS<\/h2><p data-start=\"1899\" data-end=\"2011\">Les donn\u00e9es personnelles peuvent \u00eatre partag\u00e9es avec des tiers strictement n\u00e9cessaires \u00e0 la fourniture des services contractuels, notamment\u00a0:<\/p><ul data-start=\"2013\" data-end=\"2177\"><li data-section-id=\"7oq5k2\" data-start=\"2013\" data-end=\"2040\">prestataires d&#039;h\u00e9bergement<\/li><li data-section-id=\"1l596sh\" data-start=\"2041\" data-end=\"2069\">clubs sportifs et entra\u00eeneurs<\/li><li data-section-id=\"12y4y7t\" data-start=\"2070\" data-end=\"2093\">prestataires de transport<\/li><li data-section-id=\"16k2eo7\" data-start=\"2094\" data-end=\"2148\">Plateformes de paiement (par exemple, Revolut, Stripe, PayPal)<\/li><li data-section-id=\"8or2lo\" data-start=\"2149\" data-end=\"2177\">Fournisseurs de services informatiques et d&#039;h\u00e9bergement<\/li><\/ul><p data-start=\"2179\" data-end=\"2290\">Ces tiers sont contractuellement tenus de traiter les donn\u00e9es conform\u00e9ment aux lois applicables en mati\u00e8re de protection des donn\u00e9es.<\/p><p data-start=\"2292\" data-end=\"2337\">Nous ne vendons, ne louons ni n&#039;\u00e9changeons de donn\u00e9es personnelles.<\/p><hr data-start=\"2339\" data-end=\"2342\" \/><h2 data-section-id=\"171zxhr\" data-start=\"2344\" data-end=\"2378\">6. TRANSFERTS INTERNATIONAUX DE DONN\u00c9ES<\/h2><p data-start=\"2380\" data-end=\"2571\">Certains prestataires de services peuvent \u00eatre situ\u00e9s en dehors de l&#039;Espace \u00e9conomique europ\u00e9en (EEE). Dans ce cas, des garanties appropri\u00e9es sont appliqu\u00e9es conform\u00e9ment au RGPD (par exemple, les clauses contractuelles types).<\/p><hr data-start=\"2573\" data-end=\"2576\" \/><h2 data-section-id=\"65ut38\" data-start=\"2578\" data-end=\"2616\">7. WHATSAPP ET LES OUTILS DE COMMUNICATION<\/h2><p data-start=\"2618\" data-end=\"2775\">Les participants peuvent \u00eatre inclus dans des groupes WhatsApp ou des outils de communication similaires pour faciliter la coordination pendant les camps (par exemple, les horaires, les mises \u00e0 jour, la logistique).<\/p><p data-start=\"2777\" data-end=\"2839\">En r\u00e9servant un service, les utilisateurs acceptent ce mode de communication.<\/p><hr data-start=\"2841\" data-end=\"2844\" \/><h2 data-section-id=\"etyrjr\" data-start=\"2846\" data-end=\"2866\">8. CONSERVATION DES DONN\u00c9ES<\/h2><p data-start=\"2868\" data-end=\"2903\">Les donn\u00e9es personnelles seront conserv\u00e9es pendant\u00a0:<\/p><ul data-start=\"2905\" data-end=\"3065\"><li data-section-id=\"t9jkp5\" data-start=\"2905\" data-end=\"2963\"><strong data-start=\"2907\" data-end=\"2919\">Clients :<\/strong> jusqu&#039;\u00e0 6 ans (obligations l\u00e9gales et fiscales)<\/li><li data-section-id=\"qfrk3y\" data-start=\"2964\" data-end=\"3014\"><strong data-start=\"2966\" data-end=\"2993\">Prospects et contacts :<\/strong> jusqu&#039;\u00e0 12 \u00e0 24 mois<\/li><li data-section-id=\"1k0l9w4\" data-start=\"3015\" data-end=\"3065\"><strong data-start=\"3017\" data-end=\"3036\">Donn\u00e9es marketing :<\/strong> jusqu&#039;au retrait du consentement<\/li><\/ul><p data-start=\"3067\" data-end=\"3117\">Les donn\u00e9es peuvent \u00eatre conserv\u00e9es plus longtemps lorsque la loi l&#039;exige.<\/p><hr data-start=\"3119\" data-end=\"3122\" \/><h2 data-section-id=\"rdtjtc\" data-start=\"3124\" data-end=\"3141\">9. DROITS DE L&#039;UTILISATEUR<\/h2><p data-start=\"3143\" data-end=\"3167\">Les utilisateurs ont le droit de\u00a0:<\/p><ul data-start=\"3169\" data-end=\"3382\"><li data-section-id=\"5tqbq\" data-start=\"3169\" data-end=\"3199\">Acc\u00e9der \u00e0 leurs donn\u00e9es personnelles<\/li><li data-section-id=\"4biedl\" data-start=\"3200\" data-end=\"3244\">Demande de rectification des donn\u00e9es inexactes<\/li><li data-section-id=\"qkdk2x\" data-start=\"3245\" data-end=\"3291\">Demande de suppression (\u201c droit \u00e0 l\u2019oubli \u201d)<\/li><li data-section-id=\"6c2noz\" data-start=\"3292\" data-end=\"3328\">Demande de limitation du traitement<\/li><li data-section-id=\"1h52t71\" data-start=\"3329\" data-end=\"3353\">Opposition au traitement<\/li><li data-section-id=\"hacwqa\" data-start=\"3354\" data-end=\"3382\">Demande de portabilit\u00e9 des donn\u00e9es<\/li><\/ul><p data-start=\"3384\" data-end=\"3483\">Pour exercer ces droits, veuillez contacter\u00a0: <strong data-start=\"3419\" data-end=\"3446\"><a class=\"decorated-link cursor-pointer\" rel=\"noopener\" data-start=\"3421\" data-end=\"3444\">info@sportsclubtour.com<\/a><\/strong><br data-start=\"3446\" data-end=\"3449\" \/>Sujet: <em data-start=\"3458\" data-end=\"3483\">Demande de protection des donn\u00e9es<\/em><\/p><p data-start=\"3485\" data-end=\"3604\">Les utilisateurs ont \u00e9galement le droit de d\u00e9poser une plainte aupr\u00e8s de l&#039;Autorit\u00e9 espagnole de protection des donn\u00e9es (AEPD)\u00a0:<br data-start=\"3582\" data-end=\"3585\" \/><a class=\"decorated-link\" href=\"https:\/\/www.aepd.es\" target=\"_new\" rel=\"noopener nofollow\" data-start=\"3585\" data-end=\"3604\">https:\/\/www.aepd.es<\/a><\/p><hr data-start=\"3606\" data-end=\"3609\" \/><h2 data-section-id=\"1w1x624\" data-start=\"3611\" data-end=\"3631\">10. S\u00c9CURIT\u00c9 DES DONN\u00c9ES<\/h2><p data-start=\"3633\" data-end=\"3770\">Nous mettons en \u0153uvre des mesures techniques et organisationnelles appropri\u00e9es pour prot\u00e9ger les donn\u00e9es personnelles contre tout acc\u00e8s non autoris\u00e9, perte ou alt\u00e9ration.<\/p><p data-start=\"3772\" data-end=\"3856\">Cependant, aucun syst\u00e8me n&#039;est totalement s\u00e9curis\u00e9 et la s\u00e9curit\u00e9 absolue ne peut \u00eatre garantie.<\/p><hr data-start=\"3858\" data-end=\"3861\" \/><h2 data-section-id=\"rzxa1o\" data-start=\"3863\" data-end=\"3877\">11. COOKIES<\/h2><p data-start=\"3879\" data-end=\"3983\">Ce site web utilise des cookies et des technologies similaires pour am\u00e9liorer l&#039;exp\u00e9rience utilisateur et analyser l&#039;utilisation du site.<\/p><p data-start=\"3985\" data-end=\"4067\">Les utilisateurs peuvent g\u00e9rer ou refuser les cookies via la banni\u00e8re de cookies et les param\u00e8tres de leur navigateur.<\/p><p data-start=\"4069\" data-end=\"4125\">Pour plus d&#039;informations, veuillez consulter notre politique en mati\u00e8re de cookies.<\/p><hr data-start=\"4127\" data-end=\"4130\" \/><h2 data-section-id=\"jra46e\" data-start=\"4132\" data-end=\"4159\">12. SERVICES DE TIERS<\/h2><p data-start=\"4161\" data-end=\"4230\">Nous faisons appel \u00e0 des prestataires tiers n\u00e9cessaires \u00e0 nos op\u00e9rations, notamment\u00a0:<\/p><ul data-start=\"4232\" data-end=\"4417\"><li data-section-id=\"1ukawcl\" data-start=\"4232\" data-end=\"4254\">H\u00e9bergement : Hostinger<\/li><li data-section-id=\"efaewv\" data-start=\"4255\" data-end=\"4286\">Plateforme du site web : WordPress<\/li><li data-section-id=\"1njo4bv\" data-start=\"4287\" data-end=\"4338\">Marketing par e-mail\u00a0: EasyMailing (ou outils similaires)<\/li><li data-section-id=\"1whyzaz\" data-start=\"4339\" data-end=\"4370\">Analyse\u00a0: Google Analytics<\/li><li data-section-id=\"1cq1a11\" data-start=\"4371\" data-end=\"4417\">Prestataires de paiement\u00a0: Revolut, Stripe, PayPal<\/li><\/ul><p data-start=\"4419\" data-end=\"4494\">Ces prestataires peuvent traiter les donn\u00e9es personnelles conform\u00e9ment \u00e0 leurs propres politiques de confidentialit\u00e9.<\/p><hr data-start=\"4496\" data-end=\"4499\" \/><h2 data-section-id=\"4bxu3\" data-start=\"4501\" data-end=\"4522\">13. MISES \u00c0 JOUR DES POLITIQUES<\/h2><p data-start=\"4524\" data-end=\"4627\">Nous nous r\u00e9servons le droit de modifier la pr\u00e9sente politique de confidentialit\u00e9 \u00e0 tout moment afin de refl\u00e9ter les changements juridiques ou op\u00e9rationnels.<\/p><p data-start=\"4629\" data-end=\"4690\">Les mises \u00e0 jour seront publi\u00e9es sur cette page avec la date de mise \u00e0 jour.<\/p><hr data-start=\"4692\" data-end=\"4695\" \/><h2 data-section-id=\"18bxjda\" data-start=\"4697\" data-end=\"4711\">14. CONTACT<\/h2><p data-start=\"4713\" data-end=\"4780\">Pour toute question concernant cette politique de confidentialit\u00e9 ou le traitement des donn\u00e9es\u00a0:<\/p><p data-start=\"4782\" data-end=\"4831\">\ud83d\udce7 <a class=\"decorated-link cursor-pointer\" rel=\"noopener\" data-start=\"4785\" data-end=\"4808\">info@sportsclubtour.com<\/a><br data-start=\"4808\" data-end=\"4811\" \/>\ud83d\udcde +34 681 680 384<\/p>\t\t\t\t\t\t\t\t<\/div>\n\t\t\t\t<\/div>\n\t\t\t\t\t<\/div>\n\t\t<\/div>\n\t\t\t\t\t<\/div>\n\t\t<\/section>\n\t\t\t\t<\/div>","protected":false},"excerpt":{"rendered":"<p>Padel Land S.L. (SportsClubTour)Last updated: 14\/04\/2026 1. DATA CONTROLLER In accordance with Regulation (EU) 2016\/679 (GDPR) and Organic Law 3\/2018 (LOPDGDD), the data controller is: Company name: Padel Land S.L. CIF: B27585835 Registered address: Calle Jineta 28, casa 65, 29649 Mijas, M\u00e1laga, Spain Email: info@sportsclubtour.com Phone: +34 681 680 384 2. PURPOSE OF DATA PROCESSING [&hellip;]<\/p>\n","protected":false},"author":1,"featured_media":0,"parent":0,"menu_order":0,"comment_status":"closed","ping_status":"closed","template":"elementor_header_footer","meta":{"footnotes":""},"class_list":["post-3592","page","type-page","status-publish","hentry"],"_links":{"self":[{"href":"https:\/\/sportsclubtour.com\/fr\/wp-json\/wp\/v2\/pages\/3592","targetHints":{"allow":["GET"]}}],"collection":[{"href":"https:\/\/sportsclubtour.com\/fr\/wp-json\/wp\/v2\/pages"}],"about":[{"href":"https:\/\/sportsclubtour.com\/fr\/wp-json\/wp\/v2\/types\/page"}],"author":[{"embeddable":true,"href":"https:\/\/sportsclubtour.com\/fr\/wp-json\/wp\/v2\/users\/1"}],"replies":[{"embeddable":true,"href":"https:\/\/sportsclubtour.com\/fr\/wp-json\/wp\/v2\/comments?post=3592"}],"version-history":[{"count":21,"href":"https:\/\/sportsclubtour.com\/fr\/wp-json\/wp\/v2\/pages\/3592\/revisions"}],"predecessor-version":[{"id":20000,"href":"https:\/\/sportsclubtour.com\/fr\/wp-json\/wp\/v2\/pages\/3592\/revisions\/20000"}],"wp:attachment":[{"href":"https:\/\/sportsclubtour.com\/fr\/wp-json\/wp\/v2\/media?parent=3592"}],"curies":[{"name":"wp","href":"https:\/\/api.w.org\/{rel}","templated":true}]}}