{"id":3600,"date":"2021-02-02T11:14:56","date_gmt":"2021-02-02T10:14:56","guid":{"rendered":"http:\/\/sportsclubtour.com\/?page_id=3600"},"modified":"2021-04-25T15:14:30","modified_gmt":"2021-04-25T14:14:30","slug":"conditions-dachat-et-de-contractualisation","status":"publish","type":"page","link":"https:\/\/sportsclubtour.com\/fr\/conditions-dachat-et-de-contractualisation\/","title":{"rendered":"Conditions d'achat et de contractualisation"},"content":{"rendered":"<div data-elementor-type=\"wp-page\" data-elementor-id=\"3600\" class=\"elementor elementor-3600\" data-elementor-post-type=\"page\">\n\t\t\t\t\t\t<section class=\"elementor-section elementor-top-section elementor-element elementor-element-a647521 elementor-section-boxed elementor-section-height-default elementor-section-height-default\" data-id=\"a647521\" data-element_type=\"section\" data-e-type=\"section\">\n\t\t\t\t\t\t<div class=\"elementor-container elementor-column-gap-default\">\n\t\t\t\t\t<div class=\"elementor-column elementor-col-100 elementor-top-column elementor-element elementor-element-cf71d15\" data-id=\"cf71d15\" data-element_type=\"column\" data-e-type=\"column\">\n\t\t\t<div class=\"elementor-widget-wrap elementor-element-populated\">\n\t\t\t\t\t\t<div class=\"elementor-element elementor-element-bf45f98 elementor-widget elementor-widget-heading\" data-id=\"bf45f98\" data-element_type=\"widget\" data-e-type=\"widget\" data-widget_type=\"heading.default\">\n\t\t\t\t<div class=\"elementor-widget-container\">\n\t\t\t\t\t<h1 class=\"elementor-heading-title elementor-size-default\">Conditions d'achat et de contractualisation<\/h1>\t\t\t\t<\/div>\n\t\t\t\t<\/div>\n\t\t\t\t<div class=\"elementor-element elementor-element-2a07727 elementor-widget elementor-widget-text-editor\" data-id=\"2a07727\" data-element_type=\"widget\" data-e-type=\"widget\" data-widget_type=\"text-editor.default\">\n\t\t\t\t<div class=\"elementor-widget-container\">\n\t\t\t\t\t\t\t\t\t<p>Derni\u00e8re mise \u00e0 jour : 12\/06\/2020<\/p><p>Les pr\u00e9sentes Conditions G\u00e9n\u00e9rales, ainsi que les Conditions Particuli\u00e8res qui pourraient \u00eatre \u00e9tablies, r\u00e9gissent la relation juridique d\u00e9riv\u00e9e des processus contractuels formalis\u00e9s \u00e0 travers ce site Web, et peuvent \u00eatre contract\u00e9es par tout utilisateur \u00e0 condition de respecter tous les termes stipul\u00e9s dans les pr\u00e9sentes Conditions.<br \/>Ce document est disponible \u00e0 tout moment pour lecture et impression sur ce site Web, facilitant la demande de t\u00e9l\u00e9chargement \u00e0 partir d&#039;ici, comme l&#039;\u00e9tablit la Loi G\u00e9n\u00e9rale pour la D\u00e9fense des Consommateurs et des Utilisateurs.<br \/>Ces conditions r\u00e9giront exclusivement l&#039;achat des services et produits propos\u00e9s sur le site Web sportsclubtour.com appartenant \u00e0 Angel Jes\u00fas Martinez Rodr\u00edguez en tant que fournisseur. L&#039;acceptation de ce document implique qu&#039;en tant qu&#039;utilisateur :<br \/>\u2022 Vous avez lu, compris et accept\u00e9 ce qui est \u00e9nonc\u00e9 ici.<br \/>\u2022 Que vous \u00eates une personne disposant de la capacit\u00e9 suffisante pour contracter.<br \/>\u2022 Que vous assumez toutes les obligations \u00e9nonc\u00e9es dans les pr\u00e9sentes.<br \/>Ces conditions auront une dur\u00e9e de validit\u00e9 ind\u00e9termin\u00e9e.<br \/>sportsclubtour.com se r\u00e9serve le droit de modifier ou de changer ces conditions \u00e0 tout moment. Si les modifications constituent un changement substantiel des termes, sportsclubtour.com vous en informera en publiant une annonce sur ce site Web, sans que cela n&#039;affecte les services ou produits qui ont \u00e9t\u00e9 achet\u00e9s avant la modification.<br \/>En acceptant ces conditions, l&#039;Utilisateur est li\u00e9 par ces termes, qui, avec ma politique de confidentialit\u00e9, r\u00e9gissent notre relation commerciale. Si vous n&#039;\u00eates pas d&#039;accord avec une partie quelconque des conditions, vous ne pourrez acheter aucun des services ou produits propos\u00e9s.<br \/>Les services et produits respectifs propos\u00e9s sur le site sportsclubtour.com sont accessibles uniquement aux personnes physiques et morales \u00e2g\u00e9es d&#039;au moins 18 ans.<\/p>\t\t\t\t\t\t\t\t<\/div>\n\t\t\t\t<\/div>\n\t\t\t\t<div class=\"elementor-element elementor-element-f0f95c0 elementor-widget elementor-widget-heading\" data-id=\"f0f95c0\" data-element_type=\"widget\" data-e-type=\"widget\" data-widget_type=\"heading.default\">\n\t\t\t\t<div class=\"elementor-widget-container\">\n\t\t\t\t\t<h2 class=\"elementor-heading-title elementor-size-default\">Objet du contrat<\/h2>\t\t\t\t<\/div>\n\t\t\t\t<\/div>\n\t\t\t\t<div class=\"elementor-element elementor-element-1bbef97 elementor-widget elementor-widget-text-editor\" data-id=\"1bbef97\" data-element_type=\"widget\" data-e-type=\"widget\" data-widget_type=\"text-editor.default\">\n\t\t\t\t<div class=\"elementor-widget-container\">\n\t\t\t\t\t\t\t\t\t<p>Le pr\u00e9sent contrat a pour objet de r\u00e9glementer la relation contractuelle d&#039;achat et de vente n\u00e9e entre le fournisseur et l&#039;utilisateur au moment o\u00f9 l&#039;utilisateur accepte lors du processus de contractualisation en ligne dans la case correspondante.<br \/>Ce site Web offre la possibilit\u00e9 de contracter des services directs et indirects via sportsclubtour.com.<br \/>A partir du moment de l&#039;acceptation, l&#039;utilisateur acquiert le statut de client\/client de sportsclubtour.com.<br \/>La relation contractuelle de vente implique une livraison, en \u00e9change d&#039;un certain prix et expos\u00e9 publiquement \u00e0 travers le site Internet.<br \/>Comme condition pour contracter l&#039;un des services et produits offerts par sportsclubtour.com, l&#039;Utilisateur doit contacter via le site Web sportsclubtour.com et fournir les informations correspondantes demand\u00e9es \u00e0 la fois sur le Web et par courrier \u00e9lectronique.<\/p>\t\t\t\t\t\t\t\t<\/div>\n\t\t\t\t<\/div>\n\t\t\t\t<div class=\"elementor-element elementor-element-9bbcdd3 elementor-widget elementor-widget-heading\" data-id=\"9bbcdd3\" data-element_type=\"widget\" data-e-type=\"widget\" data-widget_type=\"heading.default\">\n\t\t\t\t<div class=\"elementor-widget-container\">\n\t\t\t\t\t<h2 class=\"elementor-heading-title elementor-size-default\">Objet du contrat<\/h2>\t\t\t\t<\/div>\n\t\t\t\t<\/div>\n\t\t\t\t<div class=\"elementor-element elementor-element-7c9e2d0 elementor-widget elementor-widget-text-editor\" data-id=\"7c9e2d0\" data-element_type=\"widget\" data-e-type=\"widget\" data-widget_type=\"text-editor.default\">\n\t\t\t\t<div class=\"elementor-widget-container\">\n\t\t\t\t\t\t\t\t\t<p>En vertu des dispositions de la loi 34\/2002, du 11 juillet, sur les services de la soci\u00e9t\u00e9 de l&#039;information et du commerce \u00e9lectronique (LSSICE), les informations suivantes sont propos\u00e9es :<br \/>\u2022 Son nom commercial est<br \/>\u2022 Sa d\u00e9nomination sociale est<br \/>\u2022 Votre CIF \/<br \/>\u2022 Son si\u00e8ge social est situ\u00e9 C \/ Jineta 28, casa 56, Urb. Villa Magdalena, 29649 Mijas Costa, Malaga, Espagne.<br \/>\u2022 L\u2019activit\u00e9 sociale est : Agence de voyages.<\/p>\t\t\t\t\t\t\t\t<\/div>\n\t\t\t\t<\/div>\n\t\t\t\t<div class=\"elementor-element elementor-element-31b332e elementor-widget elementor-widget-heading\" data-id=\"31b332e\" data-element_type=\"widget\" data-e-type=\"widget\" data-widget_type=\"heading.default\">\n\t\t\t\t<div class=\"elementor-widget-container\">\n\t\t\t\t\t<h2 class=\"elementor-heading-title elementor-size-default\">Description des services et produits propos\u00e9s sur ce site<\/h2>\t\t\t\t<\/div>\n\t\t\t\t<\/div>\n\t\t\t\t<div class=\"elementor-element elementor-element-90243ed elementor-widget elementor-widget-text-editor\" data-id=\"90243ed\" data-element_type=\"widget\" data-e-type=\"widget\" data-widget_type=\"text-editor.default\">\n\t\t\t\t<div class=\"elementor-widget-container\">\n\t\t\t\t\t\t\t\t\t<p>Gr\u00e2ce \u00e0 ce site, vous pouvez souscrire un ensemble de services et de produits destin\u00e9s \u00e0 fournir un soutien aux participants des activit\u00e9s souscrites ou \u00e0 tirer profit des produits obtenus : coaching professionnel, h\u00e9bergement, transport, entre autres, ces services et produits peuvent \u00eatre souscrits ou achet\u00e9s en forfait ou s\u00e9par\u00e9ment. La sous-traitance de services et de produits est adapt\u00e9e \u00e0 :<br \/>\u2022 Loi 34\/2002, du 11 juillet, sur les Services de la Soci\u00e9t\u00e9 de l&#039;Information et du Commerce \u00c9lectronique (LSSICE ou LSSI). R\u00e9glemente les transactions \u00e9conomiques par voie \u00e9lectronique.<br \/>\u2022 R\u00e8glement (UE) 2016\/679 du Parlement europ\u00e9en et du Conseil du 27 avril 2016 relatif \u00e0 la protection des personnes physiques \u00e0 l&#039;\u00e9gard du traitement des donn\u00e9es \u00e0 caract\u00e8re personnel et \u00e0 la libre circulation de ces donn\u00e9es et par lequel abroge la directive 95\/46\/CE (R\u00e8glement g\u00e9n\u00e9ral sur la protection des donn\u00e9es).<br \/>\u2022 La Loi Organique sur la Protection des Donn\u00e9es Personnelles et la Garantie des Droits Num\u00e9riques (LOPDGDD)<br \/>Les services et produits sont adapt\u00e9s \u00e0 la r\u00e9glementation europ\u00e9enne et espagnole, ils n&#039;incluent pas de r\u00e9f\u00e9rences \u00e0 d&#039;autres r\u00e9glementations appartenant \u00e0 d&#039;autres pays hors d&#039;Espagne.<\/p><p>Les services contractuels virtuels seront factur\u00e9s 100% une fois le service fourni, le paiement des services sera effectu\u00e9 selon les\u00a0<a href=\"https:\/\/sportsclubtour.com\/fr\/payment-cancellation-reduction-policy\/\">politique de paiement, d&#039;annulation et de r\u00e9duction<\/a>.<\/p>\t\t\t\t\t\t\t\t<\/div>\n\t\t\t\t<\/div>\n\t\t\t\t<div class=\"elementor-element elementor-element-0f293f7 elementor-widget elementor-widget-heading\" data-id=\"0f293f7\" data-element_type=\"widget\" data-e-type=\"widget\" data-widget_type=\"heading.default\">\n\t\t\t\t<div class=\"elementor-widget-container\">\n\t\t\t\t\t<h2 class=\"elementor-heading-title elementor-size-default\">Description des services et produits propos\u00e9s sur ce site<\/h2>\t\t\t\t<\/div>\n\t\t\t\t<\/div>\n\t\t\t\t<div class=\"elementor-element elementor-element-d1c93ea elementor-widget elementor-widget-text-editor\" data-id=\"d1c93ea\" data-element_type=\"widget\" data-e-type=\"widget\" data-widget_type=\"text-editor.default\">\n\t\t\t\t<div class=\"elementor-widget-container\">\n\t\t\t\t\t\t\t\t\t<p>La proc\u00e9dure de passation de march\u00e9 ne peut \u00eatre effectu\u00e9e qu&#039;en anglais. Si elle peut \u00eatre effectu\u00e9e dans une autre langue, cela sera indiqu\u00e9 avant le d\u00e9but de la proc\u00e9dure de passation de march\u00e9.<br \/>Pour l&#039;acquisition des services et produits, les informations fournies par l&#039;Utilisateur pour effectuer la commande doivent \u00eatre exactes, compl\u00e8tes et mises \u00e0 jour \u00e0 tout moment. Le non-respect de ces conditions constitue une violation des conditions, qui peut entra\u00eener la dissolution du contrat avec sportsclubtour.com<\/p>\t\t\t\t\t\t\t\t<\/div>\n\t\t\t\t<\/div>\n\t\t\t\t<div class=\"elementor-element elementor-element-e796d26 elementor-widget elementor-widget-heading\" data-id=\"e796d26\" data-element_type=\"widget\" data-e-type=\"widget\" data-widget_type=\"heading.default\">\n\t\t\t\t<div class=\"elementor-widget-container\">\n\t\t\t\t\t<h2 class=\"elementor-heading-title elementor-size-default\">Description des services et produits propos\u00e9s sur ce site<\/h2>\t\t\t\t<\/div>\n\t\t\t\t<\/div>\n\t\t\t\t<div class=\"elementor-element elementor-element-0c5d2a2 elementor-widget elementor-widget-text-editor\" data-id=\"0c5d2a2\" data-element_type=\"widget\" data-e-type=\"widget\" data-widget_type=\"text-editor.default\">\n\t\t\t\t<div class=\"elementor-widget-container\">\n\t\t\t\t\t\t\t\t\t<p>Une fois l&#039;achat effectu\u00e9 et dans les plus brefs d\u00e9lais, **** enverra \u00e0 l&#039;Utilisateur une confirmation de commande par courrier \u00e9lectronique. Si le client n&#039;est pas d&#039;accord avec les informations contenues dans ladite confirmation, il peut demander la modification de celle-ci ou l&#039;annulation de la commande. Dans tous les cas, la communication correspondant \u00e0 l&#039;annulation ou \u00e0 la modification doit \u00eatre effectu\u00e9e dans les sept jours ouvrables suivant la confirmation de la commande, par courrier \u00e9lectronique info@sportsclubtour.com et \u00e0 condition que la commande n&#039;ait pas \u00e9t\u00e9 finalis\u00e9e.<\/p>\t\t\t\t\t\t\t\t<\/div>\n\t\t\t\t<\/div>\n\t\t\t\t<div class=\"elementor-element elementor-element-ea255d1 elementor-widget elementor-widget-heading\" data-id=\"ea255d1\" data-element_type=\"widget\" data-e-type=\"widget\" data-widget_type=\"heading.default\">\n\t\t\t\t<div class=\"elementor-widget-container\">\n\t\t\t\t\t<h2 class=\"elementor-heading-title elementor-size-default\">Tarifs<\/h2>\t\t\t\t<\/div>\n\t\t\t\t<\/div>\n\t\t\t\t<div class=\"elementor-element elementor-element-143b515 elementor-widget elementor-widget-text-editor\" data-id=\"143b515\" data-element_type=\"widget\" data-e-type=\"widget\" data-widget_type=\"text-editor.default\">\n\t\t\t\t<div class=\"elementor-widget-container\">\n\t\t\t\t\t\t\t\t\t<p>Les prix applicables aux services et produits sont ceux indiqu\u00e9s sur le site Internet \u00e0 la date de la commande. Les prix sont exprim\u00e9s en euros (\u20ac) et incluent la TVA (taxe sur la valeur ajout\u00e9e) applicable en Espagne.<br \/>Toutefois, conform\u00e9ment aux dispositions de la loi 37\/1992 du 28 d\u00e9cembre sur la taxe sur la valeur ajout\u00e9e, l&#039;op\u00e9ration peut \u00eatre exon\u00e9r\u00e9e ou non soumise \u00e0 cette taxe en fonction du pays de r\u00e9sidence de l&#039;acheteur et de la condition dans laquelle il agit (entrepreneur\/professionnel ou particulier). Par cons\u00e9quent, dans certains cas, le prix final de la commande peut \u00eatre modifi\u00e9 par rapport \u00e0 celui indiqu\u00e9 sur le site Web.<br \/>Pour l&#039;\u00e9mission des factures correspondantes, vous devez transmettre vos coordonn\u00e9es fiscales \u00e0 mon email de contact info@sportsclubtour.com afin de vous l&#039;envoyer.<\/p>\t\t\t\t\t\t\t\t<\/div>\n\t\t\t\t<\/div>\n\t\t\t\t<div class=\"elementor-element elementor-element-6cc44b9 elementor-widget elementor-widget-heading\" data-id=\"6cc44b9\" data-element_type=\"widget\" data-e-type=\"widget\" data-widget_type=\"heading.default\">\n\t\t\t\t<div class=\"elementor-widget-container\">\n\t\t\t\t\t<h2 class=\"elementor-heading-title elementor-size-default\">Validit\u00e9 des prix et des offres<\/h2>\t\t\t\t<\/div>\n\t\t\t\t<\/div>\n\t\t\t\t<div class=\"elementor-element elementor-element-3553026 elementor-widget elementor-widget-text-editor\" data-id=\"3553026\" data-element_type=\"widget\" data-e-type=\"widget\" data-widget_type=\"text-editor.default\">\n\t\t\t\t<div class=\"elementor-widget-container\">\n\t\t\t\t\t\t\t\t\t<p>Les produits et services propos\u00e9s sur le site web, ainsi que leurs prix, seront disponibles \u00e0 l&#039;achat tant qu&#039;ils seront expos\u00e9s et pourront \u00eatre consult\u00e9s sur le site web. Les utilisateurs sont invit\u00e9s \u00e0 acc\u00e9der aux versions mises \u00e0 jour du site web pour \u00e9viter les erreurs de prix. Dans tous les cas, les commandes en cours conserveront leurs conditions pendant 7 jours \u00e0 compter du moment de leur formalisation.<\/p>\t\t\t\t\t\t\t\t<\/div>\n\t\t\t\t<\/div>\n\t\t\t\t<div class=\"elementor-element elementor-element-ec4cb2e elementor-widget elementor-widget-heading\" data-id=\"ec4cb2e\" data-element_type=\"widget\" data-e-type=\"widget\" data-widget_type=\"heading.default\">\n\t\t\t\t<div class=\"elementor-widget-container\">\n\t\t\t\t\t<h2 class=\"elementor-heading-title elementor-size-default\">Moyens de paiement<\/h2>\t\t\t\t<\/div>\n\t\t\t\t<\/div>\n\t\t\t\t<div class=\"elementor-element elementor-element-2458bc8 elementor-widget elementor-widget-text-editor\" data-id=\"2458bc8\" data-element_type=\"widget\" data-e-type=\"widget\" data-widget_type=\"text-editor.default\">\n\t\t\t\t<div class=\"elementor-widget-container\">\n\t\t\t\t\t\t\t\t\t<p>L&#039;utilisateur \/ acheteur s&#039;engage \u00e0 payer les services et produits achet\u00e9s sur sportsclubtour.com dans les modes de paiement accept\u00e9s et pour tout montant compl\u00e9mentaire (y compris les taxes et les frais de retard de paiement, le cas \u00e9ch\u00e9ant).<br \/>Angel Jes\u00fas Mart\u00ednez Rodr\u00edguez accepte ces modes de paiement:<\/p><p>\u2022 Paiements par Paypal, carte de cr\u00e9dit et virement bancaire.<\/p><p><b>Plateforme de paiement en ligne<\/b><\/p><p>SportsClubTour dispose de STRIPE comme passerelle de paiement s\u00e9curis\u00e9e pour l&#039;acquisition des services et produits achet\u00e9s sur le Web, la soci\u00e9t\u00e9 offre toutes les garanties et la s\u00e9curit\u00e9 requises pour les paiements en ligne et e-commerce et le bon respect des lois sur la protection des donn\u00e9es des utilisateurs, SportsClubTour.com acceptera comme paiement officiel via cette plateforme les paiements par carte de cr\u00e9dit, carte de d\u00e9bit et Paypal sur le compte SportsClubTour.<\/p><p>Vous pouvez trouver plus d&#039;informations sur\u00a0<a href=\"https:\/\/stripe.com\/es\/privacy\" target=\"_blank\" rel=\"noopener nofollow\">Politique de confidentialit\u00e9 de Stripe\u00a0<\/a>et\u00a0<a href=\"https:\/\/www.paypal.com\/us\/webapps\/mpp\/ua\/privacy-full\" target=\"_blank\" rel=\"noopener nofollow\">Politique de confidentialit\u00e9 de PayPal<\/a>.<\/p><p>Aucun autre moyen de paiement en ligne n&#039;est accept\u00e9.<\/p><p>Les services contract\u00e9s seront pay\u00e9s selon les\u00a0<a href=\"https:\/\/sportsclubtour.com\/fr\/payment-cancellation-reduction-policy\/\" data-wplink-edit=\"true\">politique de paiement, d&#039;annulation et de r\u00e9duction<\/a>\u00a0au moment de l&#039;achat et les services seront fournis dans la p\u00e9riode contractuelle convenue.<\/p><p>Les produits seront pay\u00e9s au moment de l&#039;achat et seront envoy\u00e9s automatiquement lorsque le paiement sera confirm\u00e9.<\/p><p>Les produits faisant partie de la sous-traitance de l&#039;un des services seront fournis pendant la p\u00e9riode de services contract\u00e9s \u00e9tablie.<\/p><p>Une fois l\u2019achat effectu\u00e9, une confirmation du contrat conclu sera envoy\u00e9e \u00e0 l\u2019adresse e-mail indiqu\u00e9e, qui servira de preuve de l\u2019op\u00e9ration \u00ab Preuve de contrat \u00bb, accompagn\u00e9e d\u2019une copie des pr\u00e9sentes conditions g\u00e9n\u00e9rales et des conditions particuli\u00e8res dans votre cas ; ainsi que du formulaire de r\u00e9tractation et d\u2019autres documents. La confirmation du contrat et son document justificatif ne valent pas facture.<\/p>\t\t\t\t\t\t\t\t<\/div>\n\t\t\t\t<\/div>\n\t\t\t\t<div class=\"elementor-element elementor-element-a2467e6 elementor-widget elementor-widget-heading\" data-id=\"a2467e6\" data-element_type=\"widget\" data-e-type=\"widget\" data-widget_type=\"heading.default\">\n\t\t\t\t<div class=\"elementor-widget-container\">\n\t\t\t\t\t<h2 class=\"elementor-heading-title elementor-size-default\">Politique de paiement<\/h2>\t\t\t\t<\/div>\n\t\t\t\t<\/div>\n\t\t\t\t<div class=\"elementor-element elementor-element-6735a0e elementor-widget elementor-widget-text-editor\" data-id=\"6735a0e\" data-element_type=\"widget\" data-e-type=\"widget\" data-widget_type=\"text-editor.default\">\n\t\t\t\t<div class=\"elementor-widget-container\">\n\t\t\t\t\t\t\t\t\t<div class=\"elementor-element elementor-element-64ba846 elementor-widget elementor-widget-heading\" data-id=\"64ba846\" data-element_type=\"widget\" data-widget_type=\"heading.default\"><div class=\"elementor-widget-container\"><h3 class=\"elementor-heading-title elementor-size-default\">PAIEMENTS EN LIGNE<\/h3><\/div><\/div><div class=\"elementor-element elementor-element-635dd89 elementor-widget elementor-widget-text-editor\" data-id=\"635dd89\" data-element_type=\"widget\" data-widget_type=\"text-editor.default\"><div class=\"elementor-widget-container\"><div class=\"elementor-text-editor elementor-clearfix\"><p><span style=\"color: #000000;\">La forme, les conditions et le pourcentage \u00e0 payer pour l&#039;acquisition des services et\/ou produits propos\u00e9s sur le site qui vont \u00eatre achet\u00e9s en ligne seront stipul\u00e9s dans la m\u00eame offre pr\u00e9sent\u00e9e sur le site sportsclubtour.com.<\/span><\/p><\/div><\/div><\/div><div class=\"elementor-element elementor-element-9a9b5f8 elementor-widget elementor-widget-heading\" data-id=\"9a9b5f8\" data-element_type=\"widget\" data-widget_type=\"heading.default\"><div class=\"elementor-widget-container\"><h3 class=\"elementor-heading-title elementor-size-default\"><span style=\"color: #000000;\">PAIEMENTS HORS WEB<\/span><\/h3><\/div><\/div><div class=\"elementor-element elementor-element-9ca1d30 elementor-widget elementor-widget-text-editor\" data-id=\"9ca1d30\" data-element_type=\"widget\" data-widget_type=\"text-editor.default\"><div class=\"elementor-widget-container\"><div class=\"elementor-text-editor elementor-clearfix\"><p><span style=\"color: #000000;\">Les paiements effectu\u00e9s en dehors du site en ligne sportsclubtour.com seront effectu\u00e9s comme suit :<\/span><\/p><p><span style=\"color: #000000;\">1. Paiement initial en concept d&#039;acompte pour l&#039;\u00e9quivalent de 50% des services r\u00e9serv\u00e9s une fois la disponibilit\u00e9 \u00e9crite confirm\u00e9e, les options de paiement se feront par virement bancaire, carte de cr\u00e9dit, carte de d\u00e9bit ou Paypal.<\/span><\/p><p><span style=\"color: #000000;\">2. Le deuxi\u00e8me versement en guise de paiement final pour l&#039;\u00e9quivalent de 50% des services contract\u00e9s au moins 15 jours avant la date pr\u00e9vue d&#039;arriv\u00e9e par virement bancaire, carte de cr\u00e9dit, carte de d\u00e9bit ou Paypal.<\/span><\/p><p><span style=\"color: #000000;\">\u2022 Une forme de paiement, des conditions et un pourcentage diff\u00e9rents de ceux d\u00e9crits devront \u00eatre pr\u00e9alablement convenus par \u00e9crit.<\/span><\/p><\/div><\/div><\/div>\t\t\t\t\t\t\t\t<\/div>\n\t\t\t\t<\/div>\n\t\t\t\t<div class=\"elementor-element elementor-element-b689b35 elementor-widget elementor-widget-heading\" data-id=\"b689b35\" data-element_type=\"widget\" data-e-type=\"widget\" data-widget_type=\"heading.default\">\n\t\t\t\t<div class=\"elementor-widget-container\">\n\t\t\t\t\t<h2 class=\"elementor-heading-title elementor-size-default\">Politique d'annulation et de r\u00e9duction<\/h2>\t\t\t\t<\/div>\n\t\t\t\t<\/div>\n\t\t\t\t<div class=\"elementor-element elementor-element-766a7fc elementor-widget elementor-widget-text-editor\" data-id=\"766a7fc\" data-element_type=\"widget\" data-e-type=\"widget\" data-widget_type=\"text-editor.default\">\n\t\t\t\t<div class=\"elementor-widget-container\">\n\t\t\t\t\t\t\t\t\t<p>Voir dans ce lien les politiques de paiement, d&#039;annulation et de r\u00e9duction,\u00a0<a href=\"https:\/\/sportsclubtour.com\/fr\/payment-cancellation-reduction-policy\/\">ici<\/a>.<\/p>\t\t\t\t\t\t\t\t<\/div>\n\t\t\t\t<\/div>\n\t\t\t\t<div class=\"elementor-element elementor-element-0c9ea82 elementor-widget elementor-widget-heading\" data-id=\"0c9ea82\" data-element_type=\"widget\" data-e-type=\"widget\" data-widget_type=\"heading.default\">\n\t\t\t\t<div class=\"elementor-widget-container\">\n\t\t\t\t\t<h2 class=\"elementor-heading-title elementor-size-default\">Plateforme de r\u00e9solution de conflits<\/h2>\t\t\t\t<\/div>\n\t\t\t\t<\/div>\n\t\t\t\t<div class=\"elementor-element elementor-element-ca08553 elementor-widget elementor-widget-text-editor\" data-id=\"ca08553\" data-element_type=\"widget\" data-e-type=\"widget\" data-widget_type=\"text-editor.default\">\n\t\t\t\t<div class=\"elementor-widget-container\">\n\t\t\t\t\t\t\t\t\t<p>Si cela peut vous int\u00e9resser, pour soumettre vos r\u00e9clamations, vous pouvez \u00e9galement utiliser la plateforme de r\u00e9solution des litiges mise \u00e0 disposition par la Commission europ\u00e9enne et disponible sur le lien suivant : http:\/\/ec.europa.eu\/consumers\/odr\/<\/p>\t\t\t\t\t\t\t\t<\/div>\n\t\t\t\t<\/div>\n\t\t\t\t\t<\/div>\n\t\t<\/div>\n\t\t\t\t\t<\/div>\n\t\t<\/section>\n\t\t\t\t<\/div>","protected":false},"excerpt":{"rendered":"<p>Purchase and contracting conditions Latest update: 12\/06\/2020 These General Conditions, together with the Particular Conditions that may be established, regulate the legal relationship derived from the contracting processes formalized through this website, and may be contracted by any user provided they comply with all the terms stipulated in these Conditions. .This document is available at [&hellip;]<\/p>\n","protected":false},"author":1,"featured_media":0,"parent":0,"menu_order":0,"comment_status":"closed","ping_status":"closed","template":"elementor_header_footer","meta":{"footnotes":""},"class_list":["post-3600","page","type-page","status-publish","hentry"],"_links":{"self":[{"href":"https:\/\/sportsclubtour.com\/fr\/wp-json\/wp\/v2\/pages\/3600","targetHints":{"allow":["GET"]}}],"collection":[{"href":"https:\/\/sportsclubtour.com\/fr\/wp-json\/wp\/v2\/pages"}],"about":[{"href":"https:\/\/sportsclubtour.com\/fr\/wp-json\/wp\/v2\/types\/page"}],"author":[{"embeddable":true,"href":"https:\/\/sportsclubtour.com\/fr\/wp-json\/wp\/v2\/users\/1"}],"replies":[{"embeddable":true,"href":"https:\/\/sportsclubtour.com\/fr\/wp-json\/wp\/v2\/comments?post=3600"}],"version-history":[{"count":0,"href":"https:\/\/sportsclubtour.com\/fr\/wp-json\/wp\/v2\/pages\/3600\/revisions"}],"wp:attachment":[{"href":"https:\/\/sportsclubtour.com\/fr\/wp-json\/wp\/v2\/media?parent=3600"}],"curies":[{"name":"wp","href":"https:\/\/api.w.org\/{rel}","templated":true}]}}