{"id":3616,"date":"2021-02-02T11:34:48","date_gmt":"2021-02-02T10:34:48","guid":{"rendered":"http:\/\/sportsclubtour.com\/?page_id=3616"},"modified":"2025-09-09T15:45:19","modified_gmt":"2025-09-09T13:45:19","slug":"politique-de-cookies","status":"publish","type":"page","link":"https:\/\/sportsclubtour.com\/fr\/politique-de-cookies\/","title":{"rendered":"Politique de cookies"},"content":{"rendered":"<div data-elementor-type=\"wp-page\" data-elementor-id=\"3616\" class=\"elementor elementor-3616\" data-elementor-post-type=\"page\">\n\t\t\t\t\t\t<section class=\"elementor-section elementor-top-section elementor-element elementor-element-f9eed9f elementor-section-boxed elementor-section-height-default elementor-section-height-default\" data-id=\"f9eed9f\" data-element_type=\"section\" data-e-type=\"section\">\n\t\t\t\t\t\t<div class=\"elementor-container elementor-column-gap-default\">\n\t\t\t\t\t<div class=\"elementor-column elementor-col-100 elementor-top-column elementor-element elementor-element-8bfc7a9\" data-id=\"8bfc7a9\" data-element_type=\"column\" data-e-type=\"column\">\n\t\t\t<div class=\"elementor-widget-wrap elementor-element-populated\">\n\t\t\t\t\t\t<div class=\"elementor-element elementor-element-40d1c98 elementor-widget elementor-widget-heading\" data-id=\"40d1c98\" data-element_type=\"widget\" data-e-type=\"widget\" data-widget_type=\"heading.default\">\n\t\t\t\t<div class=\"elementor-widget-container\">\n\t\t\t\t\t<h2 class=\"elementor-heading-title elementor-size-default\">Politique de cookies<\/h2>\t\t\t\t<\/div>\n\t\t\t\t<\/div>\n\t\t\t\t<div class=\"elementor-element elementor-element-cf4b1fb elementor-widget elementor-widget-text-editor\" data-id=\"cf4b1fb\" data-element_type=\"widget\" data-e-type=\"widget\" data-widget_type=\"text-editor.default\">\n\t\t\t\t<div class=\"elementor-widget-container\">\n\t\t\t\t\t\t\t\t\t<p>Un cookie est un fichier qui est t\u00e9l\u00e9charg\u00e9 sur votre ordinateur lorsque vous acc\u00e9dez \u00e0 certaines pages Web. Les cookies permettent \u00e0 un site Web, entre autres, de stocker et de r\u00e9cup\u00e9rer des informations sur les habitudes de navigation d&#039;un utilisateur ou de son ordinateur et, en fonction des informations qu&#039;ils contiennent et de la mani\u00e8re dont il utilise son \u00e9quipement, peuvent \u00eatre utilis\u00e9s pour reconna\u00eetre l&#039;utilisateur.<\/p><p>Le navigateur de l&#039;utilisateur m\u00e9morise les cookies sur le disque dur uniquement pendant la session en cours, occupant un espace m\u00e9moire minimal et ne nuisant pas \u00e0 l&#039;ordinateur. Les cookies ne contiennent aucune information personnelle sp\u00e9cifique et la plupart d&#039;entre eux sont supprim\u00e9s du disque dur \u00e0 la fin de la session du navigateur (appel\u00e9s cookies de session).<\/p><p>La plupart des navigateurs acceptent les cookies par d\u00e9faut et, quels que soient les cookies, autorisent ou emp\u00eachent les cookies temporaires ou m\u00e9moris\u00e9s dans les param\u00e8tres de s\u00e9curit\u00e9.<\/p><p>Sans votre consentement expr\u00e8s \u2013 au moyen de l\u2019activation des cookies dans votre navigateur \u2013 sportsclubtour.com ne reliera pas dans les cookies les donn\u00e9es stock\u00e9es avec vos donn\u00e9es personnelles fournies au moment de l\u2019inscription ou de l\u2019achat.<\/p><p>Quels types de cookies ce site Web utilise-t-il ?<\/p><p>Cookies techniques : Ce sont ceux qui permettent \u00e0 l&#039;utilisateur de naviguer sur une page Web, une plate-forme ou une application et d&#039;utiliser les diff\u00e9rentes options ou services qui y existent, tels que contr\u00f4ler le trafic et la communication de donn\u00e9es, identifier la session, acc\u00e9der aux parties \u00e0 acc\u00e8s restreint, m\u00e9moriser les \u00e9l\u00e9ments qui composent une commande, r\u00e9aliser le processus d&#039;achat d&#039;une commande, faire la demande d&#039;inscription ou de participation \u00e0 un \u00e9v\u00e9nement, utiliser des \u00e9l\u00e9ments de s\u00e9curit\u00e9 pendant la navigation, stocker des contenus pour la diffusion de vid\u00e9os ou de sons ou partager des contenus via les r\u00e9seaux sociaux.<\/p><p>Cookies de personnalisation : Ce sont ceux qui permettent \u00e0 l&#039;utilisateur d&#039;acc\u00e9der au service avec certaines caract\u00e9ristiques g\u00e9n\u00e9rales pr\u00e9d\u00e9finies en fonction d&#039;une s\u00e9rie de crit\u00e8res dans le terminal de l&#039;utilisateur tels que la langue, le type de navigateur \u00e0 travers lequel il acc\u00e8de au service, les param\u00e8tres r\u00e9gionaux \u00e0 partir desquels il acc\u00e8de au service, etc.<\/p><p>Cookies d&#039;analyse : Ce sont ceux qui, bien trait\u00e9s par nous ou par des tiers, nous permettent de quantifier le nombre d&#039;utilisateurs et ainsi de r\u00e9aliser la mesure et l&#039;analyse statistique de l&#039;utilisation que les utilisateurs font du service propos\u00e9. Pour cela, nous analysons votre navigation sur notre site web afin d&#039;am\u00e9liorer l&#039;offre de produits ou services que nous proposons.<\/p><p>Cookies publicitaires : Ce sont ceux qui, trait\u00e9s par nous ou par des tiers, nous permettent de g\u00e9rer de la mani\u00e8re la plus efficace l&#039;offre d&#039;espaces publicitaires sur le site Web, en adaptant le contenu de l&#039;annonce au contenu du service demand\u00e9 ou \u00e0 l&#039;utilisation que vous faites de notre site Web. Pour cela, nous pouvons analyser vos habitudes de navigation sur Internet et nous pouvons vous montrer des publicit\u00e9s li\u00e9es \u00e0 votre profil de navigation.<\/p><p>Cookies de publicit\u00e9 comportementale : Ce sont ceux qui permettent la gestion, de la mani\u00e8re la plus efficace possible, des espaces publicitaires que l&#039;\u00e9diteur a inclus dans une page Web, une application ou une plateforme \u00e0 partir de laquelle il fournit le service demand\u00e9. Ces cookies stockent des informations sur le comportement des utilisateurs obtenues gr\u00e2ce \u00e0 l&#039;observation continue de leurs habitudes de navigation, ce qui permet de d\u00e9velopper un profil sp\u00e9cifique pour afficher de la publicit\u00e9 en fonction de celles-ci.<\/p><p>Cookies tiers : Le site Web sportsclubtour.com peut utiliser des services tiers qui, pour le compte de Google, collectent des informations \u00e0 des fins statistiques, l&#039;utilisation du Site par l&#039;utilisateur et pour la fourniture d&#039;autres services li\u00e9s \u00e0 l&#039;activit\u00e9 du Site Web et d&#039;autres services Internet.<\/p><p>En particulier, ce site Web utilise Google Analytics, un service d&#039;analyse Web fourni par Google, Inc. domicili\u00e9 aux \u00c9tats-Unis et dont le si\u00e8ge social est situ\u00e9 au 1600 Amphitheatre Parkway, Mountain View, Californie 94043. Pour la fourniture de ces services, des cookies collectent des informations, y compris l&#039;adresse IP de l&#039;utilisateur, qui seront transmises, trait\u00e9es et stock\u00e9es par Google dans les conditions \u00e9tablies dans le site Web Google.com. Y compris la transmission \u00e9ventuelle de ces informations \u00e0 des tiers pour des raisons d&#039;exigence l\u00e9gale ou lorsque ces tiers traitent les informations pour le compte de Google.<\/p><p>L&#039;Utilisateur accepte express\u00e9ment, pour l&#039;utilisation de ce Site, le traitement des informations collect\u00e9es sous la forme et aux fins susmentionn\u00e9es. Vous reconnaissez \u00e9galement la possibilit\u00e9 de refuser le traitement de ces donn\u00e9es ou informations en refusant l&#039;utilisation de Cookies en s\u00e9lectionnant les param\u00e8tres appropri\u00e9s \u00e0 cet effet dans votre navigateur. Bien que cette option de blocage des Cookies dans votre navigateur puisse ne pas permettre une utilisation compl\u00e8te de toutes les fonctionnalit\u00e9s du Site Web.<\/p><p>Vous pouvez autoriser, bloquer ou supprimer les cookies install\u00e9s sur votre ordinateur en configurant les options du navigateur install\u00e9 sur votre ordinateur :<\/p><p>Chrome<\/p><p>Explorateur<\/p><p>Firefox<\/p><p>Safari<\/p><p>Si vous avez des questions sur cette politique en mati\u00e8re de cookies, vous pouvez contacter sportsclubtour.com \u00e0 info@sportsclubtour.com.<\/p>\t\t\t\t\t\t\t\t<\/div>\n\t\t\t\t<\/div>\n\t\t\t\t<div class=\"elementor-element elementor-element-fc700f2 elementor-widget elementor-widget-html\" data-id=\"fc700f2\" data-element_type=\"widget\" data-e-type=\"widget\" data-widget_type=\"html.default\">\n\t\t\t\t<div class=\"elementor-widget-container\">\n\t\t\t\t\t<div class= \"cky-audit-table-element\"><\/div>\t\t\t\t<\/div>\n\t\t\t\t<\/div>\n\t\t\t\t\t<\/div>\n\t\t<\/div>\n\t\t\t\t\t<\/div>\n\t\t<\/section>\n\t\t\t\t<\/div>","protected":false},"excerpt":{"rendered":"<p>Cookie is a file that is downloaded to your computer when you access certain web pages. Cookies allow a website, among other things, to store and retrieve information about the browsing habits of a user or his or her computer and, depending on the information they contain and how they use their equipment, can be [&hellip;]<\/p>\n","protected":false},"author":1,"featured_media":0,"parent":0,"menu_order":0,"comment_status":"closed","ping_status":"closed","template":"elementor_header_footer","meta":{"footnotes":""},"class_list":["post-3616","page","type-page","status-publish","hentry"],"_links":{"self":[{"href":"https:\/\/sportsclubtour.com\/fr\/wp-json\/wp\/v2\/pages\/3616","targetHints":{"allow":["GET"]}}],"collection":[{"href":"https:\/\/sportsclubtour.com\/fr\/wp-json\/wp\/v2\/pages"}],"about":[{"href":"https:\/\/sportsclubtour.com\/fr\/wp-json\/wp\/v2\/types\/page"}],"author":[{"embeddable":true,"href":"https:\/\/sportsclubtour.com\/fr\/wp-json\/wp\/v2\/users\/1"}],"replies":[{"embeddable":true,"href":"https:\/\/sportsclubtour.com\/fr\/wp-json\/wp\/v2\/comments?post=3616"}],"version-history":[{"count":6,"href":"https:\/\/sportsclubtour.com\/fr\/wp-json\/wp\/v2\/pages\/3616\/revisions"}],"predecessor-version":[{"id":19382,"href":"https:\/\/sportsclubtour.com\/fr\/wp-json\/wp\/v2\/pages\/3616\/revisions\/19382"}],"wp:attachment":[{"href":"https:\/\/sportsclubtour.com\/fr\/wp-json\/wp\/v2\/media?parent=3616"}],"curies":[{"name":"wp","href":"https:\/\/api.w.org\/{rel}","templated":true}]}}