{"id":3607,"date":"2021-02-02T11:26:46","date_gmt":"2021-02-02T10:26:46","guid":{"rendered":"http:\/\/sportsclubtour.com\/?page_id=3607"},"modified":"2025-08-06T21:09:18","modified_gmt":"2025-08-06T19:09:18","slug":"afbestillings-og-reduktionspolitik","status":"publish","type":"page","link":"https:\/\/sportsclubtour.com\/nl\/afbestillings-og-reduktionspolitik\/","title":{"rendered":"Annulerings- en kortingsbeleid"},"content":{"rendered":"<div data-elementor-type=\"wp-page\" data-elementor-id=\"3607\" class=\"elementor elementor-3607\" data-elementor-post-type=\"page\">\n\t\t\t\t\t\t<section class=\"elementor-section elementor-top-section elementor-element elementor-element-dba096f elementor-section-boxed elementor-section-height-default elementor-section-height-default\" data-id=\"dba096f\" data-element_type=\"section\" data-e-type=\"section\">\n\t\t\t\t\t\t<div class=\"elementor-container elementor-column-gap-default\">\n\t\t\t\t\t<div class=\"elementor-column elementor-col-100 elementor-top-column elementor-element elementor-element-1537ab2\" data-id=\"1537ab2\" data-element_type=\"column\" data-e-type=\"column\">\n\t\t\t<div class=\"elementor-widget-wrap elementor-element-populated\">\n\t\t\t\t\t\t<div class=\"elementor-element elementor-element-0ead505 elementor-widget elementor-widget-heading\" data-id=\"0ead505\" data-element_type=\"widget\" data-e-type=\"widget\" data-widget_type=\"heading.default\">\n\t\t\t\t<div class=\"elementor-widget-container\">\n\t\t\t\t\t<h1 class=\"elementor-heading-title elementor-size-default\">Annulerings- en kortingsbeleid<\/h1>\t\t\t\t<\/div>\n\t\t\t\t<\/div>\n\t\t\t\t<div class=\"elementor-element elementor-element-1b0ba38 elementor-hidden-desktop elementor-hidden-tablet elementor-hidden-phone elementor-widget elementor-widget-heading\" data-id=\"1b0ba38\" data-element_type=\"widget\" data-e-type=\"widget\" data-widget_type=\"heading.default\">\n\t\t\t\t<div class=\"elementor-widget-container\">\n\t\t\t\t\t<h2 class=\"elementor-heading-title elementor-size-default\">speciale maatregelen COVID-19 annulerings- en reductiebeleid<\/h2>\t\t\t\t<\/div>\n\t\t\t\t<\/div>\n\t\t\t\t<div class=\"elementor-element elementor-element-f8c2c91 elementor-hidden-desktop elementor-hidden-tablet elementor-hidden-phone elementor-widget elementor-widget-text-editor\" data-id=\"f8c2c91\" data-element_type=\"widget\" data-e-type=\"widget\" data-widget_type=\"text-editor.default\">\n\t\t\t\t<div class=\"elementor-widget-container\">\n\t\t\t\t\t\t\t\t\t<div class=\"elementor-element elementor-element-2a5f8ce elementor-widget elementor-widget-text-editor\" data-id=\"2a5f8ce\" data-element_type=\"widget\" data-widget_type=\"text-editor.default\"><div class=\"elementor-widget-container\"><div class=\"elementor-text-editor elementor-clearfix\"><p>21\/05\/2019<\/p><\/div><\/div><\/div><div class=\"elementor-element elementor-element-24476f6 elementor-widget elementor-widget-text-editor\" data-id=\"24476f6\" data-element_type=\"widget\" data-widget_type=\"text-editor.default\"><div class=\"elementor-widget-container\"><div class=\"elementor-text-editor elementor-clearfix\"><p>Op 11 maart verklaarde de Wereldgezondheidsorganisatie (OMS) de uitbraak van het coronavirus tot een wereldwijde pandemie. Sindsdien heeft het zich snel ontwikkeld en hebben regeringen over de hele wereld ijverig stappen ondernomen om de verspreiding ervan in te dammen.<br \/>Terwijl de noodtoestand voor COVID-19 in Spanje van kracht is, bieden wij onze klanten een annulerings- en kortingsbeleid aan dat is afgestemd op de nieuwe behoeften, namelijk:<\/p><p>1. De nieuwe maatregelen van SportsClubTour vanwege COVID-19 hebben geen invloed op het betalingsbeleid en de boekingen.<br \/>2. Annulerings- en kortingsbeleid:<br \/>Annuleringen en kortingen zijn geheel vrij van de hieronder beschreven boetes tot 7 dagen na aanvang van de gecontracteerde diensten en activiteiten.<br \/>3. Voor de gecontracteerde diensten die SportsClubTour niet kan leveren vanwege de ongemakken van COVID-19, wordt de volledige waarde van de niet geleverde diensten terugbetaald.<\/p><p>4. De door de klant gemaakte kosten, zoals de bestelling van sportuitrusting, al dan niet gepersonaliseerd vanwege de gecontracteerde diensten, worden bovenop de hierboven beschreven percentages volledig in rekening gebracht.<\/p><p>Wij begrijpen de verschillende oorzaken die elke deelnemer kan doormaken in deze moeilijke tijd met COVID-19 en wij bieden een service die aansluit bij die behoeften. Wij garanderen een kwalitatieve service en staan open voor onverwachte veranderingen waaraan we allemaal worden blootgesteld.<\/p><\/div><\/div><\/div>\t\t\t\t\t\t\t\t<\/div>\n\t\t\t\t<\/div>\n\t\t\t\t<div class=\"elementor-element elementor-element-bac76f2 elementor-widget elementor-widget-heading\" data-id=\"bac76f2\" data-element_type=\"widget\" data-e-type=\"widget\" data-widget_type=\"heading.default\">\n\t\t\t\t<div class=\"elementor-widget-container\">\n\t\t\t\t\t<h2 class=\"elementor-heading-title elementor-size-default\">1. Annuleringen<\/h2>\t\t\t\t<\/div>\n\t\t\t\t<\/div>\n\t\t\t\t<div class=\"elementor-element elementor-element-b52dce9 elementor-widget elementor-widget-text-editor\" data-id=\"b52dce9\" data-element_type=\"widget\" data-e-type=\"widget\" data-widget_type=\"text-editor.default\">\n\t\t\t\t<div class=\"elementor-widget-container\">\n\t\t\t\t\t\t\t\t\t<div class=\"elementor-element elementor-element-2a5f8ce elementor-widget elementor-widget-text-editor\" data-id=\"2a5f8ce\" data-element_type=\"widget\" data-widget_type=\"text-editor.default\">\n<div class=\"elementor-widget-container\">\n<div class=\"elementor-text-editor elementor-clearfix\">\n<p>\u2013 Indien de annulering plaatsvindt v\u00f3\u00f3r de 90 dagen v\u00f3\u00f3r aanvang van de dienstverlening, worden er geen boetekosten in rekening gebracht.<br>\u2013 Tussen 90 en 60 dagen voor aankomst wordt een bedrag van 25% van het totaalbedrag van de geannuleerde diensten in rekening gebracht.<br>\u2013 Tussen 60 en 30 dagen voor aankomst wordt een bedrag van 50% van het totaalbedrag van de geannuleerde diensten in rekening gebracht.<br>\u2013 Tussen 30 en 0 dagen worden er kosten in rekening gebracht van 100 % van het totaal aantal geannuleerde diensten.<\/p>\n<p>Alle kosten die voortvloeien uit de annulering van de dienst door de klant en waarvoor geen restitutie mogelijk is, komen voor rekening van de klant. De klant draagt de kosten 100%, ongeacht de verstreken tijdsperiode.<\/p>\n<\/div>\n<\/div>\n<\/div>\t\t\t\t\t\t\t\t<\/div>\n\t\t\t\t<\/div>\n\t\t\t\t<div class=\"elementor-element elementor-element-256c14f elementor-widget elementor-widget-heading\" data-id=\"256c14f\" data-element_type=\"widget\" data-e-type=\"widget\" data-widget_type=\"heading.default\">\n\t\t\t\t<div class=\"elementor-widget-container\">\n\t\t\t\t\t<h2 class=\"elementor-heading-title elementor-size-default\">2. Reducties<\/h2>\t\t\t\t<\/div>\n\t\t\t\t<\/div>\n\t\t\t\t<div class=\"elementor-element elementor-element-c8b8c35 elementor-widget elementor-widget-text-editor\" data-id=\"c8b8c35\" data-element_type=\"widget\" data-e-type=\"widget\" data-widget_type=\"text-editor.default\">\n\t\t\t\t<div class=\"elementor-widget-container\">\n\t\t\t\t\t\t\t\t\t<div class=\"elementor-element elementor-element-2a5f8ce elementor-widget elementor-widget-text-editor\" data-id=\"2a5f8ce\" data-element_type=\"widget\" data-widget_type=\"text-editor.default\"><div class=\"elementor-widget-container\"><div class=\"elementor-text-editor elementor-clearfix\"><div class=\"elementor-element elementor-element-2bd9cf5 elementor-widget elementor-widget-text-editor\" data-id=\"2bd9cf5\" data-element_type=\"widget\" data-widget_type=\"text-editor.default\"><div class=\"elementor-widget-container\"><div class=\"elementor-text-editor elementor-clearfix\"><p>\u2013 Indien de klant 90 en 60 dagen voor aankomst de vermindering van diensten aanvraagt, vermindering tot 20% van de totale diensten en boekingen zonder boete. Elk hoger percentage wordt beschouwd als \u201cAnnulering\u201d en wordt dienovereenkomstig in rekening gebracht volgens de aangegeven tabel.<br \/>\u2013 Tussen 60 en 30 dagen voor de levering van de gecontracteerde diensten, vermindering tot 10% van totale diensten en boekingen zonder boete. Elk hoger percentage wordt beschouwd als &quot;Annulering&quot; en wordt dienovereenkomstig in rekening gebracht.<br \/>\u2013 Tussen 30 en 0 dagen voor de levering van de gecontracteerde diensten en boekingen, wordt elke annulering beschouwd als een annulering en wordt het volledige bedrag in rekening gebracht, inclusief alle gereserveerde diensten.<\/p><\/div><\/div><\/div><div class=\"elementor-element elementor-element-5743cdc elementor-widget elementor-widget-text-editor\" data-id=\"5743cdc\" data-element_type=\"widget\" data-widget_type=\"text-editor.default\"><div class=\"elementor-widget-container\"><div class=\"elementor-text-editor elementor-clearfix\"><p>* Alle diensten die met SportsClubTour.com worden gecontracteerd, vallen onder dit annulerings- en kortingsbeleid. Dit beleid kan alleen worden uitgesloten als er vooraf schriftelijke afspraken tussen beide partijen zijn gemaakt.<\/p><\/div><\/div><\/div><\/div><\/div><\/div>\t\t\t\t\t\t\t\t<\/div>\n\t\t\t\t<\/div>\n\t\t\t\t\t<\/div>\n\t\t<\/div>\n\t\t\t\t\t<\/div>\n\t\t<\/section>\n\t\t\t\t<\/div>","protected":false},"excerpt":{"rendered":"<p>special measures COVID-19 cancellation and reduction policy 21\/05\/2019 On March 11, the World Health Organization (OMS) declared the outbreak of the coronavirus a global pandemic. Since then, it has evolved rapidly and governments around the world have diligently taken steps to curb its spread.While the state of alarm for COVID-19 is active in Spain, we [&hellip;]<\/p>\n","protected":false},"author":1,"featured_media":0,"parent":0,"menu_order":0,"comment_status":"closed","ping_status":"closed","template":"elementor_header_footer","meta":{"footnotes":""},"class_list":["post-3607","page","type-page","status-publish","hentry"],"_links":{"self":[{"href":"https:\/\/sportsclubtour.com\/nl\/wp-json\/wp\/v2\/pages\/3607","targetHints":{"allow":["GET"]}}],"collection":[{"href":"https:\/\/sportsclubtour.com\/nl\/wp-json\/wp\/v2\/pages"}],"about":[{"href":"https:\/\/sportsclubtour.com\/nl\/wp-json\/wp\/v2\/types\/page"}],"author":[{"embeddable":true,"href":"https:\/\/sportsclubtour.com\/nl\/wp-json\/wp\/v2\/users\/1"}],"replies":[{"embeddable":true,"href":"https:\/\/sportsclubtour.com\/nl\/wp-json\/wp\/v2\/comments?post=3607"}],"version-history":[{"count":17,"href":"https:\/\/sportsclubtour.com\/nl\/wp-json\/wp\/v2\/pages\/3607\/revisions"}],"predecessor-version":[{"id":19120,"href":"https:\/\/sportsclubtour.com\/nl\/wp-json\/wp\/v2\/pages\/3607\/revisions\/19120"}],"wp:attachment":[{"href":"https:\/\/sportsclubtour.com\/nl\/wp-json\/wp\/v2\/media?parent=3607"}],"curies":[{"name":"wp","href":"https:\/\/api.w.org\/{rel}","templated":true}]}}