{"id":18514,"date":"2025-01-16T19:55:02","date_gmt":"2025-01-16T17:55:02","guid":{"rendered":"https:\/\/sportsclubtour.com\/?page_id=18514"},"modified":"2026-04-14T19:04:48","modified_gmt":"2026-04-14T17:04:48","slug":"data-privacy-rights-request","status":"publish","type":"page","link":"https:\/\/sportsclubtour.com\/sv\/data-privacy-rights-request\/","title":{"rendered":"GDPR-f\u00f6rfr\u00e5gningar om datasekretess och r\u00e4ttigheter"},"content":{"rendered":"<div data-elementor-type=\"wp-page\" data-elementor-id=\"18514\" class=\"elementor elementor-18514\" data-elementor-post-type=\"page\">\n\t\t\t\t\t\t<section class=\"elementor-section elementor-top-section elementor-element elementor-element-f303061 elementor-section-stretched elementor-section-boxed elementor-section-height-default elementor-section-height-default\" data-id=\"f303061\" data-element_type=\"section\" data-e-type=\"section\" data-settings=\"{&quot;stretch_section&quot;:&quot;section-stretched&quot;}\">\n\t\t\t\t\t\t<div class=\"elementor-container elementor-column-gap-default\">\n\t\t\t\t\t<div class=\"elementor-column elementor-col-100 elementor-top-column elementor-element elementor-element-5082b2e\" data-id=\"5082b2e\" data-element_type=\"column\" data-e-type=\"column\">\n\t\t\t<div class=\"elementor-widget-wrap elementor-element-populated\">\n\t\t\t\t\t\t<div class=\"elementor-element elementor-element-6ad22c5 elementor-widget elementor-widget-heading\" data-id=\"6ad22c5\" data-element_type=\"widget\" data-e-type=\"widget\" data-widget_type=\"heading.default\">\n\t\t\t\t<div class=\"elementor-widget-container\">\n\t\t\t\t\t<h2 class=\"elementor-heading-title elementor-size-default\">GDPR-f\u00f6rfr\u00e5gningar om datasekretess och r\u00e4ttigheter<\/h2>\t\t\t\t<\/div>\n\t\t\t\t<\/div>\n\t\t\t\t<div class=\"elementor-element elementor-element-e088c60 elementor-widget__width-initial elementor-widget elementor-widget-text-editor\" data-id=\"e088c60\" data-element_type=\"widget\" data-e-type=\"widget\" data-widget_type=\"text-editor.default\">\n\t\t\t\t<div class=\"elementor-widget-container\">\n\t\t\t\t\t\t\t\t\t<p>P\u00e5 SportsClubTour tar vi din integritet och ditt dataskydd p\u00e5 allvar. Under <strong>General Data Protection Regulation (GDPR)<\/strong>, har du r\u00e4tt att beg\u00e4ra radering av dina personuppgifter som vi har samlat in eller behandlat.<\/p>\n<p>Om du vill ut\u00f6va denna r\u00e4ttighet, v\u00e4nligen anv\u00e4nd formul\u00e4ret nedan f\u00f6r att skicka in din beg\u00e4ran.<\/p>\n<h3><strong>Vilken data p\u00e5verkas?<\/strong><\/h3>\n<p>De personuppgifter vi kan ha inkluderar, men \u00e4r inte begr\u00e4nsade till:<\/p>\n<ul>\n<li>Namn<\/li>\n<li>E-postadress<\/li>\n<li>Telefonnummer<\/li>\n<li>Bokningsinformation<\/li>\n<li>All annan information som du l\u00e4mnat under din interaktion med oss<\/li>\n<\/ul>\n<h3><strong>Hur fungerar processen?<\/strong><\/h3>\n<p>N\u00e4r du har skickat in din f\u00f6rfr\u00e5gan kommer vi att:<\/p>\n<ol>\n<li><strong>Verifiera din identitet<\/strong> f\u00f6r att s\u00e4kerst\u00e4lla att beg\u00e4ran \u00e4r legitim.<\/li>\n<li><strong>Behandla din beg\u00e4ran<\/strong> i enlighet med GDPR-kraven<\/li>\n<li><strong>Svara<\/strong> inom de lagstadgade tidsramarna<\/li>\n<\/ol>\n<p>Observera att vissa uppgifter kan komma att lagras d\u00e4r det kr\u00e4vs enligt r\u00e4ttsliga skyldigheter (t.ex. skatte- eller redovisningsregler).<\/p>\n<p>Dina GDPR-r\u00e4ttigheter:<\/p>\n<p><span style=\"letter-spacing: 0px;\">\u2013 F\u00e5 \u00e5tkomst till dina personuppgifter&nbsp;&nbsp;<br><\/span><span style=\"letter-spacing: 0px;\">\u2013 R\u00e4tta felaktiga uppgifter&nbsp;&nbsp;<br><\/span><span style=\"letter-spacing: 0px;\">\u2013 Beg\u00e4r radering av dina uppgifter&nbsp;&nbsp;<br><\/span><span style=\"letter-spacing: 0px;\">\u2013 Begr\u00e4nsa behandlingen&nbsp;&nbsp;<br><\/span><span style=\"letter-spacing: 0px;\">\u2013 Inv\u00e4nda mot behandling&nbsp;&nbsp;<br><\/span><span style=\"letter-spacing: 0px;\">\u2013 Beg\u00e4r dataportabilitet&nbsp;&nbsp;<\/span><\/p>\n<p>Du kan ocks\u00e5 kontakta oss direkt p\u00e5:<br><strong>info@sportsclubtour.com<\/strong><\/p>\n<p>F\u00f6r mer detaljerad information, v\u00e4nligen se v\u00e5r&nbsp;<a href=\"https:\/\/sportsclubtour.com\/sv\/sekretesspolicy\/\">Sekretesspolicy<\/a> och <a href=\"https:\/\/sportsclubtour.com\/sv\/kop-och-entreprenadvillkor\/\">K\u00f6p- och entreprenadvillkor<\/a>.<\/p>\n<p>Vi \u00e4r fast beslutna att skydda dina personuppgifter och s\u00e4kerst\u00e4lla fullst\u00e4ndig efterlevnad av till\u00e4mpliga dataskyddslagar.<\/p>\t\t\t\t\t\t\t\t<\/div>\n\t\t\t\t<\/div>\n\t\t\t\t\t<\/div>\n\t\t<\/div>\n\t\t\t\t\t<\/div>\n\t\t<\/section>\n\t\t\t\t<section class=\"elementor-section elementor-top-section elementor-element elementor-element-42acdc0 elementor-section-stretched elementor-section-boxed elementor-section-height-default elementor-section-height-default\" data-id=\"42acdc0\" data-element_type=\"section\" data-e-type=\"section\" data-settings=\"{&quot;stretch_section&quot;:&quot;section-stretched&quot;,&quot;background_background&quot;:&quot;classic&quot;}\">\n\t\t\t\t\t\t<div class=\"elementor-container elementor-column-gap-default\">\n\t\t\t\t\t<div class=\"elementor-column elementor-col-100 elementor-top-column elementor-element elementor-element-02344fb\" data-id=\"02344fb\" data-element_type=\"column\" data-e-type=\"column\">\n\t\t\t<div class=\"elementor-widget-wrap elementor-element-populated\">\n\t\t\t\t\t\t<div class=\"elementor-element elementor-element-92f9ad3 elementor-widget elementor-widget-jet-engine-booking-form\" data-id=\"92f9ad3\" data-element_type=\"widget\" data-e-type=\"widget\" data-widget_type=\"jet-engine-booking-form.default\">\n\t\t\t\t<div class=\"elementor-widget-container\">\n\t\t\t\t\t<form  class=\"jet-form layout-column submit-type-ajax\" action=\"\/sv\/wp-json\/wp\/v2\/pages\/18514?jet_engine_action=book&#038;nocache=1776570941\" method=\"POST\" data-form-id=\"18500\" data-trp-original-action=\"\/sv\/wp-json\/wp\/v2\/pages\/18514?jet_engine_action=book&#038;nocache=1776570941\"><input class=\"jet-form__field hidden-field\" type=\"hidden\" name=\"_jet_engine_booking_form_id\" value=\"18500\" data-field-name=\"_jet_engine_booking_form_id\"><input class=\"jet-form__field hidden-field\" type=\"hidden\" name=\"_jet_engine_refer\" value=\"https:\/\/sportsclubtour.com\/sv\/wp-json\/wp\/v2\/pages\/18514\" data-field-name=\"_jet_engine_refer\"><div  class=\"jet-form-row jet-form-row--hidden\"><div class=\"jet-form-col jet-form-col-12  field-type-hidden  jet-form-field-container\" data-field=\"post_id\" data-conditional=\"false\"><input class=\"jet-form__field hidden-field\" type=\"hidden\" name=\"post_id\" value=\"18514\" data-field-name=\"post_id\"><\/div><\/div><div  class=\"jet-form-row jet-form-row--first-visible\"><div class=\"jet-form-col jet-form-col-12  field-type-checkboxes  jet-form-field-container\" data-field=\"datacheckbox\" data-conditional=\"false\"><div class=\"jet-form__label\">\n\t<span class=\"jet-form__label-text\" >V\u00e4nligen v\u00e4lj den \u00e5tg\u00e4rd du vill vidta ang\u00e5ende dina personuppgifter:<span class=\"jet-form__required\">*<\/span><\/span>\n\t<\/div><div class=\"jet-form__fields-group checkradio-wrap\">\t\t<div class=\"jet-form__field-wrap checkboxes-wrap checkradio-wrap\">\n\t\t\t\t\t\t<label class=\"jet-form__field-label\">\n\t\t\t\t<input\n\t\t\t\t\ttype=\"checkbox\"\n\t\t\t\t\tname=\"datacheckbox[]\"\n\t\t\t\t\tclass=\"jet-form__field checkboxes-field checkradio-field checkboxes-group-required\"\n\t\t\t\t\tvalue=\"Access to your data: I would like to request a copy of my personal data.\"\n\t\t\t\t\tdata-field-name=\"datacheckbox\"\n\t\t\t\t\t\t\t\t\t\trequired=\"required\"\t\t\t\t\t\t\t\t\t>\n\t\t\t\tTillg\u00e5ng till dina uppgifter: Jag skulle vilja beg\u00e4ra en kopia av mina personuppgifter.\t\t\t<\/label>\n\t\t<\/div>\n\t\t\t\t<div class=\"jet-form__field-wrap checkboxes-wrap checkradio-wrap\">\n\t\t\t\t\t\t<label class=\"jet-form__field-label\">\n\t\t\t\t<input\n\t\t\t\t\ttype=\"checkbox\"\n\t\t\t\t\tname=\"datacheckbox[]\"\n\t\t\t\t\tclass=\"jet-form__field checkboxes-field checkradio-field checkboxes-group-required\"\n\t\t\t\t\tvalue=\" Rectification: I would like to request that my personal data be corrected if it is inaccurate or incomplete.\"\n\t\t\t\t\tdata-field-name=\"datacheckbox\"\n\t\t\t\t\t\t\t\t\t\trequired=\"required\"\t\t\t\t\t\t\t\t\t>\n\t\t\t\t R\u00e4ttelse: Jag skulle vilja beg\u00e4ra att mina personuppgifter korrigeras om de \u00e4r felaktiga eller ofullst\u00e4ndiga.\t\t\t<\/label>\n\t\t<\/div>\n\t\t\t\t<div class=\"jet-form__field-wrap checkboxes-wrap checkradio-wrap\">\n\t\t\t\t\t\t<label class=\"jet-form__field-label\">\n\t\t\t\t<input\n\t\t\t\t\ttype=\"checkbox\"\n\t\t\t\t\tname=\"datacheckbox[]\"\n\t\t\t\t\tclass=\"jet-form__field checkboxes-field checkradio-field checkboxes-group-required\"\n\t\t\t\t\tvalue=\"Deletion: I would like to request the deletion of my personal data from your records\"\n\t\t\t\t\tdata-field-name=\"datacheckbox\"\n\t\t\t\t\t\t\t\t\t\trequired=\"required\"\t\t\t\t\t\t\t\t\t>\n\t\t\t\tRadering: Jag skulle vilja beg\u00e4ra radering av mina personuppgifter fr\u00e5n dina register\t\t\t<\/label>\n\t\t<\/div>\n\t\t\t\t<div class=\"jet-form__field-wrap checkboxes-wrap checkradio-wrap\">\n\t\t\t\t\t\t<label class=\"jet-form__field-label\">\n\t\t\t\t<input\n\t\t\t\t\ttype=\"checkbox\"\n\t\t\t\t\tname=\"datacheckbox[]\"\n\t\t\t\t\tclass=\"jet-form__field checkboxes-field checkradio-field checkboxes-group-required\"\n\t\t\t\t\tvalue=\"Restriction of processing: I would like to request the restriction of processing my personal data.\"\n\t\t\t\t\tdata-field-name=\"datacheckbox\"\n\t\t\t\t\t\t\t\t\t\trequired=\"required\"\t\t\t\t\t\t\t\t\t>\n\t\t\t\tBegr\u00e4nsning av behandling: Jag skulle vilja beg\u00e4ra begr\u00e4nsning av behandlingen av mina personuppgifter.\t\t\t<\/label>\n\t\t<\/div>\n\t\t\t\t<div class=\"jet-form__field-wrap checkboxes-wrap checkradio-wrap\">\n\t\t\t\t\t\t<label class=\"jet-form__field-label\">\n\t\t\t\t<input\n\t\t\t\t\ttype=\"checkbox\"\n\t\t\t\t\tname=\"datacheckbox[]\"\n\t\t\t\t\tclass=\"jet-form__field checkboxes-field checkradio-field checkboxes-group-required\"\n\t\t\t\t\tvalue=\"Portability: I would like to request that my personal data be provided in a machine-readable format for transfer to another service provider.\"\n\t\t\t\t\tdata-field-name=\"datacheckbox\"\n\t\t\t\t\t\t\t\t\t\trequired=\"required\"\t\t\t\t\t\t\t\t\t>\n\t\t\t\tPortabilitet: Jag skulle vilja beg\u00e4ra att mina personuppgifter tillhandah\u00e5lls i ett maskinl\u00e4sbart format f\u00f6r \u00f6verf\u00f6ring till en annan tj\u00e4nsteleverant\u00f6r.\t\t\t<\/label>\n\t\t<\/div>\n\t\t<\/div><\/div><\/div><div  class=\"jet-form-row\"><div class=\"jet-form-col jet-form-col-6  field-type-text  jet-form-field-container\" data-field=\"name\" data-conditional=\"false\"><input class=\"jet-form__field text-field\" placeholder=\"Namn\" required=\"required\" name=\"name\" id=\"name\" type=\"text\" data-field-name=\"name\"><\/div><div class=\"jet-form-col jet-form-col-6  field-type-text  jet-form-field-container\" data-field=\"lastname\" data-conditional=\"false\"><input class=\"jet-form__field text-field\" placeholder=\"Efternamn\" required=\"required\" name=\"lastname\" id=\"lastname\" type=\"text\" data-field-name=\"lastname\"><\/div><\/div><div  class=\"jet-form-row\"><div class=\"jet-form-col jet-form-col-12  field-type-text  jet-form-field-container\" data-field=\"email\" data-conditional=\"false\"><input class=\"jet-form__field text-field\" placeholder=\"E-post\" required=\"required\" name=\"email\" id=\"email\" type=\"email\" data-field-name=\"email\"><\/div><\/div><div  class=\"jet-form-row\"><div class=\"jet-form-col jet-form-col-12  field-type-textarea  jet-form-field-container\" data-field=\"clienttext\" data-conditional=\"false\"><textarea class=\"jet-form__field textarea-field\" placeholder=\"Klienttext\" name=\"clienttext\" data-field-name=\"clienttext\" id=\"clienttext\">You can write an additional comment here<\/textarea><\/div><\/div><div  class=\"jet-form-row jet-form-row--submit\"><div class=\"jet-form-col jet-form-col-12  field-type-submit  jet-form-field-container\" data-field=\"Submit\" data-conditional=\"false\"><div class=\"jet-form__submit-wrap\">\n\t\t<button class=\"jet-form__submit submit-type-ajax\" type=\"button\">\u00d6verl\u00e4mna<\/button>\n<\/div><\/div><\/div><input class=\"jet-form__field hidden-field\" type=\"hidden\" name=\"_jet_engine_nonce\" value=\"11343ec221\" data-field-name=\"_jet_engine_nonce\"><input type=\"hidden\" name=\"trp-form-language\" value=\"sv\"\/><\/form><div class=\"jet-form-messages-wrap\" data-form-id=\"18500\"><\/div>\t\t\t\t<\/div>\n\t\t\t\t<\/div>\n\t\t\t\t\t<\/div>\n\t\t<\/div>\n\t\t\t\t\t<\/div>\n\t\t<\/section>\n\t\t\t\t<\/div>","protected":false},"excerpt":{"rendered":"<p>At SportsClubTour, we take your privacy and data protection seriously. Under the General Data Protection Regulation (GDPR), you have the right to request the deletion of your personal data that we have collected or processed. If you wish to exercise this right, please use the form below to submit your request. What Data is Affected? [&hellip;]<\/p>\n","protected":false},"author":1,"featured_media":0,"parent":0,"menu_order":0,"comment_status":"closed","ping_status":"closed","template":"","meta":{"footnotes":""},"class_list":["post-18514","page","type-page","status-publish","hentry"],"_links":{"self":[{"href":"https:\/\/sportsclubtour.com\/sv\/wp-json\/wp\/v2\/pages\/18514","targetHints":{"allow":["GET"]}}],"collection":[{"href":"https:\/\/sportsclubtour.com\/sv\/wp-json\/wp\/v2\/pages"}],"about":[{"href":"https:\/\/sportsclubtour.com\/sv\/wp-json\/wp\/v2\/types\/page"}],"author":[{"embeddable":true,"href":"https:\/\/sportsclubtour.com\/sv\/wp-json\/wp\/v2\/users\/1"}],"replies":[{"embeddable":true,"href":"https:\/\/sportsclubtour.com\/sv\/wp-json\/wp\/v2\/comments?post=18514"}],"version-history":[{"count":17,"href":"https:\/\/sportsclubtour.com\/sv\/wp-json\/wp\/v2\/pages\/18514\/revisions"}],"predecessor-version":[{"id":20003,"href":"https:\/\/sportsclubtour.com\/sv\/wp-json\/wp\/v2\/pages\/18514\/revisions\/20003"}],"wp:attachment":[{"href":"https:\/\/sportsclubtour.com\/sv\/wp-json\/wp\/v2\/media?parent=18514"}],"curies":[{"name":"wp","href":"https:\/\/api.w.org\/{rel}","templated":true}]}}