{"id":2890,"date":"2021-01-24T12:14:12","date_gmt":"2021-01-24T11:14:12","guid":{"rendered":"http:\/\/sportsclubtour.com\/?page_id=2890"},"modified":"2023-11-01T22:47:20","modified_gmt":"2023-11-01T20:47:20","slug":"about","status":"publish","type":"page","link":"https:\/\/sportsclubtour.com\/sv\/about\/","title":{"rendered":"Om"},"content":{"rendered":"<div data-elementor-type=\"wp-page\" data-elementor-id=\"2890\" class=\"elementor elementor-2890\" data-elementor-post-type=\"page\">\n\t\t\t\t\t\t<section class=\"elementor-section elementor-top-section elementor-element elementor-element-2d28e3b elementor-section-boxed elementor-section-height-default elementor-section-height-default\" data-id=\"2d28e3b\" data-element_type=\"section\" data-e-type=\"section\">\n\t\t\t\t\t\t<div class=\"elementor-container elementor-column-gap-default\">\n\t\t\t\t\t<div class=\"elementor-column elementor-col-100 elementor-top-column elementor-element elementor-element-29c9a96\" data-id=\"29c9a96\" data-element_type=\"column\" data-e-type=\"column\">\n\t\t\t<div class=\"elementor-widget-wrap elementor-element-populated\">\n\t\t\t\t\t\t<div class=\"elementor-element elementor-element-56d5321 elementor-widget elementor-widget-heading\" data-id=\"56d5321\" data-element_type=\"widget\" data-e-type=\"widget\" data-widget_type=\"heading.default\">\n\t\t\t\t<div class=\"elementor-widget-container\">\n\t\t\t\t\t<h1 class=\"elementor-heading-title elementor-size-default\">Om<\/h1>\t\t\t\t<\/div>\n\t\t\t\t<\/div>\n\t\t\t\t<div class=\"elementor-element elementor-element-255664d animated-fast elementor-widget-divider--view-line elementor-invisible elementor-widget elementor-widget-divider\" data-id=\"255664d\" data-element_type=\"widget\" data-e-type=\"widget\" data-settings=\"{&quot;_animation&quot;:&quot;bounceInLeft&quot;,&quot;_animation_delay&quot;:300}\" data-widget_type=\"divider.default\">\n\t\t\t\t<div class=\"elementor-widget-container\">\n\t\t\t\t\t\t\t<div class=\"elementor-divider\">\n\t\t\t<span class=\"elementor-divider-separator\">\n\t\t\t\t\t\t<\/span>\n\t\t<\/div>\n\t\t\t\t\t\t<\/div>\n\t\t\t\t<\/div>\n\t\t\t\t<section class=\"elementor-section elementor-inner-section elementor-element elementor-element-10187bb elementor-section-content-middle elementor-section-boxed elementor-section-height-default elementor-section-height-default\" data-id=\"10187bb\" data-element_type=\"section\" data-e-type=\"section\" data-settings=\"{&quot;background_background&quot;:&quot;classic&quot;}\">\n\t\t\t\t\t\t<div class=\"elementor-container elementor-column-gap-wide\">\n\t\t\t\t\t<div class=\"elementor-column elementor-col-50 elementor-inner-column elementor-element elementor-element-ef1873c\" data-id=\"ef1873c\" data-element_type=\"column\" data-e-type=\"column\">\n\t\t\t<div class=\"elementor-widget-wrap elementor-element-populated\">\n\t\t\t\t\t\t<div class=\"elementor-element elementor-element-4c4ffc6 elementor-widget elementor-widget-text-editor\" data-id=\"4c4ffc6\" data-element_type=\"widget\" data-e-type=\"widget\" data-widget_type=\"text-editor.default\">\n\t\t\t\t<div class=\"elementor-widget-container\">\n\t\t\t\t\t\t\t\t\t<p>Om du har landat till denna webbplats \u00e4r det f\u00f6r att du \u00e4r en av oss, V\u00c4LKOMMEN!. Det betyder att du f\u00f6rmodligen letar efter en\u00a0<b>fantastiska padelupplevelser<\/b>, vi m\u00e5ste b\u00f6rja s\u00e4ga att SportsClubTour.com det f\u00f6ddes fr\u00e5n samma passion f\u00f6r padel som du har. Allt som du kommer att hitta p\u00e5 denna webbplats handlar om denna fantastiska sport och f\u00f6r att tj\u00e4na de b\u00e4sta upplevelserna du kan f\u00e5.<\/p><p>V\u00e5ra m\u00e5l str\u00e4cker sig l\u00e4ngre \u00e4n bara en bokningswebbplats eller n\u00e5gra coachningstj\u00e4nster... alla v\u00e5ra tj\u00e4nster \u00e4r riktade fr\u00e5n en padelexpertsynpunkt, vilket tillf\u00f6r ett stort upplevelsev\u00e4rde till v\u00e5ra kunder.<\/p>\t\t\t\t\t\t\t\t<\/div>\n\t\t\t\t<\/div>\n\t\t\t\t\t<\/div>\n\t\t<\/div>\n\t\t\t\t<div class=\"elementor-column elementor-col-50 elementor-inner-column elementor-element elementor-element-78dd711\" data-id=\"78dd711\" data-element_type=\"column\" data-e-type=\"column\">\n\t\t\t<div class=\"elementor-widget-wrap elementor-element-populated\">\n\t\t\t\t\t\t<div class=\"elementor-element elementor-element-75a084f elementor-widget elementor-widget-video\" data-id=\"75a084f\" data-element_type=\"widget\" data-e-type=\"widget\" data-settings=\"{&quot;youtube_url&quot;:&quot;https:\\\/\\\/www.youtube.com\\\/watch?v=rAFbms_HMQI&amp;ab_channel=SportsClubTour&quot;,&quot;video_type&quot;:&quot;youtube&quot;,&quot;controls&quot;:&quot;yes&quot;}\" data-widget_type=\"video.default\">\n\t\t\t\t<div class=\"elementor-widget-container\">\n\t\t\t\t\t\t\t<div class=\"elementor-wrapper elementor-open-inline\">\n\t\t\t<div class=\"elementor-video\"><\/div>\t\t<\/div>\n\t\t\t\t\t\t<\/div>\n\t\t\t\t<\/div>\n\t\t\t\t\t<\/div>\n\t\t<\/div>\n\t\t\t\t\t<\/div>\n\t\t<\/section>\n\t\t\t\t\t<\/div>\n\t\t<\/div>\n\t\t\t\t\t<\/div>\n\t\t<\/section>\n\t\t\t\t<section class=\"elementor-section elementor-top-section elementor-element elementor-element-dbd2d9f elementor-section-boxed elementor-section-height-default elementor-section-height-default\" data-id=\"dbd2d9f\" data-element_type=\"section\" data-e-type=\"section\">\n\t\t\t\t\t\t<div class=\"elementor-container elementor-column-gap-default\">\n\t\t\t\t\t<div class=\"elementor-column elementor-col-100 elementor-top-column elementor-element elementor-element-77ad445\" data-id=\"77ad445\" data-element_type=\"column\" data-e-type=\"column\">\n\t\t\t<div class=\"elementor-widget-wrap elementor-element-populated\">\n\t\t\t\t\t\t<div class=\"elementor-element elementor-element-f3f47cf elementor-widget elementor-widget-heading\" data-id=\"f3f47cf\" data-element_type=\"widget\" data-e-type=\"widget\" data-widget_type=\"heading.default\">\n\t\t\t\t<div class=\"elementor-widget-container\">\n\t\t\t\t\t<h1 class=\"elementor-heading-title elementor-size-default\">lagarbete<\/h1>\t\t\t\t<\/div>\n\t\t\t\t<\/div>\n\t\t\t\t<div class=\"elementor-element elementor-element-2d22bc4 animated-fast elementor-widget-divider--view-line elementor-invisible elementor-widget elementor-widget-divider\" data-id=\"2d22bc4\" data-element_type=\"widget\" data-e-type=\"widget\" data-settings=\"{&quot;_animation&quot;:&quot;bounceInLeft&quot;,&quot;_animation_delay&quot;:300}\" data-widget_type=\"divider.default\">\n\t\t\t\t<div class=\"elementor-widget-container\">\n\t\t\t\t\t\t\t<div class=\"elementor-divider\">\n\t\t\t<span class=\"elementor-divider-separator\">\n\t\t\t\t\t\t<\/span>\n\t\t<\/div>\n\t\t\t\t\t\t<\/div>\n\t\t\t\t<\/div>\n\t\t\t\t<section class=\"elementor-section elementor-inner-section elementor-element elementor-element-6db171a elementor-section-content-middle elementor-section-boxed elementor-section-height-default elementor-section-height-default\" data-id=\"6db171a\" data-element_type=\"section\" data-e-type=\"section\" data-settings=\"{&quot;background_background&quot;:&quot;classic&quot;}\">\n\t\t\t\t\t\t<div class=\"elementor-container elementor-column-gap-wide\">\n\t\t\t\t\t<div class=\"elementor-column elementor-col-50 elementor-inner-column elementor-element elementor-element-96f0cff\" data-id=\"96f0cff\" data-element_type=\"column\" data-e-type=\"column\">\n\t\t\t<div class=\"elementor-widget-wrap elementor-element-populated\">\n\t\t\t\t\t\t<div class=\"elementor-element elementor-element-a687555 elementor-widget__width-auto elementor-widget elementor-widget-heading\" data-id=\"a687555\" data-element_type=\"widget\" data-e-type=\"widget\" data-widget_type=\"heading.default\">\n\t\t\t\t<div class=\"elementor-widget-container\">\n\t\t\t\t\t<h3 class=\"elementor-heading-title elementor-size-default\">\u00c1ngel J. Mart\u00ednez<\/h3>\t\t\t\t<\/div>\n\t\t\t\t<\/div>\n\t\t\t\t<div class=\"elementor-element elementor-element-b3d42e1 elementor-widget elementor-widget-text-editor\" data-id=\"b3d42e1\" data-element_type=\"widget\" data-e-type=\"widget\" data-widget_type=\"text-editor.default\">\n\t\t\t\t<div class=\"elementor-widget-container\">\n\t\t\t\t\t\t\t\t\t<p>Fr\u00e5n en ung \u00e5lder avsl\u00f6jade jag min brinnande passion f\u00f6r sport, med en speciell k\u00e4rlek till racketsporter. Vid 18 \u00e5rs \u00e5lder gav jag mig ut p\u00e5 en tr\u00e4narresa inom de lokala klubbarna i min underbara hemstad, Mijas, samt Marbellas och Fuengirola i hj\u00e4rtat av La Costa del Sol, Spanien.<\/p><p>Allt eftersom \u00e5ren gick finslipade jag mina kunskaper f\u00f6r att coacha t\u00e4vlingsspelare och hade f\u00f6rm\u00e5nen att samarbeta med individer fr\u00e5n Skandinavien.<\/p><p>Idag \u00e4r jag stolt \u00f6ver att tillk\u00e4nnage ett nytt kapitel i mitt liv, och bjuda in alla att vara en del av v\u00e5ra sp\u00e4nnande padell\u00e4ger. Vi \u00e4r helhj\u00e4rtat engagerade i att skapa of\u00f6rgl\u00f6mliga upplevelser.<\/p><p>Om du har n\u00e5gra fr\u00e5gor om padel i Spanien, var s\u00e4ker, jag \u00e4r din go-to guy \ud83d\ude09.<\/p>\t\t\t\t\t\t\t\t<\/div>\n\t\t\t\t<\/div>\n\t\t\t\t<div class=\"elementor-element elementor-element-0613e75 elementor-widget__width-auto elementor-widget elementor-widget-text-editor\" data-id=\"0613e75\" data-element_type=\"widget\" data-e-type=\"widget\" data-widget_type=\"text-editor.default\">\n\t\t\t\t<div class=\"elementor-widget-container\">\n\t\t\t\t\t\t\t\t\t<p><a href=\"\/sv\/ring till: 34681680384\/\">+34 681 680 384<\/a><br \/><a href=\"mailto:angel@sportsclubtour.com\">info@sportsclubtour.com<\/a><\/p>\t\t\t\t\t\t\t\t<\/div>\n\t\t\t\t<\/div>\n\t\t\t\t\t<\/div>\n\t\t<\/div>\n\t\t\t\t<div class=\"elementor-column elementor-col-50 elementor-inner-column elementor-element elementor-element-530ca86\" data-id=\"530ca86\" data-element_type=\"column\" data-e-type=\"column\" data-settings=\"{&quot;background_background&quot;:&quot;classic&quot;}\">\n\t\t\t<div class=\"elementor-widget-wrap elementor-element-populated\">\n\t\t\t\t\t\t<div class=\"elementor-element elementor-element-486b73e elementor-widget elementor-widget-image\" data-id=\"486b73e\" data-element_type=\"widget\" data-e-type=\"widget\" data-widget_type=\"image.default\">\n\t\t\t\t<div class=\"elementor-widget-container\">\n\t\t\t\t\t\t\t\t\t\t\t\t\t\t\t<img fetchpriority=\"high\" decoding=\"async\" width=\"379\" height=\"603\" src=\"https:\/\/sportsclubtour.com\/wp-content\/uploads\/2022\/01\/Angel-Martinez-black-tshirt-379x603-1.png\" class=\"attachment-large size-large wp-image-11323\" alt=\"\" srcset=\"https:\/\/sportsclubtour.com\/wp-content\/uploads\/2022\/01\/Angel-Martinez-black-tshirt-379x603-1.png 379w, https:\/\/sportsclubtour.com\/wp-content\/uploads\/2022\/01\/Angel-Martinez-black-tshirt-379x603-1-189x300.png 189w\" sizes=\"(max-width: 379px) 100vw, 379px\" title=\"\">\t\t\t\t\t\t\t\t\t\t\t\t\t\t\t<\/div>\n\t\t\t\t<\/div>\n\t\t\t\t\t<\/div>\n\t\t<\/div>\n\t\t\t\t\t<\/div>\n\t\t<\/section>\n\t\t\t\t\t<\/div>\n\t\t<\/div>\n\t\t\t\t\t<\/div>\n\t\t<\/section>\n\t\t\t\t<\/div>","protected":false},"excerpt":{"rendered":"<p>About If you have landed to this website it is because you are one\u00a0of us, WELCOME!. It means that\u00a0you are probably looking for a\u00a0great padel experiences, we must to start saying that SportsClubTour.com it was born from the same pasion of padel as you have. Everything that you going to find in this website is [&hellip;]<\/p>\n","protected":false},"author":1,"featured_media":0,"parent":0,"menu_order":0,"comment_status":"closed","ping_status":"closed","template":"elementor_header_footer","meta":{"footnotes":""},"class_list":["post-2890","page","type-page","status-publish","hentry"],"_links":{"self":[{"href":"https:\/\/sportsclubtour.com\/sv\/wp-json\/wp\/v2\/pages\/2890","targetHints":{"allow":["GET"]}}],"collection":[{"href":"https:\/\/sportsclubtour.com\/sv\/wp-json\/wp\/v2\/pages"}],"about":[{"href":"https:\/\/sportsclubtour.com\/sv\/wp-json\/wp\/v2\/types\/page"}],"author":[{"embeddable":true,"href":"https:\/\/sportsclubtour.com\/sv\/wp-json\/wp\/v2\/users\/1"}],"replies":[{"embeddable":true,"href":"https:\/\/sportsclubtour.com\/sv\/wp-json\/wp\/v2\/comments?post=2890"}],"version-history":[{"count":0,"href":"https:\/\/sportsclubtour.com\/sv\/wp-json\/wp\/v2\/pages\/2890\/revisions"}],"wp:attachment":[{"href":"https:\/\/sportsclubtour.com\/sv\/wp-json\/wp\/v2\/media?parent=2890"}],"curies":[{"name":"wp","href":"https:\/\/api.w.org\/{rel}","templated":true}]}}