{"id":3592,"date":"2021-02-02T11:07:04","date_gmt":"2021-02-02T10:07:04","guid":{"rendered":"http:\/\/sportsclubtour.com\/?page_id=3592"},"modified":"2026-04-14T18:58:07","modified_gmt":"2026-04-14T16:58:07","slug":"sekretesspolicy","status":"publish","type":"page","link":"https:\/\/sportsclubtour.com\/sv\/sekretesspolicy\/","title":{"rendered":"Integritetspolicy"},"content":{"rendered":"<div data-elementor-type=\"wp-page\" data-elementor-id=\"3592\" class=\"elementor elementor-3592\" data-elementor-post-type=\"page\">\n\t\t\t\t\t\t<section class=\"elementor-section elementor-top-section elementor-element elementor-element-974e250 elementor-section-stretched elementor-section-boxed elementor-section-height-default elementor-section-height-default\" data-id=\"974e250\" data-element_type=\"section\" data-e-type=\"section\" data-settings=\"{&quot;stretch_section&quot;:&quot;section-stretched&quot;}\">\n\t\t\t\t\t\t<div class=\"elementor-container elementor-column-gap-default\">\n\t\t\t\t\t<div class=\"elementor-column elementor-col-100 elementor-top-column elementor-element elementor-element-cd58082\" data-id=\"cd58082\" data-element_type=\"column\" data-e-type=\"column\">\n\t\t\t<div class=\"elementor-widget-wrap elementor-element-populated\">\n\t\t\t\t\t\t<div class=\"elementor-element elementor-element-2a20368 elementor-widget elementor-widget-heading\" data-id=\"2a20368\" data-element_type=\"widget\" data-e-type=\"widget\" data-widget_type=\"heading.default\">\n\t\t\t\t<div class=\"elementor-widget-container\">\n\t\t\t\t\t<h2 class=\"elementor-heading-title elementor-size-default\">Integritetspolicy<\/h2>\t\t\t\t<\/div>\n\t\t\t\t<\/div>\n\t\t\t\t<div class=\"elementor-element elementor-element-f0cdaea elementor-widget elementor-widget-text-editor\" data-id=\"f0cdaea\" data-element_type=\"widget\" data-e-type=\"widget\" data-widget_type=\"text-editor.default\">\n\t\t\t\t<div class=\"elementor-widget-container\">\n\t\t\t\t\t\t\t\t\t<p data-start=\"259\" data-end=\"326\"><strong data-start=\"259\" data-end=\"295\">Padel Land SL (SportsClubTour)<\/strong><br data-start=\"295\" data-end=\"298\" \/><strong data-start=\"298\" data-end=\"326\">Senast uppdaterad: 2026-04-14<\/strong><\/p><hr data-start=\"328\" data-end=\"331\" \/><h2 data-section-id=\"1htd4ye\" data-start=\"333\" data-end=\"354\">1. PERSONUPPGIFTER<\/h2><p data-start=\"356\" data-end=\"464\">I enlighet med f\u00f6rordning (EU) 2016\/679 (GDPR) och organisk lag 3\/2018 (LOPDGDD) \u00e4r den personuppgiftsansvarige:<\/p><ul data-start=\"466\" data-end=\"677\"><li data-section-id=\"7u06om\" data-start=\"466\" data-end=\"503\"><strong data-start=\"468\" data-end=\"485\">F\u00f6retagsnamn:<\/strong> Padel Land SL.<\/li><li data-section-id=\"16dhs73\" data-start=\"504\" data-end=\"526\"><strong data-start=\"506\" data-end=\"514\">CIF:<\/strong> B27585835<\/li><li data-section-id=\"r1dkyp\" data-start=\"527\" data-end=\"607\"><strong data-start=\"529\" data-end=\"552\">Registrerad adress:<\/strong> Calle Jineta 28, casa 65, 29649 Mijas, M\u00e1laga, Spanien<\/li><li data-section-id=\"zuwn7m\" data-start=\"608\" data-end=\"646\"><strong data-start=\"610\" data-end=\"620\">E-post:<\/strong> <a class=\"decorated-link cursor-pointer\" rel=\"noopener\" data-start=\"621\" data-end=\"644\">info@sportsclubtour.com<\/a><\/li><li data-section-id=\"tm0r24\" data-start=\"647\" data-end=\"677\"><strong data-start=\"649\" data-end=\"659\">Telefon:<\/strong> +34 681 680 384<\/li><\/ul><hr data-start=\"679\" data-end=\"682\" \/><h2 data-section-id=\"b0f11\" data-start=\"684\" data-end=\"716\">2. \u00c4NDAM\u00c5L MED DATABEHANDLINGEN<\/h2><p data-start=\"718\" data-end=\"782\">Vi samlar in och behandlar personuppgifter f\u00f6r f\u00f6ljande \u00e4ndam\u00e5l:<\/p><ul data-start=\"784\" data-end=\"1076\"><li data-section-id=\"1onb5ha\" data-start=\"784\" data-end=\"830\">F\u00f6r att hantera bokningar och avtalade tj\u00e4nster<\/li><li data-section-id=\"1u0lu4w\" data-start=\"831\" data-end=\"889\">F\u00f6r att kommunicera med anv\u00e4ndare ang\u00e5ende deras bokningar<\/li><li data-section-id=\"1gpwiwd\" data-start=\"890\" data-end=\"946\">F\u00f6r att ge kundsupport och svara p\u00e5 f\u00f6rfr\u00e5gningar<\/li><li data-section-id=\"1el1tqf\" data-start=\"947\" data-end=\"1031\">F\u00f6r att skicka relevant information relaterad till v\u00e5ra tj\u00e4nster (om samtycke har l\u00e4mnats)<\/li><li data-section-id=\"1w2qwj5\" data-start=\"1032\" data-end=\"1076\">F\u00f6r att uppfylla juridiska och skattem\u00e4ssiga skyldigheter<\/li><\/ul><hr data-start=\"1078\" data-end=\"1081\" \/><h2 data-section-id=\"1i4gji9\" data-start=\"1083\" data-end=\"1115\">3. R\u00c4TTSLIG GRUND F\u00d6R BEHANDLING<\/h2><p data-start=\"1117\" data-end=\"1153\">Personuppgifter behandlas baserat p\u00e5:<\/p><ul data-start=\"1155\" data-end=\"1462\"><li data-section-id=\"omztvr\" data-start=\"1155\" data-end=\"1225\"><strong data-start=\"1157\" data-end=\"1183\">Avtalsenlig n\u00f6dv\u00e4ndighet:<\/strong> f\u00f6r att hantera bokningar och tillhandah\u00e5lla tj\u00e4nster<\/li><li data-section-id=\"1y7jl9v\" data-start=\"1226\" data-end=\"1300\"><strong data-start=\"1228\" data-end=\"1240\">Samtycke:<\/strong> f\u00f6r marknadskommunikation och valfri datainsamling<\/li><li data-section-id=\"1h4kvh0\" data-start=\"1301\" data-end=\"1382\"><strong data-start=\"1303\" data-end=\"1324\">R\u00e4ttslig skyldighet:<\/strong> efterlevnad av skatte-, redovisnings- och juridiska krav<\/li><li data-section-id=\"1bspfsd\" data-start=\"1383\" data-end=\"1462\"><strong data-start=\"1385\" data-end=\"1409\">Ber\u00e4ttigat intresse:<\/strong> f\u00f6r att f\u00f6rb\u00e4ttra tj\u00e4nsterna och s\u00e4kerst\u00e4lla aff\u00e4rsverksamheten<\/li><\/ul><hr data-start=\"1464\" data-end=\"1467\" \/><h2 data-section-id=\"7za2j3\" data-start=\"1469\" data-end=\"1503\">4. KATEGORIER AV INSAMLADE UPPGIFTER<\/h2><p data-start=\"1505\" data-end=\"1548\">Vi kan komma att samla in f\u00f6ljande personuppgifter:<\/p><ul data-start=\"1550\" data-end=\"1853\"><li data-section-id=\"11wjgeo\" data-start=\"1550\" data-end=\"1588\">Identifieringsuppgifter: namn, efternamn<\/li><li data-section-id=\"1ai6f0r\" data-start=\"1589\" data-end=\"1634\">Kontaktuppgifter: e-postadress, telefonnummer<\/li><li data-section-id=\"hnrwd7\" data-start=\"1635\" data-end=\"1709\">Bokningsinformation: boendepreferenser, sportniv\u00e5, l\u00e4gerinformation<\/li><li data-section-id=\"1bt13jk\" data-start=\"1710\" data-end=\"1776\">Faktureringsuppgifter: adress, skatteidentifikationsnummer (om det beh\u00f6vs)<\/li><li data-section-id=\"bufa1b\" data-start=\"1777\" data-end=\"1853\">Tekniska data: IP-adress, surfbeteende (via cookies, om de accepteras)<\/li><\/ul><hr data-start=\"1855\" data-end=\"1858\" \/><h2 data-section-id=\"q85s7j\" data-start=\"1860\" data-end=\"1897\">5. DATADELNING MED TREDJE PARTER<\/h2><p data-start=\"1899\" data-end=\"2011\">Personuppgifter kan komma att delas med tredje parter som \u00e4r absolut n\u00f6dv\u00e4ndiga f\u00f6r att tillhandah\u00e5lla de avtalade tj\u00e4nsterna, inklusive:<\/p><ul data-start=\"2013\" data-end=\"2177\"><li data-section-id=\"7oq5k2\" data-start=\"2013\" data-end=\"2040\">Boendeleverant\u00f6rer<\/li><li data-section-id=\"1l596sh\" data-start=\"2041\" data-end=\"2069\">Idrottsklubbar och tr\u00e4nare<\/li><li data-section-id=\"12y4y7t\" data-start=\"2070\" data-end=\"2093\">Transportleverant\u00f6rer<\/li><li data-section-id=\"16k2eo7\" data-start=\"2094\" data-end=\"2148\">Betalningsleverant\u00f6rer (t.ex. Revolut, Stripe, PayPal)<\/li><li data-section-id=\"8or2lo\" data-start=\"2149\" data-end=\"2177\">IT- och webbhotellleverant\u00f6rer<\/li><\/ul><p data-start=\"2179\" data-end=\"2290\">Dessa tredje parter \u00e4r avtalsenligt bundna att behandla uppgifter i enlighet med till\u00e4mpliga dataskyddslagar.<\/p><p data-start=\"2292\" data-end=\"2337\">Vi varken s\u00e4ljer, hyr ut eller handlar med personuppgifter.<\/p><hr data-start=\"2339\" data-end=\"2342\" \/><h2 data-section-id=\"171zxhr\" data-start=\"2344\" data-end=\"2378\">6. INTERNATIONELLA DATA\u00d6VERF\u00d6RINGAR<\/h2><p data-start=\"2380\" data-end=\"2571\">Vissa tj\u00e4nsteleverant\u00f6rer kan vara bel\u00e4gna utanf\u00f6r Europeiska ekonomiska samarbetsomr\u00e5det (EES). I s\u00e5dana fall till\u00e4mpas l\u00e4mpliga skydds\u00e5tg\u00e4rder i enlighet med GDPR (t.ex. standardavtalsklausuler).<\/p><hr data-start=\"2573\" data-end=\"2576\" \/><h2 data-section-id=\"65ut38\" data-start=\"2578\" data-end=\"2616\">7. WHATSAPP OCH KOMMUNIKATIONSVERKTYG<\/h2><p data-start=\"2618\" data-end=\"2775\">Deltagare kan inkluderas i WhatsApp-grupper eller liknande kommunikationsverktyg f\u00f6r att underl\u00e4tta samordning under l\u00e4gren (t.ex. scheman, uppdateringar, logistik).<\/p><p data-start=\"2777\" data-end=\"2839\">Genom att boka en tj\u00e4nst accepterar anv\u00e4ndare denna form av kommunikation.<\/p><hr data-start=\"2841\" data-end=\"2844\" \/><h2 data-section-id=\"etyrjr\" data-start=\"2846\" data-end=\"2866\">8. DATALAGRING<\/h2><p data-start=\"2868\" data-end=\"2903\">Personuppgifter kommer att lagras f\u00f6r:<\/p><ul data-start=\"2905\" data-end=\"3065\"><li data-section-id=\"t9jkp5\" data-start=\"2905\" data-end=\"2963\"><strong data-start=\"2907\" data-end=\"2919\">Kunder:<\/strong> upp till 6 \u00e5r (juridiska och skattem\u00e4ssiga skyldigheter)<\/li><li data-section-id=\"qfrk3y\" data-start=\"2964\" data-end=\"3014\"><strong data-start=\"2966\" data-end=\"2993\">Potentiella kunder och kontakter:<\/strong> upp till 12\u201324 m\u00e5nader<\/li><li data-section-id=\"1k0l9w4\" data-start=\"3015\" data-end=\"3065\"><strong data-start=\"3017\" data-end=\"3036\">Marknadsf\u00f6ringsdata:<\/strong> tills samtycket \u00e5terkallas<\/li><\/ul><p data-start=\"3067\" data-end=\"3117\">Uppgifter kan komma att sparas l\u00e4ngre d\u00e4r det kr\u00e4vs enligt lag.<\/p><hr data-start=\"3119\" data-end=\"3122\" \/><h2 data-section-id=\"rdtjtc\" data-start=\"3124\" data-end=\"3141\">9. ANV\u00c4NDARR\u00c4TTIGHETER<\/h2><p data-start=\"3143\" data-end=\"3167\">Anv\u00e4ndare har r\u00e4tt att:<\/p><ul data-start=\"3169\" data-end=\"3382\"><li data-section-id=\"5tqbq\" data-start=\"3169\" data-end=\"3199\">F\u00e5 tillg\u00e5ng till deras personuppgifter<\/li><li data-section-id=\"4biedl\" data-start=\"3200\" data-end=\"3244\">Beg\u00e4r r\u00e4ttelse av felaktiga uppgifter<\/li><li data-section-id=\"qkdk2x\" data-start=\"3245\" data-end=\"3291\">Beg\u00e4r radering (\u201cr\u00e4tten att bli bortgl\u00f6md\u201d)<\/li><li data-section-id=\"6c2noz\" data-start=\"3292\" data-end=\"3328\">Beg\u00e4r begr\u00e4nsning av behandling<\/li><li data-section-id=\"1h52t71\" data-start=\"3329\" data-end=\"3353\">Inv\u00e4nda mot behandling<\/li><li data-section-id=\"hacwqa\" data-start=\"3354\" data-end=\"3382\">Beg\u00e4r dataportabilitet<\/li><\/ul><p data-start=\"3384\" data-end=\"3483\">F\u00f6r att ut\u00f6va dessa r\u00e4ttigheter, kontakta: <strong data-start=\"3419\" data-end=\"3446\"><a class=\"decorated-link cursor-pointer\" rel=\"noopener\" data-start=\"3421\" data-end=\"3444\">info@sportsclubtour.com<\/a><\/strong><br data-start=\"3446\" data-end=\"3449\" \/>\u00c4mne: <em data-start=\"3458\" data-end=\"3483\">Beg\u00e4ran om dataskydd<\/em><\/p><p data-start=\"3485\" data-end=\"3604\">Anv\u00e4ndare har ocks\u00e5 r\u00e4tt att l\u00e4mna in ett klagom\u00e5l till den spanska dataskyddsmyndigheten (AEPD):<br data-start=\"3582\" data-end=\"3585\" \/><a class=\"decorated-link\" href=\"https:\/\/www.aepd.es\" target=\"_new\" rel=\"noopener nofollow\" data-start=\"3585\" data-end=\"3604\">https:\/\/www.aepd.es<\/a><\/p><hr data-start=\"3606\" data-end=\"3609\" \/><h2 data-section-id=\"1w1x624\" data-start=\"3611\" data-end=\"3631\">10. DATAS\u00c4KERHET<\/h2><p data-start=\"3633\" data-end=\"3770\">Vi implementerar l\u00e4mpliga tekniska och organisatoriska \u00e5tg\u00e4rder f\u00f6r att skydda personuppgifter mot obeh\u00f6rig \u00e5tkomst, f\u00f6rlust eller \u00e4ndring.<\/p><p data-start=\"3772\" data-end=\"3856\">Inget system \u00e4r dock helt s\u00e4kert, och absolut s\u00e4kerhet kan inte garanteras.<\/p><hr data-start=\"3858\" data-end=\"3861\" \/><h2 data-section-id=\"rzxa1o\" data-start=\"3863\" data-end=\"3877\">11. KAKOR<\/h2><p data-start=\"3879\" data-end=\"3983\">Denna webbplats anv\u00e4nder cookies och liknande tekniker f\u00f6r att f\u00f6rb\u00e4ttra anv\u00e4ndarupplevelsen och analysera webbplatsanv\u00e4ndningen.<\/p><p data-start=\"3985\" data-end=\"4067\">Anv\u00e4ndare kan hantera eller avvisa cookies via cookiebannern och webbl\u00e4sarinst\u00e4llningar.<\/p><p data-start=\"4069\" data-end=\"4125\">F\u00f6r mer information, v\u00e4nligen se v\u00e5r cookiepolicy.<\/p><hr data-start=\"4127\" data-end=\"4130\" \/><h2 data-section-id=\"jra46e\" data-start=\"4132\" data-end=\"4159\">12. TJ\u00c4NSTER FR\u00c5N TREDJE PARTER<\/h2><p data-start=\"4161\" data-end=\"4230\">Vi anv\u00e4nder tredjepartsleverant\u00f6rer som \u00e4r n\u00f6dv\u00e4ndiga f\u00f6r v\u00e5r verksamhet, inklusive:<\/p><ul data-start=\"4232\" data-end=\"4417\"><li data-section-id=\"1ukawcl\" data-start=\"4232\" data-end=\"4254\">Webbhotell: Hostinger<\/li><li data-section-id=\"efaewv\" data-start=\"4255\" data-end=\"4286\">Webbplatsplattform: WordPress<\/li><li data-section-id=\"1njo4bv\" data-start=\"4287\" data-end=\"4338\">E-postmarknadsf\u00f6ring: EasyMailing (eller liknande verktyg)<\/li><li data-section-id=\"1whyzaz\" data-start=\"4339\" data-end=\"4370\">Analys: Google Analytics<\/li><li data-section-id=\"1cq1a11\" data-start=\"4371\" data-end=\"4417\">Betalningsleverant\u00f6rer: Revolut, Stripe, PayPal<\/li><\/ul><p data-start=\"4419\" data-end=\"4494\">Dessa leverant\u00f6rer kan komma att behandla personuppgifter enligt sina egna integritetspolicyer.<\/p><hr data-start=\"4496\" data-end=\"4499\" \/><h2 data-section-id=\"4bxu3\" data-start=\"4501\" data-end=\"4522\">13. POLICYUPPDATERINGAR<\/h2><p data-start=\"4524\" data-end=\"4627\">Vi f\u00f6rbeh\u00e5ller oss r\u00e4tten att \u00e4ndra denna integritetspolicy n\u00e4r som helst f\u00f6r att \u00e5terspegla juridiska eller operativa f\u00f6r\u00e4ndringar.<\/p><p data-start=\"4629\" data-end=\"4690\">Uppdateringar kommer att publiceras p\u00e5 den h\u00e4r sidan med det uppdaterade datumet.<\/p><hr data-start=\"4692\" data-end=\"4695\" \/><h2 data-section-id=\"18bxjda\" data-start=\"4697\" data-end=\"4711\">14. KONTAKT<\/h2><p data-start=\"4713\" data-end=\"4780\">F\u00f6r eventuella fr\u00e5gor g\u00e4llande denna integritetspolicy eller databehandling:<\/p><p data-start=\"4782\" data-end=\"4831\">\ud83d\udce7 <a class=\"decorated-link cursor-pointer\" rel=\"noopener\" data-start=\"4785\" data-end=\"4808\">info@sportsclubtour.com<\/a><br data-start=\"4808\" data-end=\"4811\" \/>\ud83d\udcde +34 681 680 384<\/p>\t\t\t\t\t\t\t\t<\/div>\n\t\t\t\t<\/div>\n\t\t\t\t\t<\/div>\n\t\t<\/div>\n\t\t\t\t\t<\/div>\n\t\t<\/section>\n\t\t\t\t<\/div>","protected":false},"excerpt":{"rendered":"<p>Padel Land S.L. (SportsClubTour)Last updated: 14\/04\/2026 1. DATA CONTROLLER In accordance with Regulation (EU) 2016\/679 (GDPR) and Organic Law 3\/2018 (LOPDGDD), the data controller is: Company name: Padel Land S.L. CIF: B27585835 Registered address: Calle Jineta 28, casa 65, 29649 Mijas, M\u00e1laga, Spain Email: info@sportsclubtour.com Phone: +34 681 680 384 2. PURPOSE OF DATA PROCESSING [&hellip;]<\/p>\n","protected":false},"author":1,"featured_media":0,"parent":0,"menu_order":0,"comment_status":"closed","ping_status":"closed","template":"elementor_header_footer","meta":{"footnotes":""},"class_list":["post-3592","page","type-page","status-publish","hentry"],"_links":{"self":[{"href":"https:\/\/sportsclubtour.com\/sv\/wp-json\/wp\/v2\/pages\/3592","targetHints":{"allow":["GET"]}}],"collection":[{"href":"https:\/\/sportsclubtour.com\/sv\/wp-json\/wp\/v2\/pages"}],"about":[{"href":"https:\/\/sportsclubtour.com\/sv\/wp-json\/wp\/v2\/types\/page"}],"author":[{"embeddable":true,"href":"https:\/\/sportsclubtour.com\/sv\/wp-json\/wp\/v2\/users\/1"}],"replies":[{"embeddable":true,"href":"https:\/\/sportsclubtour.com\/sv\/wp-json\/wp\/v2\/comments?post=3592"}],"version-history":[{"count":21,"href":"https:\/\/sportsclubtour.com\/sv\/wp-json\/wp\/v2\/pages\/3592\/revisions"}],"predecessor-version":[{"id":20000,"href":"https:\/\/sportsclubtour.com\/sv\/wp-json\/wp\/v2\/pages\/3592\/revisions\/20000"}],"wp:attachment":[{"href":"https:\/\/sportsclubtour.com\/sv\/wp-json\/wp\/v2\/media?parent=3592"}],"curies":[{"name":"wp","href":"https:\/\/api.w.org\/{rel}","templated":true}]}}