{"id":3607,"date":"2021-02-02T11:26:46","date_gmt":"2021-02-02T10:26:46","guid":{"rendered":"http:\/\/sportsclubtour.com\/?page_id=3607"},"modified":"2025-08-06T21:09:18","modified_gmt":"2025-08-06T19:09:18","slug":"avboknings-och-reduktionspolicy","status":"publish","type":"page","link":"https:\/\/sportsclubtour.com\/sv\/avboknings-och-reduktionspolicy\/","title":{"rendered":"Avbest\u00e4llnings- och reduktionspolicy"},"content":{"rendered":"<div data-elementor-type=\"wp-page\" data-elementor-id=\"3607\" class=\"elementor elementor-3607\" data-elementor-post-type=\"page\">\n\t\t\t\t\t\t<section class=\"elementor-section elementor-top-section elementor-element elementor-element-dba096f elementor-section-boxed elementor-section-height-default elementor-section-height-default\" data-id=\"dba096f\" data-element_type=\"section\" data-e-type=\"section\">\n\t\t\t\t\t\t<div class=\"elementor-container elementor-column-gap-default\">\n\t\t\t\t\t<div class=\"elementor-column elementor-col-100 elementor-top-column elementor-element elementor-element-1537ab2\" data-id=\"1537ab2\" data-element_type=\"column\" data-e-type=\"column\">\n\t\t\t<div class=\"elementor-widget-wrap elementor-element-populated\">\n\t\t\t\t\t\t<div class=\"elementor-element elementor-element-0ead505 elementor-widget elementor-widget-heading\" data-id=\"0ead505\" data-element_type=\"widget\" data-e-type=\"widget\" data-widget_type=\"heading.default\">\n\t\t\t\t<div class=\"elementor-widget-container\">\n\t\t\t\t\t<h1 class=\"elementor-heading-title elementor-size-default\">Avbest\u00e4llnings- och reduktionspolicy<\/h1>\t\t\t\t<\/div>\n\t\t\t\t<\/div>\n\t\t\t\t<div class=\"elementor-element elementor-element-1b0ba38 elementor-hidden-desktop elementor-hidden-tablet elementor-hidden-phone elementor-widget elementor-widget-heading\" data-id=\"1b0ba38\" data-element_type=\"widget\" data-e-type=\"widget\" data-widget_type=\"heading.default\">\n\t\t\t\t<div class=\"elementor-widget-container\">\n\t\t\t\t\t<h2 class=\"elementor-heading-title elementor-size-default\">s\u00e4rskilda \u00e5tg\u00e4rder f\u00f6r avbokning och minskning av covid-19<\/h2>\t\t\t\t<\/div>\n\t\t\t\t<\/div>\n\t\t\t\t<div class=\"elementor-element elementor-element-f8c2c91 elementor-hidden-desktop elementor-hidden-tablet elementor-hidden-phone elementor-widget elementor-widget-text-editor\" data-id=\"f8c2c91\" data-element_type=\"widget\" data-e-type=\"widget\" data-widget_type=\"text-editor.default\">\n\t\t\t\t<div class=\"elementor-widget-container\">\n\t\t\t\t\t\t\t\t\t<div class=\"elementor-element elementor-element-2a5f8ce elementor-widget elementor-widget-text-editor\" data-id=\"2a5f8ce\" data-element_type=\"widget\" data-widget_type=\"text-editor.default\"><div class=\"elementor-widget-container\"><div class=\"elementor-text-editor elementor-clearfix\"><p>21\/05\/2019<\/p><\/div><\/div><\/div><div class=\"elementor-element elementor-element-24476f6 elementor-widget elementor-widget-text-editor\" data-id=\"24476f6\" data-element_type=\"widget\" data-widget_type=\"text-editor.default\"><div class=\"elementor-widget-container\"><div class=\"elementor-text-editor elementor-clearfix\"><p>Den 11 mars f\u00f6rklarade V\u00e4rldsh\u00e4lsoorganisationen (OMS) utbrottet av coronaviruset som en global pandemi. Sedan dess har det utvecklats snabbt och regeringar runt om i v\u00e4rlden har flitigt vidtagit \u00e5tg\u00e4rder f\u00f6r att bromsa spridningen.<br \/>Medan larmtillst\u00e5ndet f\u00f6r covid-19 \u00e4r aktivt i Spanien erbjuder vi v\u00e5ra kunder en avboknings- och reduktionspolicy enligt de nya behoven, som kommer att vara:<\/p><p>1. Betalningspolicyn och bokningar kommer inte att p\u00e5verkas av de nya \u00e5tg\u00e4rderna f\u00f6r SportsClubTour av COVID-19.<br \/>2. Regler f\u00f6r avbokningar och rabatter:<br \/>Avbokningen och rabatterna kommer att vara helt fria fr\u00e5n p\u00e5f\u00f6ljder som beskrivs nedan upp till 7 dagar fr\u00e5n starten av de avtalade tj\u00e4nsterna och aktiviteterna.<br \/>3. De avtalade tj\u00e4nsterna som SportsClubTour inte kan tillhandah\u00e5lla p\u00e5 grund av besv\u00e4r med covid-19 kommer att returnera hela v\u00e4rdet av de tj\u00e4nster som inte tillhandah\u00e5lls.<\/p><p>4. Utgifterna som klienten \u00e5drar sig, s\u00e5som best\u00e4llning av sportutrustning, oavsett om de \u00e4r personliga eller inte p\u00e5 grund av de avtalade tj\u00e4nsterna, kommer att ackumuleras ut\u00f6ver de procentsatser som beskrivs ovan i sin helhet.<\/p><p>Vi f\u00f6rst\u00e5r de olika orsakerna som alla deltagare kan g\u00e5 igenom i denna sv\u00e5ra tid med COVID-19 och vi erbjuder en tj\u00e4nst enligt s\u00e5dana behov, garanterar en kvalitetstj\u00e4nst och \u00e4r \u00f6ppna f\u00f6r ov\u00e4ntade f\u00f6r\u00e4ndringar som vi alla uts\u00e4tts f\u00f6r.<\/p><\/div><\/div><\/div>\t\t\t\t\t\t\t\t<\/div>\n\t\t\t\t<\/div>\n\t\t\t\t<div class=\"elementor-element elementor-element-bac76f2 elementor-widget elementor-widget-heading\" data-id=\"bac76f2\" data-element_type=\"widget\" data-e-type=\"widget\" data-widget_type=\"heading.default\">\n\t\t\t\t<div class=\"elementor-widget-container\">\n\t\t\t\t\t<h2 class=\"elementor-heading-title elementor-size-default\">1. avbokningar<\/h2>\t\t\t\t<\/div>\n\t\t\t\t<\/div>\n\t\t\t\t<div class=\"elementor-element elementor-element-b52dce9 elementor-widget elementor-widget-text-editor\" data-id=\"b52dce9\" data-element_type=\"widget\" data-e-type=\"widget\" data-widget_type=\"text-editor.default\">\n\t\t\t\t<div class=\"elementor-widget-container\">\n\t\t\t\t\t\t\t\t\t<div class=\"elementor-element elementor-element-2a5f8ce elementor-widget elementor-widget-text-editor\" data-id=\"2a5f8ce\" data-element_type=\"widget\" data-widget_type=\"text-editor.default\">\n<div class=\"elementor-widget-container\">\n<div class=\"elementor-text-editor elementor-clearfix\">\n<p>\u2013 Om avbokningen sker f\u00f6re 90 dagar innan tj\u00e4nsten tillhandah\u00e5lls tillkommer ingen sanktionsavgift.<br>\u2013 Mellan 90 och 60 dagar f\u00f6re ankomst tillkommer en avgift p\u00e5 25% av det totala antalet inst\u00e4llda tj\u00e4nster.<br>\u2013 Mellan 60 och 30 dagar f\u00f6re ankomst tillkommer en avgift p\u00e5 50% av det totala antalet inst\u00e4llda tj\u00e4nster.<br>\u2013 Mellan 30 och 0 dagar kommer det att finnas en avgift p\u00e5 100 % f\u00f6r totala inst\u00e4llda tj\u00e4nster.<\/p>\n<p>Alla kostnader som orsakas av kundens avbokning av tj\u00e4nsten f\u00f6r vilka \u00e5terbetalning inte \u00e4r m\u00f6jlig kommer att b\u00e4ras av kunden, som kommer att st\u00e5 f\u00f6r kostnaden 100%, oavsett tidsintervall som f\u00f6rflutit.<\/p>\n<\/div>\n<\/div>\n<\/div>\t\t\t\t\t\t\t\t<\/div>\n\t\t\t\t<\/div>\n\t\t\t\t<div class=\"elementor-element elementor-element-256c14f elementor-widget elementor-widget-heading\" data-id=\"256c14f\" data-element_type=\"widget\" data-e-type=\"widget\" data-widget_type=\"heading.default\">\n\t\t\t\t<div class=\"elementor-widget-container\">\n\t\t\t\t\t<h2 class=\"elementor-heading-title elementor-size-default\">2. Minskningar<\/h2>\t\t\t\t<\/div>\n\t\t\t\t<\/div>\n\t\t\t\t<div class=\"elementor-element elementor-element-c8b8c35 elementor-widget elementor-widget-text-editor\" data-id=\"c8b8c35\" data-element_type=\"widget\" data-e-type=\"widget\" data-widget_type=\"text-editor.default\">\n\t\t\t\t<div class=\"elementor-widget-container\">\n\t\t\t\t\t\t\t\t\t<div class=\"elementor-element elementor-element-2a5f8ce elementor-widget elementor-widget-text-editor\" data-id=\"2a5f8ce\" data-element_type=\"widget\" data-widget_type=\"text-editor.default\"><div class=\"elementor-widget-container\"><div class=\"elementor-text-editor elementor-clearfix\"><div class=\"elementor-element elementor-element-2bd9cf5 elementor-widget elementor-widget-text-editor\" data-id=\"2bd9cf5\" data-element_type=\"widget\" data-widget_type=\"text-editor.default\"><div class=\"elementor-widget-container\"><div class=\"elementor-text-editor elementor-clearfix\"><p>\u2013 Om kunden beg\u00e4r minskning av tj\u00e4nsterna 90 och 60 dagar f\u00f6re ankomst, minskning upp till 20% av de totala tj\u00e4nsterna och bokningarna utan p\u00e5f\u00f6ljd. Varje h\u00f6gre procentandel kommer att betraktas som &quot;avbokning&quot; och kommer att debiteras i enlighet med den angivna tabellen.<br \/>\u2013 Mellan 60 och 30 dagar f\u00f6re tillhandah\u00e5llandet av de avtalade tj\u00e4nsterna, minskning upp till 10% av totala tj\u00e4nster och bokningar utan p\u00e5f\u00f6ljd. Varje h\u00f6gre procentandel kommer att betraktas som &quot;avbokning&quot; och kommer att debiteras i enlighet med detta.<br \/>\u2013 Mellan 30 och 0 dagar f\u00f6re tillhandah\u00e5llandet av de avtalade tj\u00e4nsterna och bokningarna kommer varje avbokning att betraktas som avbokning och kommer att debiteras i sin helhet inklusive alla reserverade tj\u00e4nster.<\/p><\/div><\/div><\/div><div class=\"elementor-element elementor-element-5743cdc elementor-widget elementor-widget-text-editor\" data-id=\"5743cdc\" data-element_type=\"widget\" data-widget_type=\"text-editor.default\"><div class=\"elementor-widget-container\"><div class=\"elementor-text-editor elementor-clearfix\"><p>* Alla tj\u00e4nster som avtalats med SportsClubTour.com kommer att vara i enlighet med denna policy f\u00f6r avbokningar och rabatter, denna policy kommer endast att uteslutas med de \u00f6verenskommelser som tidigare gjorts skriftligen mellan b\u00e5da parter.<\/p><\/div><\/div><\/div><\/div><\/div><\/div>\t\t\t\t\t\t\t\t<\/div>\n\t\t\t\t<\/div>\n\t\t\t\t\t<\/div>\n\t\t<\/div>\n\t\t\t\t\t<\/div>\n\t\t<\/section>\n\t\t\t\t<\/div>","protected":false},"excerpt":{"rendered":"<p>special measures COVID-19 cancellation and reduction policy 21\/05\/2019 On March 11, the World Health Organization (OMS) declared the outbreak of the coronavirus a global pandemic. Since then, it has evolved rapidly and governments around the world have diligently taken steps to curb its spread.While the state of alarm for COVID-19 is active in Spain, we [&hellip;]<\/p>\n","protected":false},"author":1,"featured_media":0,"parent":0,"menu_order":0,"comment_status":"closed","ping_status":"closed","template":"elementor_header_footer","meta":{"footnotes":""},"class_list":["post-3607","page","type-page","status-publish","hentry"],"_links":{"self":[{"href":"https:\/\/sportsclubtour.com\/sv\/wp-json\/wp\/v2\/pages\/3607","targetHints":{"allow":["GET"]}}],"collection":[{"href":"https:\/\/sportsclubtour.com\/sv\/wp-json\/wp\/v2\/pages"}],"about":[{"href":"https:\/\/sportsclubtour.com\/sv\/wp-json\/wp\/v2\/types\/page"}],"author":[{"embeddable":true,"href":"https:\/\/sportsclubtour.com\/sv\/wp-json\/wp\/v2\/users\/1"}],"replies":[{"embeddable":true,"href":"https:\/\/sportsclubtour.com\/sv\/wp-json\/wp\/v2\/comments?post=3607"}],"version-history":[{"count":17,"href":"https:\/\/sportsclubtour.com\/sv\/wp-json\/wp\/v2\/pages\/3607\/revisions"}],"predecessor-version":[{"id":19120,"href":"https:\/\/sportsclubtour.com\/sv\/wp-json\/wp\/v2\/pages\/3607\/revisions\/19120"}],"wp:attachment":[{"href":"https:\/\/sportsclubtour.com\/sv\/wp-json\/wp\/v2\/media?parent=3607"}],"curies":[{"name":"wp","href":"https:\/\/api.w.org\/{rel}","templated":true}]}}