{"id":3616,"date":"2021-02-02T11:34:48","date_gmt":"2021-02-02T10:34:48","guid":{"rendered":"http:\/\/sportsclubtour.com\/?page_id=3616"},"modified":"2025-09-09T15:45:19","modified_gmt":"2025-09-09T13:45:19","slug":"cookies-policy","status":"publish","type":"page","link":"https:\/\/sportsclubtour.com\/sv\/cookies-policy\/","title":{"rendered":"Cookies policy"},"content":{"rendered":"<div data-elementor-type=\"wp-page\" data-elementor-id=\"3616\" class=\"elementor elementor-3616\" data-elementor-post-type=\"page\">\n\t\t\t\t\t\t<section class=\"elementor-section elementor-top-section elementor-element elementor-element-f9eed9f elementor-section-boxed elementor-section-height-default elementor-section-height-default\" data-id=\"f9eed9f\" data-element_type=\"section\" data-e-type=\"section\">\n\t\t\t\t\t\t<div class=\"elementor-container elementor-column-gap-default\">\n\t\t\t\t\t<div class=\"elementor-column elementor-col-100 elementor-top-column elementor-element elementor-element-8bfc7a9\" data-id=\"8bfc7a9\" data-element_type=\"column\" data-e-type=\"column\">\n\t\t\t<div class=\"elementor-widget-wrap elementor-element-populated\">\n\t\t\t\t\t\t<div class=\"elementor-element elementor-element-40d1c98 elementor-widget elementor-widget-heading\" data-id=\"40d1c98\" data-element_type=\"widget\" data-e-type=\"widget\" data-widget_type=\"heading.default\">\n\t\t\t\t<div class=\"elementor-widget-container\">\n\t\t\t\t\t<h2 class=\"elementor-heading-title elementor-size-default\">Cookies policy<\/h2>\t\t\t\t<\/div>\n\t\t\t\t<\/div>\n\t\t\t\t<div class=\"elementor-element elementor-element-cf4b1fb elementor-widget elementor-widget-text-editor\" data-id=\"cf4b1fb\" data-element_type=\"widget\" data-e-type=\"widget\" data-widget_type=\"text-editor.default\">\n\t\t\t\t<div class=\"elementor-widget-container\">\n\t\t\t\t\t\t\t\t\t<p>Cookie \u00e4r en fil som laddas ner till din dator n\u00e4r du g\u00e5r in p\u00e5 vissa webbsidor. Cookies till\u00e5ter bland annat en webbplats att lagra och h\u00e4mta information om surfvanor hos en anv\u00e4ndare eller hans eller hennes dator och kan, beroende p\u00e5 vilken information de inneh\u00e5ller och hur de anv\u00e4nder sin utrustning, anv\u00e4ndas f\u00f6r att k\u00e4nna igen anv\u00e4ndaren.<\/p><p>Anv\u00e4ndarens webbl\u00e4sare memorerar cookies p\u00e5 h\u00e5rddisken endast under den aktuella sessionen och upptar ett minimalt minnesutrymme och skadar inte datorn. Cookies inneh\u00e5ller ingen specifik personlig information, och de flesta av dem raderas fr\u00e5n h\u00e5rddisken i slutet av webbl\u00e4sarsessionen (s\u00e5 kallade sessionscookies).<\/p><p>De flesta webbl\u00e4sare accepterar cookies som standard och, oavsett cookies, till\u00e5ter eller f\u00f6rhindrar tillf\u00e4lliga eller memorerade cookies i s\u00e4kerhetsinst\u00e4llningarna.<\/p><p>Utan ditt uttryckliga samtycke \u2013 genom aktivering av cookies i din webbl\u00e4sare \u2013 kommer sportsclubtour.com inte att l\u00e4nka i cookies lagrade data med dina personuppgifter som l\u00e4mnats vid tidpunkten f\u00f6r registrering eller k\u00f6p.<\/p><p>Vilka typer av cookies anv\u00e4nder den h\u00e4r webbplatsen?<\/p><p>Tekniska cookies: Dessa \u00e4r de som g\u00f6r det m\u00f6jligt f\u00f6r anv\u00e4ndaren att navigera genom en webbsida, plattform eller applikation och anv\u00e4nda de olika alternativen eller tj\u00e4nsterna som finns i den, s\u00e5som att kontrollera trafik och kommunikation av data, identifiera sessionen, begr\u00e4nsa \u00e5tkomsten komma \u00e5t delar, komma ih\u00e5g de element som integrerar en best\u00e4llning, genomf\u00f6ra processen f\u00f6r att k\u00f6pa en best\u00e4llning, g\u00f6ra en ans\u00f6kan om registrering eller deltagande i ett evenemang, anv\u00e4nda s\u00e4kerhetsfunktioner under navigering, lagra inneh\u00e5ll f\u00f6r spridning av videor eller ljud eller dela inneh\u00e5ll via sociala medier n\u00e4tverk.<\/p><p>Personaliseringscookies: Det h\u00e4r \u00e4r de som till\u00e5ter anv\u00e4ndaren att f\u00e5 tillg\u00e5ng till tj\u00e4nsten med n\u00e5gra f\u00f6rdefinierade allm\u00e4nna egenskaper baserade p\u00e5 en serie kriterier i anv\u00e4ndarens terminal, s\u00e5som spr\u00e5ket, vilken typ av webbl\u00e4sare som f\u00e5r \u00e5tkomst till tj\u00e4nsten, de regionala inst\u00e4llningarna varifr\u00e5n du kommer \u00e5t tj\u00e4nsten osv.<\/p><p>Analyscookies: Dessa \u00e4r de som behandlas v\u00e4l av oss eller av tredje part, som till\u00e5ter oss att kvantifiera antalet anv\u00e4ndare och p\u00e5 s\u00e5 s\u00e4tt utf\u00f6ra den statistiska m\u00e4tningen och analysen av den anv\u00e4ndning som anv\u00e4ndarna g\u00f6r av den erbjudna tj\u00e4nsten. F\u00f6r detta analyserar vi din navigering p\u00e5 v\u00e5r webbplats f\u00f6r att f\u00f6rb\u00e4ttra utbudet av produkter eller tj\u00e4nster som vi erbjuder.<\/p><p>Annonscookies: Dessa \u00e4r s\u00e5dana som, v\u00e4l behandlade av oss eller av tredje part, till\u00e5ter oss att p\u00e5 det mest effektiva s\u00e4ttet hantera erbjudandet om annonsutrymme p\u00e5 webbplatsen, anpassa inneh\u00e5llet i annonsen till inneh\u00e5llet i den beg\u00e4rda tj\u00e4nsten eller anv\u00e4ndningen som du g\u00f6r fr\u00e5n v\u00e5r hemsida. F\u00f6r detta kan vi analysera dina surfvanor p\u00e5 Internet och vi kan visa dig reklam relaterad till din surfprofil.<\/p><p>Beteendereklamcookies: Dessa \u00e4r de som till\u00e5ter hantering, p\u00e5 ett s\u00e5 effektivt s\u00e4tt som m\u00f6jligt, av de annonsplatser som utgivaren har inkluderat i en webbsida, applikation eller plattform fr\u00e5n vilken han\/hon tillhandah\u00e5ller den efterfr\u00e5gade tj\u00e4nsten. Dessa cookies lagrar information om anv\u00e4ndarnas beteende som erh\u00e5llits genom kontinuerlig observation av deras surfvanor, vilket g\u00f6r det m\u00f6jligt att utveckla en specifik profil f\u00f6r att visa reklam i funktion av samma.<\/p><p>Tredjepartscookies: Sportsclubtour.coms webb kan anv\u00e4nda tredjepartstj\u00e4nster som, p\u00e5 uppdrag av Google, samlar in information f\u00f6r statistiska \u00e4ndam\u00e5l, anv\u00e4ndarens anv\u00e4ndning av webbplatsen och f\u00f6r tillhandah\u00e5llande av andra tj\u00e4nster relaterade till webbplatsens aktivitet och andra Internettj\u00e4nster.<\/p><p>I synnerhet anv\u00e4nder denna webbplats Google Analytics, en webbanalystj\u00e4nst som tillhandah\u00e5lls av Google, Inc. med hemvist i USA med huvudkontor p\u00e5 1600 Amphitheatre Parkway, Mountain View, Kalifornien 94043. F\u00f6r tillhandah\u00e5llandet av dessa tj\u00e4nster, cookies som samlar in informationen, inklusive anv\u00e4ndarens IP-adress, som kommer att \u00f6verf\u00f6ras, bearbetas och lagras av Google i de villkor som anges p\u00e5 webben Google.com. Inklusive eventuell \u00f6verf\u00f6ring av s\u00e5dan information till tredje part av juridiska sk\u00e4l eller n\u00e4r n\u00e4mnda tredje part behandlar informationen f\u00f6r Google-kontot.<\/p><p>Anv\u00e4ndaren accepterar uttryckligen, f\u00f6r anv\u00e4ndningen av denna webbplats, behandlingen av den information som samlas in i formul\u00e4ret och f\u00f6r ovann\u00e4mnda syften. Du bekr\u00e4ftar ocks\u00e5 m\u00f6jligheten att v\u00e4gra att behandla s\u00e5dan data eller information genom att v\u00e4gra anv\u00e4nda cookies genom att v\u00e4lja l\u00e4mpliga inst\u00e4llningar f\u00f6r detta \u00e4ndam\u00e5l i din webbl\u00e4sare. \u00c4ven om det h\u00e4r alternativet att blockera cookies i din webbl\u00e4sare kanske inte till\u00e5ter full anv\u00e4ndning av alla funktioner p\u00e5 webbplatsen.<\/p><p>Du kan till\u00e5ta, blockera eller ta bort cookies installerade p\u00e5 din dator genom att konfigurera webbl\u00e4saralternativen som \u00e4r installerade p\u00e5 din dator:<\/p><p>Krom<\/p><p>Utforskare<\/p><p>Firefox<\/p><p>Safari<\/p><p>Om du har fr\u00e5gor om denna cookiepolicy kan du kontakta sportsclubtour.com p\u00e5 info@sportsclubtour.com.<\/p>\t\t\t\t\t\t\t\t<\/div>\n\t\t\t\t<\/div>\n\t\t\t\t<div class=\"elementor-element elementor-element-fc700f2 elementor-widget elementor-widget-html\" data-id=\"fc700f2\" data-element_type=\"widget\" data-e-type=\"widget\" data-widget_type=\"html.default\">\n\t\t\t\t<div class=\"elementor-widget-container\">\n\t\t\t\t\t<div class= \"cky-audit-table-element\"><\/div>\t\t\t\t<\/div>\n\t\t\t\t<\/div>\n\t\t\t\t\t<\/div>\n\t\t<\/div>\n\t\t\t\t\t<\/div>\n\t\t<\/section>\n\t\t\t\t<\/div>","protected":false},"excerpt":{"rendered":"<p>Cookie is a file that is downloaded to your computer when you access certain web pages. Cookies allow a website, among other things, to store and retrieve information about the browsing habits of a user or his or her computer and, depending on the information they contain and how they use their equipment, can be [&hellip;]<\/p>\n","protected":false},"author":1,"featured_media":0,"parent":0,"menu_order":0,"comment_status":"closed","ping_status":"closed","template":"elementor_header_footer","meta":{"footnotes":""},"class_list":["post-3616","page","type-page","status-publish","hentry"],"_links":{"self":[{"href":"https:\/\/sportsclubtour.com\/sv\/wp-json\/wp\/v2\/pages\/3616","targetHints":{"allow":["GET"]}}],"collection":[{"href":"https:\/\/sportsclubtour.com\/sv\/wp-json\/wp\/v2\/pages"}],"about":[{"href":"https:\/\/sportsclubtour.com\/sv\/wp-json\/wp\/v2\/types\/page"}],"author":[{"embeddable":true,"href":"https:\/\/sportsclubtour.com\/sv\/wp-json\/wp\/v2\/users\/1"}],"replies":[{"embeddable":true,"href":"https:\/\/sportsclubtour.com\/sv\/wp-json\/wp\/v2\/comments?post=3616"}],"version-history":[{"count":6,"href":"https:\/\/sportsclubtour.com\/sv\/wp-json\/wp\/v2\/pages\/3616\/revisions"}],"predecessor-version":[{"id":19382,"href":"https:\/\/sportsclubtour.com\/sv\/wp-json\/wp\/v2\/pages\/3616\/revisions\/19382"}],"wp:attachment":[{"href":"https:\/\/sportsclubtour.com\/sv\/wp-json\/wp\/v2\/media?parent=3616"}],"curies":[{"name":"wp","href":"https:\/\/api.w.org\/{rel}","templated":true}]}}